{"id":112153,"date":"2025-12-28T00:00:00","date_gmt":"2025-12-27T23:00:00","guid":{"rendered":"http:\/\/gpl-love.com\/fr\/produit\/generateblocks-pro-build-better-wordpress-sites-with-generateblocks\/"},"modified":"2026-03-20T23:16:04","modified_gmt":"2026-03-20T22:16:04","slug":"generateblocks-pro-build-better-wordpress-sites-with-generateblocks","status":"publish","type":"product","link":"https:\/\/gpl-love.com\/fr\/produit\/generateblocks-pro-build-better-wordpress-sites-with-generateblocks\/","title":{"rendered":"GenerateBlocks Pro Build better WordPress sites with GenerateBlocks 2.5.0"},"content":{"rendered":"<h3>GenerateBlocks Pro Build better WordPress sites with GenerateBlocks Traits<\/h3>\n<p>GenerateBlocks Pro est un plugin WordPress tr\u00e8s efficace qui offre une abondance de capacit\u00e9s pour permettre aux constructeurs de sites d&rsquo;\u00e9laborer des sites Web visuellement captivants visuellement. En incorporant une gamme compl\u00e8te d&rsquo;outils de conception robustes et conviviaux, Generate Blocks Pro accorde aux utilisateurs d&rsquo;acc\u00e9der \u00e0 un assortiment diversifi\u00e9 de blocs et de mod\u00e8les personnalisables, facilitant la cr\u00e9ation rapide d&rsquo;un site Web distinctif et poli. L&rsquo;int\u00e9gration transparente d&rsquo;une interface glisser-d\u00e9poser et l&rsquo;incorporation de fonctionnalit\u00e9s de conception r\u00e9active am\u00e9liorent encore l&rsquo;exp\u00e9rience utilisateur, permettant la cr\u00e9ation sans effort de sites Web visuellement \u00e9poustouflants qui s&rsquo;adaptent parfaitement \u00e0 n&rsquo;importe quel appareil. Que vous poss\u00e9diez une expertise approfondie dans la conception Web ou que vous vous lanciez simplement dans ce voyage, Generate Blocks Pro se pr\u00e9sente comme la solution optimale pour les individus qui s&rsquo;efforcent de construire des sites WordPress exceptionnels.<\/p>\n<ul>\n<li>Large gamme de blocs personnalisables pour concevoir des dispositions uniques pour les sites WordPress<\/li>\n<li>Mod\u00e8les pr\u00e9-con\u00e7us disponibles pour un processus de construction de sites faciles et rapide<\/li>\n<li>Blocs de chargement l\u00e9gers et rapides pour la vitesse et les performances optimales du site<\/li>\n<li>Fonctionnalit\u00e9s de montage en bloc am\u00e9lior\u00e9es, y compris la copie, la p\u00e2te, et plus encore<\/li>\n<li>Acc\u00e8s aux futures mises \u00e0 jour et aux nouveaux ajouts de blocs avec abonnement Pro<\/li>\n<li>Compatibilit\u00e9 avec les th\u00e8mes WordPress et les constructeurs de pages populaires<\/li>\n<li>D\u00e9butant avec une interface simple glisser-d\u00e9poser, mais propose \u00e9galement des options avanc\u00e9es pour les utilisateurs exp\u00e9riment\u00e9s<\/li>\n<li>Support client exceptionnel et forum communautaire pour le d\u00e9pannage et l&rsquo;inspiration.<\/li>\n<\/ul>\n","protected":false},"excerpt":{"rendered":"<p>Generate Blocks Pro est la solution pr\u00e9\u00e9minente pour les personnes cherchant \u00e0 construire sans effort des sites WordPress captivants visuellement. B\u00e9n\u00e9ficiant d&rsquo;une pl\u00e9thore de fonctionnalit\u00e9s avanc\u00e9es et d&rsquo;une interface intuitivement con\u00e7ue, cet outil vous permet de faire des dispositions, des conceptions et des \u00e9l\u00e9ments d&rsquo;adaptation qui r\u00e9pondent avec pr\u00e9cision \u00e0 vos besoins uniques. Que vous ayez une expertise en programmation approfondie ou que vous vous lanciez dans votre parcours de d\u00e9veloppement Web, Generate Blocks Pro fournit des ressources globales n\u00e9cessaires pour propulser votre site WordPress \u00e0 des sommets sans pr\u00e9c\u00e9dent. Offrez des adieux \u00e0 l&rsquo;\u00e9nigme vexante des complexit\u00e9s de codage et adoptez l&rsquo;av\u00e8nement des r\u00e9sultats exquis de qualit\u00e9 professionnelle \u00e0 l&rsquo;aide de Generate Blocks Pro.<\/p>\n","protected":false},"featured_media":143956,"comment_status":"open","ping_status":"open","template":"","meta":[],"product_brand":[2558],"product_cat":[1189,1181,1186],"product_tag":[1668],"class_list":{"0":"post-112153","1":"product","2":"type-product","3":"status-publish","4":"has-post-thumbnail","6":"product_brand-generate-blocks","7":"product_cat-personnalisation","8":"product_cat-plugins","9":"product_cat-wordpress-plugins","10":"product_tag-generate-blocks","11":"member-discount","12":"discount-restricted","14":"first","15":"instock","16":"sale","17":"downloadable","18":"virtual","19":"sold-individually","20":"purchasable","21":"product-type-simple"},"_links":{"self":[{"href":"https:\/\/gpl-love.com\/fr\/wp-json\/wp\/v2\/product\/112153","targetHints":{"allow":["GET"]}}],"collection":[{"href":"https:\/\/gpl-love.com\/fr\/wp-json\/wp\/v2\/product"}],"about":[{"href":"https:\/\/gpl-love.com\/fr\/wp-json\/wp\/v2\/types\/product"}],"replies":[{"embeddable":true,"href":"https:\/\/gpl-love.com\/fr\/wp-json\/wp\/v2\/comments?post=112153"}],"wp:featuredmedia":[{"embeddable":true,"href":"https:\/\/gpl-love.com\/fr\/wp-json\/wp\/v2\/media\/143956"}],"wp:attachment":[{"href":"https:\/\/gpl-love.com\/fr\/wp-json\/wp\/v2\/media?parent=112153"}],"wp:term":[{"taxonomy":"product_brand","embeddable":true,"href":"https:\/\/gpl-love.com\/fr\/wp-json\/wp\/v2\/product_brand?post=112153"},{"taxonomy":"product_cat","embeddable":true,"href":"https:\/\/gpl-love.com\/fr\/wp-json\/wp\/v2\/product_cat?post=112153"},{"taxonomy":"product_tag","embeddable":true,"href":"https:\/\/gpl-love.com\/fr\/wp-json\/wp\/v2\/product_tag?post=112153"}],"curies":[{"name":"wp","href":"https:\/\/api.w.org\/{rel}","templated":true}]}}