{"id":112147,"date":"2026-03-02T00:00:00","date_gmt":"2026-03-01T23:00:00","guid":{"rendered":"http:\/\/gpl-love.com\/fr\/produit\/woocommerce-wallet\/"},"modified":"2026-03-20T23:48:29","modified_gmt":"2026-03-20T22:48:29","slug":"woocommerce-wallet","status":"publish","type":"product","link":"https:\/\/gpl-love.com\/fr\/produit\/woocommerce-wallet\/","title":{"rendered":"WooCommerce Wallet 5.8.0"},"content":{"rendered":"<h3>WooCommerce Wallet Traits<\/h3>\n<p>WooCommerce Wallet, un plugin extr\u00eamement fiable et convivial, accorde aux clients la capacit\u00e9 de pr\u00e9server leurs cr\u00e9dits et de les utiliser pour les achats \u00e0 venir. Les clients re\u00e7oivent la commodit\u00e9 de g\u00e9rer leurs fonds, de parcourir leur historique de transaction et de reconstituer leur solde au moyen de diverses m\u00e9thodes de paiement. Le plugin s&rsquo;int\u00e8gre de mani\u00e8re transparente \u00e0 WooCommerce, offrant aux clients le privil\u00e8ge d&rsquo;utiliser leur solde de portefeuille pour une fraction ou le paiement complet pendant le processus de paiement. Non seulement cela, ce plugin remarquable accorde aux propri\u00e9taires de magasins la flexibilit\u00e9 de configurer les limitations du portefeuille, de se livrer \u00e0 des clients fid\u00e8les avec des cr\u00e9dits suppl\u00e9mentaires, et plus encore. Essentiellement, WooCommerce Wallet \u00e9tend une solution de paiement remarquablement pratique et imprenable pour les acheteurs en ligne, tout en aidant les propri\u00e9taires de magasins \u00e0 renforcer la fid\u00e9lit\u00e9 des clients et \u00e0 stimuler les ventes augment\u00e9es.<\/p>\n<ul>\n<li>Permet aux clients de stocker et d&rsquo;utiliser des fonds dans un portefeuille virtuel sur votre site WooCommerce<\/li>\n<li>Prend en charge plusieurs m\u00e9thodes de paiement, y compris les cartes de cr\u00e9dit et la crypto-monnaie<\/li>\n<li>Active les transactions rapides et s\u00e9curis\u00e9es avec un minimum de frais de traitement des paiements<\/li>\n<li>Offre aux clients une exp\u00e9rience de paiement pratique et sans couture, conduisant \u00e0 une augmentation des ventes et \u00e0 la satisfaction du client<\/li>\n<li>Fournit aux commer\u00e7ants un moyen simple de g\u00e9rer et de suivre les transactions de portefeuille, y compris les d\u00e9p\u00f4ts, les retraits et les remboursements<\/li>\n<li>Peut s&rsquo;int\u00e9grer \u00e0 des plugins et des extensions tiers pour les fonctionnalit\u00e9s et les options de personnalisation \u00e9largies<\/li>\n<li>Comprend des param\u00e8tres de portefeuille personnalisables, l&rsquo;historique des transactions et les fonctionnalit\u00e9s de gestion de l&rsquo;\u00e9quilibre pour les clients et les commer\u00e7ants<\/li>\n<li>Offre une solution fiable et \u00e9volutive pour les entreprises de toutes tailles, des petits magasins aux grandes plates-formes de commerce \u00e9lectronique<\/li>\n<\/ul>\n","protected":false},"excerpt":{"rendered":"<p>Le portefeuille WooCommerce d&rsquo;entr\u00e9e appara\u00eet comme une m\u00e9thode exceptionnellement efficace et hautement s\u00e9curis\u00e9e pour g\u00e9rer efficacement vos paiements en ligne. Gr\u00e2ce \u00e0 ce plugin ing\u00e9nieux, vous poss\u00e9dez la capacit\u00e9 sans effort pour surveiller m\u00e9ticuleusement vos soldes de portefeuille, compl\u00e9ter de mani\u00e8re transparente les fonds et des transactions imprenables consomm\u00e9es directement \u00e0 partir de votre compte WooCommerce. De plus, ce portefeuille superlatif accorde aux clients la capacit\u00e9 remarquable de conserver en toute s\u00e9curit\u00e9 et sans effort leurs ressources financi\u00e8res aux fins des achats ult\u00e9rieurs. B\u00e9n\u00e9ficiant d&rsquo;une interface qui est de nature conviviale tout en \u00e9tant fortifi\u00e9e simultan\u00e9ment avec un \u00e9ventail de fonctionnalit\u00e9s de s\u00e9curit\u00e9 robustes, ce plugin pivot est r\u00e9solument comme un actif indispensable pour les propri\u00e9taires d&#8217;emporiums virtuels qui cherchent ardemment \u00e0 rationaliser et \u00e0 optimiser leur processus de paiement.<\/p>\n","protected":false},"featured_media":146069,"comment_status":"open","ping_status":"open","template":"","meta":[],"product_brand":[2435],"product_cat":[1182,1401,1181],"product_tag":[1231],"class_list":{"0":"post-112147","1":"product","2":"type-product","3":"status-publish","4":"has-post-thumbnail","6":"product_brand-codecanyon","7":"product_cat-commerce-electronique-plugins","8":"product_cat-paiement-commerce-electronique-plugins","9":"product_cat-plugins","10":"product_tag-codecanyon","11":"member-discount","12":"discount-restricted","14":"first","15":"instock","16":"sale","17":"downloadable","18":"virtual","19":"sold-individually","20":"purchasable","21":"product-type-simple"},"_links":{"self":[{"href":"https:\/\/gpl-love.com\/fr\/wp-json\/wp\/v2\/product\/112147","targetHints":{"allow":["GET"]}}],"collection":[{"href":"https:\/\/gpl-love.com\/fr\/wp-json\/wp\/v2\/product"}],"about":[{"href":"https:\/\/gpl-love.com\/fr\/wp-json\/wp\/v2\/types\/product"}],"replies":[{"embeddable":true,"href":"https:\/\/gpl-love.com\/fr\/wp-json\/wp\/v2\/comments?post=112147"}],"wp:featuredmedia":[{"embeddable":true,"href":"https:\/\/gpl-love.com\/fr\/wp-json\/wp\/v2\/media\/146069"}],"wp:attachment":[{"href":"https:\/\/gpl-love.com\/fr\/wp-json\/wp\/v2\/media?parent=112147"}],"wp:term":[{"taxonomy":"product_brand","embeddable":true,"href":"https:\/\/gpl-love.com\/fr\/wp-json\/wp\/v2\/product_brand?post=112147"},{"taxonomy":"product_cat","embeddable":true,"href":"https:\/\/gpl-love.com\/fr\/wp-json\/wp\/v2\/product_cat?post=112147"},{"taxonomy":"product_tag","embeddable":true,"href":"https:\/\/gpl-love.com\/fr\/wp-json\/wp\/v2\/product_tag?post=112147"}],"curies":[{"name":"wp","href":"https:\/\/api.w.org\/{rel}","templated":true}]}}