{"id":112143,"date":"2026-02-23T00:00:00","date_gmt":"2026-02-22T23:00:00","guid":{"rendered":"http:\/\/gpl-love.com\/fr\/produit\/tin-canny-reporting-for-learndash\/"},"modified":"2026-04-10T18:43:36","modified_gmt":"2026-04-10T16:43:36","slug":"tin-canny-reporting-for-learndash","status":"publish","type":"product","link":"https:\/\/gpl-love.com\/fr\/produit\/tin-canny-reporting-for-learndash\/","title":{"rendered":"Tin Canny Reporting pour LearnDash 5.1.1"},"content":{"rendered":"<h3>Tin Canny Reporting pour LearnDash Traits<\/h3>\n<p>Tin Canny Reporting for Learndash est un syst\u00e8me de gestion d&rsquo;apprentissage extr\u00eamement polyvalent, rempli d&rsquo;un \u00e9ventail complet d&rsquo;outils de d\u00e9claration, qui r\u00e9pond aux besoins exigeants des instructeurs de cours et des administrateurs. En raison des capacit\u00e9s inh\u00e9rentes de ce logiciel, les utilisateurs sont autoris\u00e9s \u00e0 suivre et \u00e0 surveiller m\u00e9ticuleusement les progr\u00e8s, l&rsquo;engagement et les performances des apprenants dans un \u00e9ventail diversifi\u00e9 de cours et de modules. De plus, Tin Canny Reporting sert \u00e0 rationaliser la t\u00e2che ardue de l&rsquo;analyse des donn\u00e9es, permettant ainsi aux utilisateurs de g\u00e9n\u00e9rer rapidement des rapports qui mettent efficacement met en \u00e9vidence les m\u00e9triques pivots et les tendances discernables. De plus, la convivialit\u00e9 inh\u00e9rente de ce logiciel le rend parfaitement int\u00e9gr\u00e9 dans les plates-formes LMS pr\u00e9existantes. Pour r\u00e9sumer succinctement, les rapports \u00e9nigmatiques en \u00e9tain pour Learndash apparaissent comme un outil exceptionnel, qui non seulement rationalise le processus de surveillance des progr\u00e8s de l&rsquo;apprenant, mais am\u00e9liore \u00e9galement consid\u00e9rablement l&rsquo;efficacit\u00e9 d&rsquo;un cours donn\u00e9.<\/p>\n<ul>\n<li>Syst\u00e8me de rapport complet pour LearnDash LMS<\/li>\n<li>Mod\u00e8les de rapport personnalisables<\/li>\n<li>Analyse avanc\u00e9e et visualisation des donn\u00e9es<\/li>\n<li>Des informations d\u00e9taill\u00e9es sur les progr\u00e8s et l&rsquo;engagement des utilisateurs<\/li>\n<li>Mises \u00e0 jour et notifications en temps r\u00e9el<\/li>\n<li>Planification automatis\u00e9e et livraison des rapports<\/li>\n<li>Int\u00e9gration transparente avec Learndash et d&rsquo;autres plugins<\/li>\n<li>Capacit\u00e9s d&rsquo;exportation et de partage de donn\u00e9es rationalis\u00e9es<\/li>\n<li>Interface conviviale avec des filtres et des fonctions de recherche faciles \u00e0 utiliser<\/li>\n<li>Suivi et suivi efficaces des r\u00e9sultats d&rsquo;apprentissage et des mesures de performance<\/li>\n<\/ul>\n","protected":false},"excerpt":{"rendered":"<p>Les reportages Canny en \u00e9tain pour Learndash apparaissent comme un instrument de rapports remarquablement puissant, garantissant que vous acc\u00e9dez \u00e0 une compr\u00e9hension remarquablement compl\u00e8te de la performance de vos cours Learndash. En raison de ses outils conviviaux, ce plugin vous aide \u00e0 surveiller minutieusement les progr\u00e8s de vos apprenants, tout en examinant leurs mesures de performance englobant les taux d&rsquo;ach\u00e8vement, les scores de quiz et les taux d&rsquo;engagement. En outre, cet outil inestimable vous permet de g\u00e9n\u00e9rer des rapports personnalis\u00e9s, de les exporter par la suite et de diffuser les informations qui en r\u00e9sultent entre les parties prenantes pivots. Peu importe que vous fonctionnez en tant que formateur, instructeur ou propri\u00e9taire d&rsquo;entreprise, il devient manifestement \u00e9vident que les rapports \u00e9nigmatiques en \u00e9tain pour Learndash assument le statut d&rsquo;un instrument indispensable, qui facilite in\u00e9vitablement l&rsquo;optimisation de l&rsquo;efficacit\u00e9 de l&rsquo;enseignement, le d\u00e9verrouillage des perspectives inestimables et En fin de compte, la r\u00e9alisation de r\u00e9sultats sup\u00e9rieurs.<\/p>\n","protected":false},"featured_media":145591,"comment_status":"open","ping_status":"open","template":"","meta":[],"product_brand":[2581],"product_cat":[1187,1181,1186],"product_tag":[1785],"class_list":{"0":"post-112143","1":"product","2":"type-product","3":"status-publish","4":"has-post-thumbnail","6":"product_brand-uncanny-owl","7":"product_cat-administration-wordpress-plugins","8":"product_cat-plugins","9":"product_cat-wordpress-plugins","10":"product_tag-uncanny-owl","11":"member-discount","12":"discount-restricted","14":"first","15":"instock","16":"sale","17":"downloadable","18":"virtual","19":"sold-individually","20":"purchasable","21":"product-type-simple"},"_links":{"self":[{"href":"https:\/\/gpl-love.com\/fr\/wp-json\/wp\/v2\/product\/112143","targetHints":{"allow":["GET"]}}],"collection":[{"href":"https:\/\/gpl-love.com\/fr\/wp-json\/wp\/v2\/product"}],"about":[{"href":"https:\/\/gpl-love.com\/fr\/wp-json\/wp\/v2\/types\/product"}],"replies":[{"embeddable":true,"href":"https:\/\/gpl-love.com\/fr\/wp-json\/wp\/v2\/comments?post=112143"}],"wp:featuredmedia":[{"embeddable":true,"href":"https:\/\/gpl-love.com\/fr\/wp-json\/wp\/v2\/media\/145591"}],"wp:attachment":[{"href":"https:\/\/gpl-love.com\/fr\/wp-json\/wp\/v2\/media?parent=112143"}],"wp:term":[{"taxonomy":"product_brand","embeddable":true,"href":"https:\/\/gpl-love.com\/fr\/wp-json\/wp\/v2\/product_brand?post=112143"},{"taxonomy":"product_cat","embeddable":true,"href":"https:\/\/gpl-love.com\/fr\/wp-json\/wp\/v2\/product_cat?post=112143"},{"taxonomy":"product_tag","embeddable":true,"href":"https:\/\/gpl-love.com\/fr\/wp-json\/wp\/v2\/product_tag?post=112143"}],"curies":[{"name":"wp","href":"https:\/\/api.w.org\/{rel}","templated":true}]}}