{"id":112141,"date":"2021-11-06T00:00:00","date_gmt":"2021-11-05T23:00:00","guid":{"rendered":"http:\/\/gpl-love.com\/fr\/produit\/coupon-wheel-for-woocommerce-and-wordpress\/"},"modified":"2026-03-20T22:59:11","modified_gmt":"2026-03-20T21:59:11","slug":"coupon-wheel-for-woocommerce-and-wordpress","status":"publish","type":"product","link":"https:\/\/gpl-love.com\/fr\/produit\/coupon-wheel-for-woocommerce-and-wordpress\/","title":{"rendered":"Coupon Wheel For WooCommerce et WordPress 3.4.9"},"content":{"rendered":"<h3>Coupon Wheel For WooCommerce et WordPress Traits<\/h3>\n<p>La roue de coupon pour WooCommerce et WordPress sert d&rsquo;outil tr\u00e8s efficace, permettant aux entreprises en ligne de s\u00e9duire efficacement les nouveaux clients et d&rsquo;am\u00e9liorer leurs chiffres de vente. Ce plugin exceptionnel fonctionne en g\u00e9n\u00e9rant une roue de rotation interactive captivante avec laquelle les clients peuvent s&rsquo;engager afin de s\u00e9curiser des remises ou d&rsquo;acqu\u00e9rir des produits gratuits. Ce qui distingue vraiment cette roue de coupon, c&rsquo;est son niveau de personnalisation in\u00e9gal\u00e9, accordant aux propri\u00e9taires de magasins la capacit\u00e9 de s\u00e9lectionner personnellement le nombre pr\u00e9cis de tranches de roue, ainsi que les teintes dynamiques et les r\u00e9compenses attrayantes. En termes d&rsquo;accessibilit\u00e9, ce plugin s&rsquo;int\u00e8gre parfaitement aux plates-formes WooCommerce et WordPress, garantissant un processus d&rsquo;installation et d&rsquo;utilisation simple. En attirant les clients ayant la perspective de gagner des prix remarquables, la roue de coupon pour WooCommerce et WordPress favorise une probabilit\u00e9 accrue d&rsquo;achats r\u00e9p\u00e9t\u00e9s, tout en inculquant simultan\u00e9ment un sentiment d&rsquo;urgence palpable \u00e0 effectuer rapidement un achat. Compte tenu de ces avantages profonds, il est incontestable que ce plugin soit consid\u00e9r\u00e9 comme une n\u00e9cessit\u00e9 absolue pour toute boutique en ligne qui s&rsquo;efforce d&rsquo;augmenter leurs chiffres de vente et de cultiver une exp\u00e9rience client engageante.<\/p>\n<ul>\n<li>Un puissant plugin de roue \u00e0 coupon pour WooCommerce et WordPress<\/li>\n<li>Augmentez l&rsquo;engagement avec vos clients en offrant des roues de coupon en rotation<\/li>\n<li>Installation facile et conception personnalisable pour correspondre \u00e0 votre site Web<\/li>\n<li>Personnaliser les coupons, la probabilit\u00e9 et plus en fonction de vos besoins commerciaux<\/li>\n<li>Tous les principaux navigateurs sont pris en charge pour une facilit\u00e9 d&rsquo;utilisation<\/li>\n<li>Statistiques d\u00e9taill\u00e9es pour suivre les performances de votre roue de coupon<\/li>\n<li>Cibler des march\u00e9s sp\u00e9cifiques avec diff\u00e9rentes offres de coupons<\/li>\n<li>Conception r\u00e9active pour une visualisation optimale sur tous les appareils<\/li>\n<li>Option pour s&rsquo;int\u00e9grer aux outils de marketing par e-mail populaires pour augmenter les conversions.<\/li>\n<\/ul>\n","protected":false},"excerpt":{"rendered":"<p>Notre roue de coupon pour WooCommerce et WordPress est l&rsquo;outil parfait pour am\u00e9liorer votre entreprise en ligne. Cette fonctionnalit\u00e9 innovante vous permettra d&rsquo;incorporer une roue de coupon amusante et engageante sur votre site Web. Con\u00e7u sp\u00e9cifiquement pour les plates-formes WooCommerce et WordPress, ce plugin vous aidera \u00e0 augmenter l&rsquo;engagement de votre client et \u00e0 g\u00e9n\u00e9rer plus de ventes. Avec son int\u00e9gration facile, vous pouvez configurer sans effort la roue de coupon en quelques clics. La roue offre une vari\u00e9t\u00e9 de remises et de prix, encourageant les clients \u00e0 faire un achat. La roue de coupon est \u00e9galement livr\u00e9e avec une interface personnalisable, vous permettant d&rsquo;adapter son apparence et une sensation pour correspondre \u00e0 votre marque. Stimulez votre entreprise en ligne avec notre roue de coupon pour WooCommerce et WordPress d\u00e8s aujourd&rsquo;hui!<\/p>\n","protected":false},"featured_media":143431,"comment_status":"open","ping_status":"open","template":"","meta":[],"product_brand":[2435],"product_cat":[1200,1182,1181],"product_tag":[1231],"class_list":{"0":"post-112141","1":"product","2":"type-product","3":"status-publish","4":"has-post-thumbnail","6":"product_brand-codecanyon","7":"product_cat-commercialisation","8":"product_cat-commerce-electronique-plugins","9":"product_cat-plugins","10":"product_tag-codecanyon","11":"member-discount","12":"discount-restricted","14":"first","15":"instock","16":"sale","17":"downloadable","18":"virtual","19":"sold-individually","20":"purchasable","21":"product-type-simple"},"_links":{"self":[{"href":"https:\/\/gpl-love.com\/fr\/wp-json\/wp\/v2\/product\/112141","targetHints":{"allow":["GET"]}}],"collection":[{"href":"https:\/\/gpl-love.com\/fr\/wp-json\/wp\/v2\/product"}],"about":[{"href":"https:\/\/gpl-love.com\/fr\/wp-json\/wp\/v2\/types\/product"}],"replies":[{"embeddable":true,"href":"https:\/\/gpl-love.com\/fr\/wp-json\/wp\/v2\/comments?post=112141"}],"wp:featuredmedia":[{"embeddable":true,"href":"https:\/\/gpl-love.com\/fr\/wp-json\/wp\/v2\/media\/143431"}],"wp:attachment":[{"href":"https:\/\/gpl-love.com\/fr\/wp-json\/wp\/v2\/media?parent=112141"}],"wp:term":[{"taxonomy":"product_brand","embeddable":true,"href":"https:\/\/gpl-love.com\/fr\/wp-json\/wp\/v2\/product_brand?post=112141"},{"taxonomy":"product_cat","embeddable":true,"href":"https:\/\/gpl-love.com\/fr\/wp-json\/wp\/v2\/product_cat?post=112141"},{"taxonomy":"product_tag","embeddable":true,"href":"https:\/\/gpl-love.com\/fr\/wp-json\/wp\/v2\/product_tag?post=112141"}],"curies":[{"name":"wp","href":"https:\/\/api.w.org\/{rel}","templated":true}]}}