{"id":112139,"date":"2021-02-24T00:00:00","date_gmt":"2021-02-23T23:00:00","guid":{"rendered":"http:\/\/gpl-love.com\/fr\/produit\/reality-real-estate-wordpress-theme\/"},"modified":"2026-04-10T18:37:52","modified_gmt":"2026-04-10T16:37:52","slug":"reality-real-estate-wordpress-theme","status":"publish","type":"product","link":"https:\/\/gpl-love.com\/fr\/produit\/reality-real-estate-wordpress-theme\/","title":{"rendered":"Reality Real Estate WordPress Theme 2.5.9"},"content":{"rendered":"<h3>Reality Real Estate WordPress Theme Traits<\/h3>\n<p>Le th\u00e8me WordPress de la r\u00e9alit\u00e9 est une solution exceptionnelle qui r\u00e9pond aux besoins des agents immobiliers, des courtiers et des agences qui aspirent \u00e0 montrer leurs propri\u00e9t\u00e9s d&rsquo;une mani\u00e8re qui d\u00e9gage le professionnalisme et offre de nombreuses options de personnalisation. Ce th\u00e8me incroyablement polyvalent a \u00e9t\u00e9 m\u00e9ticuleusement con\u00e7u pour faciliter la cr\u00e9ation d&rsquo;un site Web visuellement frappant qui non seulement capture l&rsquo;attention mais est \u00e9galement sans effort \u00e0 g\u00e9rer. B\u00e9n\u00e9ficiant d&rsquo;un \u00e9ventail de fonctionnalit\u00e9s et d&rsquo;options, il vous permet de vous d\u00e9marquer de vos concurrents dans une industrie farouchement comp\u00e9titive. Qu&rsquo;il s&rsquo;agisse de pr\u00e9senter vos listes de propri\u00e9t\u00e9s par le biais de galeries captivantes, d&rsquo;accentuer des attributs cruciaux avec des widgets sur mesure ou m\u00eame de concevoir des recherches de propri\u00e9t\u00e9s personnalis\u00e9es, ce th\u00e8me englobe tout cela. De plus, sa conception r\u00e9active et sa vaste gamme de possibilit\u00e9s de personnalisation vous permettent de fa\u00e7onner sans effort un site Web qui refl\u00e8te votre identit\u00e9 de marque et attire et convertit efficacement un plus grand nombre de clients potentiels. Lorsqu&rsquo;il est \u00e0 la recherche d&rsquo;un th\u00e8me WordPress immobilier robuste et polyvalent, votre qu\u00eate se termine par la r\u00e9alit\u00e9, car elle appara\u00eet comme le choix par excellence pour vos besoins.<\/p>\n<ul>\n<li>Design moderne et professionnel parfait pour les sites Web immobiliers<\/li>\n<li>Enti\u00e8rement r\u00e9actif et convivial pour une exp\u00e9rience utilisateur sans couture sur n&rsquo;importe quel appareil<\/li>\n<li>Options d&rsquo;en-t\u00eate et de pied de page personnalisables pour correspondre \u00e0 votre marque<\/li>\n<li>Options de recherche et de filtrage avanc\u00e9es pour les listes de propri\u00e9t\u00e9s<\/li>\n<li>Formulaires de soumission de propri\u00e9t\u00e9 personnalis\u00e9s pour les soumissions de clients faciles<\/li>\n<li>Outils int\u00e9gr\u00e9s pour afficher les profils d&rsquo;agent et les portefeuilles<\/li>\n<li>Int\u00e9gration avec Google Maps pour une visualisation de localisation de propri\u00e9t\u00e9 facile<\/li>\n<li>Options de g\u00e9n\u00e9ration et de gestion de leads avec des formulaires de contact int\u00e9gr\u00e9s et un suivi de plomb<\/li>\n<li>Conception et code et code pour les moteurs de recherche am\u00e9lior\u00e9s<\/li>\n<li>Installation de d\u00e9monstration en un clic pour une configuration et une personnalisation faciles<\/li>\n<\/ul>\n","protected":false},"excerpt":{"rendered":"<p>Le th\u00e8me de la r\u00e9alit\u00e9: le th\u00e8me WordPress immobilier, caract\u00e9ris\u00e9 par son esth\u00e9tique \u00e9l\u00e9gante et moderne, a \u00e9t\u00e9 sp\u00e9cifiquement con\u00e7u pour les agents immobiliers et les agences exigeants d&rsquo;aujourd&rsquo;hui. Avec son design impeccablement propre et infiniment personnalisable, ce th\u00e8me vous permet de montrer \u00e9l\u00e9gamment votre vaste gamme de propri\u00e9t\u00e9s et de services de mani\u00e8re sans \u00e9quivoque et captivante. Tirant parti de ses capacit\u00e9s de recherche de pointe, ce th\u00e8me facilite de mani\u00e8re transparente la d\u00e9couverte cibl\u00e9e de la propri\u00e9t\u00e9 id\u00e9ale pour chaque visiteur, augmentant ainsi le collecteur de satisfaction des utilisateurs. De plus, la r\u00e9activit\u00e9 inh\u00e9rente du th\u00e8me garantit que votre site Web d\u00e9gagera de l&rsquo;\u00e9clat sur une myriade d&rsquo;appareils, am\u00e9liorant ainsi l&rsquo;exp\u00e9rience utilisateur globale. De plus, pour acc\u00e9l\u00e9rer le processus de d\u00e9veloppement du site Web, le th\u00e8me est accompagn\u00e9 d&rsquo;un assortiment de mod\u00e8les et de dispositions pr\u00e9-con\u00e7us. Ainsi, que vous soyez un entrepreneur immobilier en herbe ou un aspirant entrepreneur ou un aspirant \u00e0 injecter de la vitalit\u00e9 dans votre pr\u00e9sence en ligne, le th\u00e8me de la r\u00e9alit\u00e9 WordPress immobilier est incontestable comme un choix in\u00e9gal\u00e9.<\/p>\n","protected":false},"featured_media":145091,"comment_status":"open","ping_status":"open","template":"","meta":[],"product_brand":[2433],"product_cat":[1356,1212,1213],"product_tag":[1366],"class_list":{"0":"post-112139","1":"product","2":"type-product","3":"status-publish","4":"has-post-thumbnail","6":"product_brand-themeforest","7":"product_cat-immobilier","8":"product_cat-themes","9":"product_cat-wordpress-themes","10":"product_tag-themeforest","11":"member-discount","12":"discount-restricted","14":"first","15":"instock","16":"sale","17":"downloadable","18":"virtual","19":"sold-individually","20":"purchasable","21":"product-type-simple"},"_links":{"self":[{"href":"https:\/\/gpl-love.com\/fr\/wp-json\/wp\/v2\/product\/112139","targetHints":{"allow":["GET"]}}],"collection":[{"href":"https:\/\/gpl-love.com\/fr\/wp-json\/wp\/v2\/product"}],"about":[{"href":"https:\/\/gpl-love.com\/fr\/wp-json\/wp\/v2\/types\/product"}],"replies":[{"embeddable":true,"href":"https:\/\/gpl-love.com\/fr\/wp-json\/wp\/v2\/comments?post=112139"}],"wp:featuredmedia":[{"embeddable":true,"href":"https:\/\/gpl-love.com\/fr\/wp-json\/wp\/v2\/media\/145091"}],"wp:attachment":[{"href":"https:\/\/gpl-love.com\/fr\/wp-json\/wp\/v2\/media?parent=112139"}],"wp:term":[{"taxonomy":"product_brand","embeddable":true,"href":"https:\/\/gpl-love.com\/fr\/wp-json\/wp\/v2\/product_brand?post=112139"},{"taxonomy":"product_cat","embeddable":true,"href":"https:\/\/gpl-love.com\/fr\/wp-json\/wp\/v2\/product_cat?post=112139"},{"taxonomy":"product_tag","embeddable":true,"href":"https:\/\/gpl-love.com\/fr\/wp-json\/wp\/v2\/product_tag?post=112139"}],"curies":[{"name":"wp","href":"https:\/\/api.w.org\/{rel}","templated":true}]}}