{"id":112129,"date":"2024-04-23T00:00:00","date_gmt":"2024-04-22T22:00:00","guid":{"rendered":"http:\/\/gpl-love.com\/fr\/produit\/nitro-universal-woocommerce-theme-from-ecommerce-experts\/"},"modified":"2026-04-10T18:34:40","modified_gmt":"2026-04-10T16:34:40","slug":"nitro-universal-woocommerce-theme-from-ecommerce-experts","status":"publish","type":"product","link":"https:\/\/gpl-love.com\/fr\/produit\/nitro-universal-woocommerce-theme-from-ecommerce-experts\/","title":{"rendered":"Nitro Universal WooCommerce Th\u00e8me from ecommerce experts 1.7.8"},"content":{"rendered":"<h3>Nitro Universal WooCommerce Th\u00e8me from ecommerce experts Traits<\/h3>\n<p>Con\u00e7u par des d\u00e9veloppeurs exp\u00e9riment\u00e9s, le th\u00e8me Nitro Universal WooCommerce est une solution de commerce \u00e9lectronique hautement capable et adaptable. B\u00e9n\u00e9ficiant d&rsquo;un design \u00e9l\u00e9gant et contemporain, ce th\u00e8me offre des options de personnalisation approfondies pour r\u00e9pondre aux exigences sp\u00e9cifiques de toute boutique en ligne. Avec une compatibilit\u00e9 transparente avec WooCommerce, la gestion des commandes, des stocks et des paiements devient un jeu d&rsquo;enfant. De plus, le th\u00e8me englobe une pl\u00e9thore de fonctionnalit\u00e9s indispensables, y compris un filtre de produit, une vue rapide et une liste de souhaits, qui servent tous \u00e0 \u00e9lever l&rsquo;exp\u00e9rience utilisateur et \u00e0 renforcer les taux de conversion. En r\u00e9sum\u00e9, le th\u00e8me WooCommerce Nitro Universal est un choix fiable et efficace pour les entreprises de commerce \u00e9lectronique cherchant \u00e0 \u00e9lever leur pr\u00e9sence en ligne \u00e0 des sommets sans pr\u00e9c\u00e9dent.<\/p>\n<ul>\n<li>Un th\u00e8me WooCommerce flexible et personnalisable con\u00e7u par des experts de commerce \u00e9lectronique<\/li>\n<li>Compatible avec WordPress, offrant une int\u00e9gration facile avec les sites Web existants<\/li>\n<li>Comprend une vari\u00e9t\u00e9 de dispositions et de d\u00e9mos pr\u00e9-con\u00e7ues pour diff\u00e9rents types de magasins en ligne<\/li>\n<li>Offre un design r\u00e9actif qui a fi\u00e8re allure sur tous les appareils, y compris le mobile et la tablette<\/li>\n<li>Comprend un constructeur de page int\u00e9gr\u00e9 pour cr\u00e9er des dispositions personnalis\u00e9es sans codage<\/li>\n<li>Fournit d&rsquo;excellentes performances, avec des temps de chargement rapides et un code optimis\u00e9 pour le r\u00e9f\u00e9rencement<\/li>\n<li>Comprend un syst\u00e8me de menu puissant pour cr\u00e9er des menus personnalis\u00e9s avec divers styles et effets<\/li>\n<li>Offre des options de personnalisation faciles via un panneau d&rsquo;options de th\u00e8me convivial<\/li>\n<li>Permet une int\u00e9gration facile avec des plugins WordPress populaires pour des fonctionnalit\u00e9s suppl\u00e9mentaires<\/li>\n<li>Offre un support client fiable des d\u00e9veloppeurs de th\u00e8mes pour assurer une exp\u00e9rience en ligne douce et r\u00e9ussie.<\/li>\n<\/ul>\n","protected":false},"excerpt":{"rendered":"<p>Le th\u00e8me WooCommerce Nitro Universal, qui a \u00e9t\u00e9 m\u00e9ticuleusement con\u00e7u par des sp\u00e9cialistes chevronn\u00e9s du commerce \u00e9lectronique, est une formidable solution de commerce \u00e9lectronique qui vise \u00e0 vous aider \u00e0 cr\u00e9er une boutique en ligne extraordinairement \u00e0 couper le souffle. B\u00e9n\u00e9ficiant d&rsquo;une vaste gamme de fonctionnalit\u00e9s exemplaires, notamment des options de personnalisation sans limites, une conception r\u00e9active impeccable et une interface utilisateur extr\u00eamement intuitive, ce th\u00e8me a le potentiel d&rsquo;\u00e9lever et d&rsquo;enrichir l&rsquo;exp\u00e9rience d&rsquo;achat globale pour votre client\u00e8le estim\u00e9e, pouvant finalement d\u00e9velopper et augmenter vos chiffres de vente \u00e0 des hauteurs sans pr\u00e9c\u00e9dent. De plus, l&rsquo;int\u00e9gration transparente de ce th\u00e8me avec WooCommerce assure la facilitation sans effort des ventes de produits, la gestion des commandes et le suivi des stocks en temps r\u00e9el. Embarquez dans un voyage de possibilit\u00e9s illimit\u00e9es avec le th\u00e8me nitro et catapultez vos entreprises commerciales en ligne \u00e0 des niveaux de succ\u00e8s et de prosp\u00e9rit\u00e9 sans pr\u00e9c\u00e9dent!<\/p>\n","protected":false},"featured_media":144815,"comment_status":"open","ping_status":"open","template":"","meta":[],"product_brand":[2433],"product_cat":[1238,1851,1212],"product_tag":[1366],"class_list":{"0":"post-112129","1":"product","2":"type-product","3":"status-publish","4":"has-post-thumbnail","6":"product_brand-themeforest","7":"product_cat-commerce-electronique-themes","8":"product_cat-entreprise-commerce-electronique-themes","9":"product_cat-themes","10":"product_tag-themeforest","11":"member-discount","12":"discount-restricted","14":"first","15":"instock","16":"sale","17":"downloadable","18":"virtual","19":"sold-individually","20":"purchasable","21":"product-type-simple"},"_links":{"self":[{"href":"https:\/\/gpl-love.com\/fr\/wp-json\/wp\/v2\/product\/112129","targetHints":{"allow":["GET"]}}],"collection":[{"href":"https:\/\/gpl-love.com\/fr\/wp-json\/wp\/v2\/product"}],"about":[{"href":"https:\/\/gpl-love.com\/fr\/wp-json\/wp\/v2\/types\/product"}],"replies":[{"embeddable":true,"href":"https:\/\/gpl-love.com\/fr\/wp-json\/wp\/v2\/comments?post=112129"}],"wp:featuredmedia":[{"embeddable":true,"href":"https:\/\/gpl-love.com\/fr\/wp-json\/wp\/v2\/media\/144815"}],"wp:attachment":[{"href":"https:\/\/gpl-love.com\/fr\/wp-json\/wp\/v2\/media?parent=112129"}],"wp:term":[{"taxonomy":"product_brand","embeddable":true,"href":"https:\/\/gpl-love.com\/fr\/wp-json\/wp\/v2\/product_brand?post=112129"},{"taxonomy":"product_cat","embeddable":true,"href":"https:\/\/gpl-love.com\/fr\/wp-json\/wp\/v2\/product_cat?post=112129"},{"taxonomy":"product_tag","embeddable":true,"href":"https:\/\/gpl-love.com\/fr\/wp-json\/wp\/v2\/product_tag?post=112129"}],"curies":[{"name":"wp","href":"https:\/\/api.w.org\/{rel}","templated":true}]}}