{"id":112124,"date":"2025-12-29T00:00:00","date_gmt":"2025-12-28T23:00:00","guid":{"rendered":"http:\/\/gpl-love.com\/fr\/produit\/modus-modern-furniture-woocommerce-theme\/"},"modified":"2026-03-20T23:25:26","modified_gmt":"2026-03-20T22:25:26","slug":"modus-modern-furniture-woocommerce-theme","status":"publish","type":"product","link":"https:\/\/gpl-love.com\/fr\/produit\/modus-modern-furniture-woocommerce-theme\/","title":{"rendered":"Modus Modern Furniture WooCommerce Theme 2.1.3"},"content":{"rendered":"<h3>Modus Modern Furniture WooCommerce Theme Traits<\/h3>\n<p>Le th\u00e8me WooCommerce moderne moderne sert de solution exemplaire pour les entreprises de meubles et de d\u00e9coration int\u00e9rieure qui aspirent \u00e0 \u00e9tablir une impressionnante pr\u00e9sence en ligne. B\u00e9n\u00e9ficiant d&rsquo;un design exquis et raffin\u00e9, ce th\u00e8me poss\u00e8de la capacit\u00e9 de captiver et d&rsquo;attirer les clients sans effort. De plus, ce th\u00e8me offre un haut degr\u00e9 de personnalisation, permettant aux entreprises d&rsquo;adapter leur site Web conform\u00e9ment \u00e0 leur identit\u00e9 de marque unique. De plus, ce th\u00e8me affiche une r\u00e9activit\u00e9 compl\u00e8te, garantissant qu&rsquo;elle maintient une apparence impeccable sur tout appareil \u00e0 partir de laquelle il est accessible. L&rsquo;int\u00e9gration de WooCommerce am\u00e9liore encore sa fonctionnalit\u00e9, permettant aux entreprises de g\u00e9rer efficacement leur inventaire, de traiter de mani\u00e8re transparente les paiements et de suivre les commandes avec la plus grande commodit\u00e9. En utilisant le th\u00e8me WooCommerce moderne du moderne, les entreprises peuvent cr\u00e9er sans effort une boutique en ligne professionnelle et conviviale qui facilitera sans aucun doute l&rsquo;expansion de leur client\u00e8le et augmentera leurs chiffres de vente.<\/p>\n<ul>\n<li>Design \u00e9l\u00e9gant et moderne qui pr\u00e9sente vos produits de meubles avec style et sophistication<\/li>\n<li>Options de disposition et de conception enti\u00e8rement personnalisables pour correspondre \u00e0 votre marque et \u00e0 votre esth\u00e9tique<\/li>\n<li>Construit sur la plate-forme WooCommerce, permettant des achats en ligne faciles et un paiement pour vos clients<\/li>\n<li>Conception r\u00e9active mobile qui a fi\u00e8re allure sur tous les appareils<\/li>\n<li>SEO optimis\u00e9 pour aider \u00e0 am\u00e9liorer les classements des moteurs de recherche et \u00e0 apporter plus de trafic vers votre site<\/li>\n<li>Mod\u00e8les de plusieurs pages disponibles, y compris une page d&rsquo;accueil, des cat\u00e9gories de produits, des pages de produits uniques et plus<\/li>\n<li>Fonctionnalit\u00e9s int\u00e9gr\u00e9es pour afficher des informations sur les produits, des images, des avis et des produits connexes pour am\u00e9liorer l&rsquo;exp\u00e9rience d&rsquo;achat de vos clients<\/li>\n<li>Tableau de bord backend facile \u00e0 utiliser pour la gestion de votre site et de vos produits, y compris l&rsquo;inventaire, l&rsquo;exp\u00e9dition et les options de paiement<\/li>\n<li>Int\u00e9gration avec des plugins et des outils populaires, tels que MailChimp et Google Analytics, pour les capacit\u00e9s de marketing et d&rsquo;analyse avanc\u00e9es<\/li>\n<li>\u00c9quipe d&rsquo;assistance d\u00e9di\u00e9e \u00e0 toute question ou probl\u00e8mes rencontr\u00e9s lors de l&rsquo;utilisation du th\u00e8me.<\/li>\n<\/ul>\n","protected":false},"excerpt":{"rendered":"<p>Le th\u00e8me WooCommerce moderne moderne est un th\u00e8me WordPress d\u00e9licatement con\u00e7u m\u00e9ticuleusement adapt\u00e9 pour r\u00e9pondre aux besoins des magasins de meubles en ligne. Avec son esth\u00e9tique visuellement agr\u00e9able, ce th\u00e8me combine sans effort le minimalisme avec le design contemporain, offrant la plate-forme id\u00e9ale pour pr\u00e9senter vos produits de meubles dans toute leur gloire. Offrant une pl\u00e9thore de fonctionnalit\u00e9s avanc\u00e9es, y compris une page d&rsquo;accueil enti\u00e8rement personnalisable, une conception r\u00e9active qui s&rsquo;adapte de mani\u00e8re transparente \u00e0 diff\u00e9rents appareils, des options de personnalisation de couleurs et de polices sans effort, et une interface intuitive conviviale, ce th\u00e8me pr\u00e9sente une opportunit\u00e9 in\u00e9gal\u00e9e pour les entreprises qui cherchent \u00e0 conserver une interface Exp\u00e9rience extraordinaire d&rsquo;achat de meubles en ligne pour sa client\u00e8le estim\u00e9e. \u00c9levez votre pr\u00e9sence en ligne \u00e0 des hauteurs sans pr\u00e9c\u00e9dent avec le th\u00e8me moderne du moderne de meubles WooCommerce, et assister \u00e0 une augmentation remarquable de vos ventes en engendressant une exp\u00e9rience de magasinage immersive qui captivera et captivera vos clients \u00e0 partir du moment m\u00eame o\u00f9 ils mettent le pied dans votre magasin virtuel.<\/p>\n","protected":false},"featured_media":144570,"comment_status":"open","ping_status":"open","template":"","meta":[],"product_brand":[2433],"product_cat":[1238,1851,1212],"product_tag":[1366],"class_list":{"0":"post-112124","1":"product","2":"type-product","3":"status-publish","4":"has-post-thumbnail","6":"product_brand-themeforest","7":"product_cat-commerce-electronique-themes","8":"product_cat-entreprise-commerce-electronique-themes","9":"product_cat-themes","10":"product_tag-themeforest","11":"member-discount","12":"discount-restricted","14":"first","15":"instock","16":"sale","17":"downloadable","18":"virtual","19":"sold-individually","20":"purchasable","21":"product-type-simple"},"_links":{"self":[{"href":"https:\/\/gpl-love.com\/fr\/wp-json\/wp\/v2\/product\/112124","targetHints":{"allow":["GET"]}}],"collection":[{"href":"https:\/\/gpl-love.com\/fr\/wp-json\/wp\/v2\/product"}],"about":[{"href":"https:\/\/gpl-love.com\/fr\/wp-json\/wp\/v2\/types\/product"}],"replies":[{"embeddable":true,"href":"https:\/\/gpl-love.com\/fr\/wp-json\/wp\/v2\/comments?post=112124"}],"wp:featuredmedia":[{"embeddable":true,"href":"https:\/\/gpl-love.com\/fr\/wp-json\/wp\/v2\/media\/144570"}],"wp:attachment":[{"href":"https:\/\/gpl-love.com\/fr\/wp-json\/wp\/v2\/media?parent=112124"}],"wp:term":[{"taxonomy":"product_brand","embeddable":true,"href":"https:\/\/gpl-love.com\/fr\/wp-json\/wp\/v2\/product_brand?post=112124"},{"taxonomy":"product_cat","embeddable":true,"href":"https:\/\/gpl-love.com\/fr\/wp-json\/wp\/v2\/product_cat?post=112124"},{"taxonomy":"product_tag","embeddable":true,"href":"https:\/\/gpl-love.com\/fr\/wp-json\/wp\/v2\/product_tag?post=112124"}],"curies":[{"name":"wp","href":"https:\/\/api.w.org\/{rel}","templated":true}]}}