{"id":112122,"date":"2022-03-22T00:00:00","date_gmt":"2022-03-21T23:00:00","guid":{"rendered":"http:\/\/gpl-love.com\/fr\/produit\/terina-multipurpose-elementor-woocommerce-theme\/"},"modified":"2026-04-10T18:42:09","modified_gmt":"2026-04-10T16:42:09","slug":"terina-multipurpose-elementor-woocommerce-theme","status":"publish","type":"product","link":"https:\/\/gpl-love.com\/fr\/produit\/terina-multipurpose-elementor-woocommerce-theme\/","title":{"rendered":"Terina Multipurpose Elementor WooCommerce Theme 1.3.1"},"content":{"rendered":"<h3>Terina Multipurpose Elementor WooCommerce Theme Traits<\/h3>\n<p>Le th\u00e8me WooCommerce de Terina multipurpose Elementor est un th\u00e8me exceptionnellement robuste et adaptable qui est extr\u00eamement adapt\u00e9 \u00e0 une vaste gamme de magasins et d&rsquo;entreprises en ligne. La fonctionnalit\u00e9 in\u00e9gal\u00e9e du th\u00e8me est illustr\u00e9e par son constructeur de page Elementor intuitive, qui vous permet d&rsquo;adapter sans effort votre site Web pour correspondre pr\u00e9cis\u00e9ment \u00e0 votre identit\u00e9 de marque unique et \u00e0 r\u00e9pondre efficacement aux besoins sp\u00e9cifiques de vos clients estim\u00e9s. De plus, le th\u00e8me s&rsquo;int\u00e8gre parfaitement \u00e0 WooCommerce, la principale plate-forme de commerce \u00e9lectronique, vous pr\u00e9sentant ainsi une opportunit\u00e9 transparente d&rsquo;\u00e9tablir sans effort une boutique en ligne impeccable et de vendre facilement vos produits exceptionnels directement \u00e0 partir de votre site Web prestigieux. De plus, le th\u00e8me WooCommerce de Terina multipurpose Elementor vous offre le luxe de choisir parmi un assortiment substantiel de mod\u00e8les et de dispositions m\u00e9ticuleusement con\u00e7us ou m\u00eame de faire un effort suppl\u00e9mentaire et de concevoir un chef-d&rsquo;\u0153uvre esth\u00e9tique vraiment unique \u00e0 partir de z\u00e9ro. Il convient de noter que le th\u00e8me a \u00e9t\u00e9 m\u00e9ticuleusement affin\u00e9 pour optimiser \u00e0 la fois la vitesse et l&rsquo;optimisation des moteurs de recherche (SEO), facilitant ainsi les temps de chargement rapides et garantissant le classement louable des moteurs de recherche. Par cons\u00e9quent, que vous vous embarquiez dans un voyage passionnant pour inaugurer une entreprise commerciale r\u00e9volutionnaire ou si vous revitalisez avec ferveur une entreprise existante, le th\u00e8me WooCommerce multipurpose de Terina \u00e9merge sans \u00e9quivoque comme le choix par excellence pour un site Web sophistiqu\u00e9, poli et non \u00e9quivoque sur le site Web qui est un site Web professionnel qui est picture est certain de laisser une impression ind\u00e9l\u00e9bile sur votre public cible exigeant.<\/p>\n<ul>\n<li>Conception enti\u00e8rement personnalisable et polyvalente, compatible avec Elementor Page Builder<\/li>\n<li>Construit sp\u00e9cifiquement pour WooCommerce, permettant une cr\u00e9ation et une gestion de boutiques en ligne faciles<\/li>\n<li>Comprend plusieurs mises en page de page d&rsquo;accueil et de page int\u00e9rieure \u00e0 choisir<\/li>\n<li>Comprend une vari\u00e9t\u00e9 de sections et d&rsquo;\u00e9l\u00e9ments pr\u00e9-con\u00e7us, tels que les en-t\u00eates, les pieds de page, les listes de produits, et plus<\/li>\n<li>Compatible avec les plugins populaires, tels que la r\u00e9volution du curseur et le formulaire de contact 7<\/li>\n<li>Fonctionnalit\u00e9 d&rsquo;importation de d\u00e9monstration en un clic pour d\u00e9marrer rapidement avec la conception de votre site Web<\/li>\n<li>Conception r\u00e9active mobile pour une visualisation optimale sur tous les appareils<\/li>\n<li>Construit avec l&rsquo;optimisation SEO \u00e0 l&rsquo;esprit pour am\u00e9liorer les classements des moteurs de recherche<\/li>\n<li>Mises \u00e0 jour r\u00e9guli\u00e8res et support client pour vous assurer que votre site Web fonctionne bien et reste \u00e0 jour.<\/li>\n<\/ul>\n","protected":false},"excerpt":{"rendered":"<p>Nous sommes ravis de pr\u00e9senter le th\u00e8me Terina Multipurpose Elementor WooCommerce, une solution de site Web in\u00e9gal\u00e9e adapt\u00e9e aux entreprises en ligne cherchant \u00e0 se distinguer de la concurrence. Ce th\u00e8me de pointe poss\u00e8de une vaste gamme de fonctionnalit\u00e9s con\u00e7ues pour \u00e9lever la pr\u00e9sence de votre site Web, englobant la possibilit\u00e9 de personnaliser pleinement les mises en page, de s\u00e9lectionner parmi une multitude d&rsquo;options d&rsquo;en-t\u00eate et de pied de page, ainsi que de construire sans effort des pages via une intuitive et conviviale intuitive et conviviale Builder de page de glisser-d\u00e9poser. En outre, l&rsquo;inclusion de la fonctionnalit\u00e9 WooCommerce int\u00e9gr\u00e9e simplifie le processus d&rsquo;\u00e9tablissement d&rsquo;une boutique en ligne, vous permettant de commencer rapidement la vente de vos produits estim\u00e9s. Le th\u00e8me Terina transcende les limitations conventionnelles en garantissant sa conception et son optimisation r\u00e9actives compl\u00e8tes pour les moteurs de recherche, garantissant que votre site Web obtient une apparence visuellement \u00e9tonnante sur tous les appareils et attire l&rsquo;attention qu&rsquo;elle m\u00e9rite \u00e0 juste titre. Avec Terina \u00e0 votre disposition, la t\u00e2che intimidante de cr\u00e9er un site Web professionnel et fonctionnel est transform\u00e9e sans effort en une entreprise transparente et \u00e9conome en temps.<\/p>\n","protected":false},"featured_media":145458,"comment_status":"open","ping_status":"open","template":"","meta":[],"product_brand":[2433],"product_cat":[1238,1444,1212],"product_tag":[1366],"class_list":{"0":"post-112122","1":"product","2":"type-product","3":"status-publish","4":"has-post-thumbnail","6":"product_brand-themeforest","7":"product_cat-commerce-electronique-themes","8":"product_cat-creatif-commerce-electronique-themes","9":"product_cat-themes","10":"product_tag-themeforest","11":"member-discount","12":"discount-restricted","14":"first","15":"instock","16":"sale","17":"downloadable","18":"virtual","19":"sold-individually","20":"purchasable","21":"product-type-simple"},"_links":{"self":[{"href":"https:\/\/gpl-love.com\/fr\/wp-json\/wp\/v2\/product\/112122","targetHints":{"allow":["GET"]}}],"collection":[{"href":"https:\/\/gpl-love.com\/fr\/wp-json\/wp\/v2\/product"}],"about":[{"href":"https:\/\/gpl-love.com\/fr\/wp-json\/wp\/v2\/types\/product"}],"replies":[{"embeddable":true,"href":"https:\/\/gpl-love.com\/fr\/wp-json\/wp\/v2\/comments?post=112122"}],"wp:featuredmedia":[{"embeddable":true,"href":"https:\/\/gpl-love.com\/fr\/wp-json\/wp\/v2\/media\/145458"}],"wp:attachment":[{"href":"https:\/\/gpl-love.com\/fr\/wp-json\/wp\/v2\/media?parent=112122"}],"wp:term":[{"taxonomy":"product_brand","embeddable":true,"href":"https:\/\/gpl-love.com\/fr\/wp-json\/wp\/v2\/product_brand?post=112122"},{"taxonomy":"product_cat","embeddable":true,"href":"https:\/\/gpl-love.com\/fr\/wp-json\/wp\/v2\/product_cat?post=112122"},{"taxonomy":"product_tag","embeddable":true,"href":"https:\/\/gpl-love.com\/fr\/wp-json\/wp\/v2\/product_tag?post=112122"}],"curies":[{"name":"wp","href":"https:\/\/api.w.org\/{rel}","templated":true}]}}