{"id":112120,"date":"2024-04-19T00:00:00","date_gmt":"2024-04-18T22:00:00","guid":{"rendered":"http:\/\/gpl-love.com\/fr\/produit\/wpfomify-social-proof-fomo-marketing-plugin\/"},"modified":"2026-03-20T23:51:17","modified_gmt":"2026-03-20T22:51:17","slug":"wpfomify-social-proof-fomo-marketing-plugin","status":"publish","type":"product","link":"https:\/\/gpl-love.com\/fr\/produit\/wpfomify-social-proof-fomo-marketing-plugin\/","title":{"rendered":"WPfomify Social Proof et Fomo Marketing Plugin 2.2.6"},"content":{"rendered":"<h3>WPfomify Social Proof et Fomo Marketing Plugin Traits<\/h3>\n<p>Le plugin WPFomify Social Proof et FOMO Marketing se pr\u00e9sente comme un instrument extraordinaire, celui qui aide essentiellement les entreprises \u00e0 amplifier les taux de conversion de leur site Web. Ce plugin remarquable capitalise sur la puissance de la preuve sociale, pr\u00e9sentant efficacement des notifications en temps r\u00e9el visant \u00e0 inciter les visiteurs \u00e0 s&rsquo;engager dans l&rsquo;action. Notamment, ce plugin comprend une gamme diversifi\u00e9e de fonctionnalit\u00e9s, englobant la possibilit\u00e9 de personnaliser les messages de notification, d&rsquo;acc\u00e8s \u00e0 des options de ciblage avanc\u00e9es et de s&rsquo;int\u00e8gre de mani\u00e8re transparente aux plateformes de marketing en vigueur. WPFomify est ind\u00e9niablement un catalyseur pour \u00e9tablir la confiance et la cr\u00e9dibilit\u00e9 avec un public donn\u00e9, qui culmine in\u00e9vitablement dans l&rsquo;augmentation des ventes et des revenus. De mani\u00e8re significative, l&rsquo;installation et l&rsquo;utilisation de ce plugin sont un processus transparent, ce qui en fait un atout inestimable pour toute strat\u00e9gie marketing. En conclusion, WPFomify est sans \u00e9quivoque un outil formidable, qui permet sans aucun doute aux entreprises de renforcer les conversions et d&rsquo;atteindre les objectifs marketing souhait\u00e9s.<\/p>\n<ul>\n<li>Plugin de marketing social intuitif et facile \u00e0 utiliser et FOMO<\/li>\n<li>Boostez les taux de conversion de votre site Web avec des notifications strat\u00e9giquement plac\u00e9es<\/li>\n<li>Choisissez parmi une vari\u00e9t\u00e9 de types de notification, y compris les ventes, les inscriptions et les avis r\u00e9centes<\/li>\n<li>Options d&rsquo;affichage personnalisables pour correspondre \u00e0 la marque et au style de votre site Web<\/li>\n<li>Int\u00e9grez facilement aux plateformes de marketing par e-mail et CRM populaires pour la communication transparente et le suivi des donn\u00e9es<\/li>\n<li>Options de ciblage dynamique pour afficher des notifications \u00e0 un public sp\u00e9cifique en fonction de l&#8217;emplacement, de la source de r\u00e9f\u00e9rence, et plus<\/li>\n<li>Analyse compl\u00e8te et rapport pour suivre le succ\u00e8s de vos efforts de marketing FOMO<\/li>\n<\/ul>\n","protected":false},"excerpt":{"rendered":"<p>WPFomify est un plugin de preuve sociale et de marketing FOMO tr\u00e8s efficace et robuste qui joue un r\u00f4le central dans l&rsquo;am\u00e9lioration des taux de conversion sur votre site Web. En pr\u00e9sentant des notifications en temps r\u00e9el concernant les activit\u00e9s clients r\u00e9centes telles que les achats, les inscriptions et les t\u00e9l\u00e9chargements, WPFomify inculque un sentiment d&rsquo;urgence profond chez les visiteurs de votre site. Ce qui distingue WPFomify, c&rsquo;est sa caract\u00e9ristique exceptionnelle de vous permettre d&rsquo;adapter l&rsquo;apparence de ces notifications \u00e0 se fondre de mani\u00e8re transparente avec la conception globale de votre site Web. De plus, WPFomify vous permet de surveiller et d&rsquo;\u00e9valuer les performances gr\u00e2ce \u00e0 ses capacit\u00e9s analytiques int\u00e9gr\u00e9es. Essentiellement, WPFomify est un outil indispensable pour les entreprises qui aspirent \u00e0 renforcer leurs chiffres de vente et \u00e0 \u00e9lever l&rsquo;engagement des utilisateurs.<\/p>\n","protected":false},"featured_media":146249,"comment_status":"open","ping_status":"open","template":"","meta":[],"product_brand":[2742],"product_cat":[1207,1181,1186],"product_tag":[1646],"class_list":{"0":"post-112120","1":"product","2":"type-product","3":"status-publish","4":"has-post-thumbnail","6":"product_brand-wp-fomify","7":"product_cat-commercialisation-wordpress-plugins","8":"product_cat-plugins","9":"product_cat-wordpress-plugins","10":"product_tag-wp-fomify","11":"member-discount","12":"discount-restricted","14":"first","15":"instock","16":"sale","17":"downloadable","18":"virtual","19":"sold-individually","20":"purchasable","21":"product-type-simple"},"_links":{"self":[{"href":"https:\/\/gpl-love.com\/fr\/wp-json\/wp\/v2\/product\/112120","targetHints":{"allow":["GET"]}}],"collection":[{"href":"https:\/\/gpl-love.com\/fr\/wp-json\/wp\/v2\/product"}],"about":[{"href":"https:\/\/gpl-love.com\/fr\/wp-json\/wp\/v2\/types\/product"}],"replies":[{"embeddable":true,"href":"https:\/\/gpl-love.com\/fr\/wp-json\/wp\/v2\/comments?post=112120"}],"wp:featuredmedia":[{"embeddable":true,"href":"https:\/\/gpl-love.com\/fr\/wp-json\/wp\/v2\/media\/146249"}],"wp:attachment":[{"href":"https:\/\/gpl-love.com\/fr\/wp-json\/wp\/v2\/media?parent=112120"}],"wp:term":[{"taxonomy":"product_brand","embeddable":true,"href":"https:\/\/gpl-love.com\/fr\/wp-json\/wp\/v2\/product_brand?post=112120"},{"taxonomy":"product_cat","embeddable":true,"href":"https:\/\/gpl-love.com\/fr\/wp-json\/wp\/v2\/product_cat?post=112120"},{"taxonomy":"product_tag","embeddable":true,"href":"https:\/\/gpl-love.com\/fr\/wp-json\/wp\/v2\/product_tag?post=112120"}],"curies":[{"name":"wp","href":"https:\/\/api.w.org\/{rel}","templated":true}]}}