{"id":112118,"date":"2021-02-22T00:00:00","date_gmt":"2021-02-21T23:00:00","guid":{"rendered":"http:\/\/gpl-love.com\/fr\/produit\/woopress-responsive-ecommerce-wordpress-theme\/"},"modified":"2026-03-20T23:48:49","modified_gmt":"2026-03-20T22:48:49","slug":"woopress-responsive-ecommerce-wordpress-theme","status":"publish","type":"product","link":"https:\/\/gpl-love.com\/fr\/produit\/woopress-responsive-ecommerce-wordpress-theme\/","title":{"rendered":"WooPress Responsive Ecommerce WordPress Theme 6.3.2"},"content":{"rendered":"<h3>WooPress Responsive Ecommerce WordPress Theme Traits<\/h3>\n<p>Woopress, un th\u00e8me WordPress de commerce \u00e9lectronique, est r\u00e9put\u00e9 pour sa r\u00e9activit\u00e9 et son dynamisme exceptionnels, qui sont essentiels pour aider les entreprises et les individus \u00e0 \u00e9tablir sans effort de puissants magasins en ligne. Ce th\u00e8me poss\u00e8de un large \u00e9ventail d&rsquo;options personnalisables et une interface qui priorise la convivialit\u00e9 des utilisateurs, garantissant ainsi une exp\u00e9rience d&rsquo;achat transparente pour les clients, quel que soit l&rsquo;appareil qu&rsquo;ils utilisent. De plus, Woopress est \u00e9quip\u00e9 d&rsquo;une optimisation de r\u00e9f\u00e9rencement int\u00e9gr\u00e9e, d&rsquo;une option de disposition multiple et d&rsquo;outils de gestion de produits efficaces, ce qui en fait une solution globale pour ceux qui s&rsquo;efforcent de se lancer dans une entreprise de boutique en ligne prosp\u00e8re ou d&rsquo;\u00e9tendre leur plate-forme eCommerce existante. En raison de sa conception immacul\u00e9e et de ses caract\u00e9ristiques instinctives, Woopress est un atout indispensable pour tous ceux qui cherchent \u00e0 \u00e9lever leur entreprise en ligne \u00e0 des hauteurs sans pr\u00e9c\u00e9dent.<\/p>\n<ul>\n<li>Th\u00e8me WordPress de commerce \u00e9lectronique adapt\u00e9 aux mobiles con\u00e7u pour les magasins en ligne<\/li>\n<li>Propose plus de 10 conceptions de boutiques en ligne pr\u00e9-construites parmi lesquelles<\/li>\n<li>Int\u00e9gration WooCommerce pour la fonctionnalit\u00e9 de commerce \u00e9lectronique sans couture<\/li>\n<li>Faire glisser et d\u00e9poser le constructeur de page pour une personnalisation facile<\/li>\n<li>Installation de d\u00e9monstration en un clic pour une configuration rapide<\/li>\n<li>La compatibilit\u00e9 entre les navigateurs garantit que tous les utilisateurs peuvent acc\u00e9der \u00e0 votre site<\/li>\n<li>SEO optimis\u00e9 pour un meilleur classement des moteurs de recherche<\/li>\n<li>Curseurs, galeries et carrousels de produits int\u00e9gr\u00e9s pour des visuels \u00e9poustouflants<\/li>\n<li>Options avanc\u00e9es de filtrage des produits pour les clients pour trouver facilement ce dont ils ont besoin<\/li>\n<li>Avis des clients et int\u00e9gration des notes pour la preuve sociale<\/li>\n<li>Prise en charge multilingue pour les publics mondiaux.<\/li>\n<\/ul>\n","protected":false},"excerpt":{"rendered":"<p>Woopress, un th\u00e8me WordPress de commerce \u00e9lectronique, poss\u00e8de un design r\u00e9actif qui d\u00e9gage l&rsquo;\u00e9l\u00e9gance et la modernit\u00e9, ce qui en fait un choix optimal pour les d\u00e9taillants en ligne avant-gardistes. Ce th\u00e8me regorge d&rsquo;une pl\u00e9thore de fonctionnalit\u00e9s impressionnantes, allant de la possibilit\u00e9 de personnaliser les dispositions de page d&rsquo;accueil \u00e0 l&rsquo;option de s\u00e9lectionner parmi une gamme infinie de sch\u00e9mas de couleurs, sans parler de son constructeur de pages convivial qui simplifie l&rsquo;ensemble du processus de cr\u00e9ation du site Web. En outre, Woopress s&rsquo;int\u00e8gre de mani\u00e8re transparente avec des plugins largement utilis\u00e9s tels que WooCommerce, WPML et Contact Form 7, ce qui le rend une option hautement compatible et polyvalente pour les entreprises de toutes tailles. Incarnant un m\u00e9lange harmonieux de style et de substance, Woopress est un outil indispensable pour construire une boutique en ligne prosp\u00e8re et triomphante.<\/p>\n","protected":false},"featured_media":146091,"comment_status":"open","ping_status":"open","template":"","meta":[],"product_brand":[2433],"product_cat":[1238,1851,1212],"product_tag":[1366],"class_list":{"0":"post-112118","1":"product","2":"type-product","3":"status-publish","4":"has-post-thumbnail","6":"product_brand-themeforest","7":"product_cat-commerce-electronique-themes","8":"product_cat-entreprise-commerce-electronique-themes","9":"product_cat-themes","10":"product_tag-themeforest","11":"member-discount","12":"discount-restricted","14":"first","15":"instock","16":"sale","17":"downloadable","18":"virtual","19":"sold-individually","20":"purchasable","21":"product-type-simple"},"_links":{"self":[{"href":"https:\/\/gpl-love.com\/fr\/wp-json\/wp\/v2\/product\/112118","targetHints":{"allow":["GET"]}}],"collection":[{"href":"https:\/\/gpl-love.com\/fr\/wp-json\/wp\/v2\/product"}],"about":[{"href":"https:\/\/gpl-love.com\/fr\/wp-json\/wp\/v2\/types\/product"}],"replies":[{"embeddable":true,"href":"https:\/\/gpl-love.com\/fr\/wp-json\/wp\/v2\/comments?post=112118"}],"wp:featuredmedia":[{"embeddable":true,"href":"https:\/\/gpl-love.com\/fr\/wp-json\/wp\/v2\/media\/146091"}],"wp:attachment":[{"href":"https:\/\/gpl-love.com\/fr\/wp-json\/wp\/v2\/media?parent=112118"}],"wp:term":[{"taxonomy":"product_brand","embeddable":true,"href":"https:\/\/gpl-love.com\/fr\/wp-json\/wp\/v2\/product_brand?post=112118"},{"taxonomy":"product_cat","embeddable":true,"href":"https:\/\/gpl-love.com\/fr\/wp-json\/wp\/v2\/product_cat?post=112118"},{"taxonomy":"product_tag","embeddable":true,"href":"https:\/\/gpl-love.com\/fr\/wp-json\/wp\/v2\/product_tag?post=112118"}],"curies":[{"name":"wp","href":"https:\/\/api.w.org\/{rel}","templated":true}]}}