{"id":112116,"date":"2021-05-11T00:00:00","date_gmt":"2021-05-10T22:00:00","guid":{"rendered":"http:\/\/gpl-love.com\/fr\/produit\/bookmify-appointment-booking-wordpress-plugin\/"},"modified":"2026-03-20T22:57:10","modified_gmt":"2026-03-20T21:57:10","slug":"bookmify-appointment-booking-wordpress-plugin","status":"publish","type":"product","link":"https:\/\/gpl-love.com\/fr\/produit\/bookmify-appointment-booking-wordpress-plugin\/","title":{"rendered":"Bookmify Appointment Booking WordPress Plugin 1.4.9"},"content":{"rendered":"<h3>Bookmify Appointment Booking WordPress Plugin Traits<\/h3>\n<p>BookMify Rendez la r\u00e9servation du plugin WordPress est une solution incroyablement robuste et remarquablement intuitive pour les entreprises qui ont besoin de fonctionnalit\u00e9s de planification de rendez-vous. Ce plugin offre la capacit\u00e9 d&rsquo;adapter sans effort vos formulaires de r\u00e9servation, de superviser efficacement les r\u00e9servations et d&rsquo;accepter en toute s\u00e9curit\u00e9 les paiements en ligne. De plus, il s&rsquo;int\u00e8gre parfaitement \u00e0 votre site WordPress et fournit une multitude de fonctionnalit\u00e9s exceptionnelles, y compris des rappels automatis\u00e9s, des notifications personnalis\u00e9es et des e-mails de confirmation pour les r\u00e9servations. Que vous soyez exploit\u00e9 une entreprise modeste ou une entit\u00e9 d&rsquo;entreprise substantielle, le plugin WordPress de r\u00e9servation de rendez-vous BookMify sert l&rsquo;outil id\u00e9al pour rationaliser votre processus de r\u00e9servation de rendez-vous et \u00e9lever la satisfaction globale de votre pr\u00e9cieux client\u00e8le.<\/p>\n<ul>\n<li>Capacit\u00e9 \u00e0 int\u00e9grer facilement la fonctionnalit\u00e9 de r\u00e9servation de rendez-vous dans un site Web WordPress<\/li>\n<li>Options de r\u00e9servation hautement personnalisables, y compris la dur\u00e9e de rendez-vous et les temps de disponibilit\u00e9<\/li>\n<li>Notifications par e-mail automatiques pour les clients et les administrateurs<\/li>\n<li>Int\u00e9gration avec Google Calendar pour une gestion de rendez-vous facile<\/li>\n<li>Options de paiement flexibles, y compris PayPal et Stripe<\/li>\n<li>Conception r\u00e9active mobile pour une r\u00e9servation facile \u00e0 l&#8217;emploi<\/li>\n<li>Option pour permettre aux clients de r\u00e9server des rendez-vous r\u00e9currents<\/li>\n<li>Tableau de bord backend convivial pour une gestion de rendez-vous facile<\/li>\n<li>Possibilit\u00e9 de configurer diff\u00e9rents services et d&rsquo;attribuer des membres du personnel \u00e0 chaque service<\/li>\n<li>Option pour ajouter des champs personnalis\u00e9s au formulaire de r\u00e9servation pour une collecte d&rsquo;informations suppl\u00e9mentaires.<\/li>\n<\/ul>\n","protected":false},"excerpt":{"rendered":"<p>Notre plugin WordPress de r\u00e9servation de rendez-vous Bookmify offre un moyen transparent de g\u00e9rer votre calendrier et votre horaire commercial. Le plugin s&rsquo;int\u00e8gre en douceur dans votre site WordPress, ce qui vous fait gagner du temps et des efforts en automatisant le processus de r\u00e9servation. Facilement accessible \u00e0 partir de tout appareil, le bookmify am\u00e9liore l&rsquo;exp\u00e9rience utilisateur en permettant aux clients de prendre rendez-vous \u00e0 leur convenance. Avec son interface intuitive, ce plugin est facile \u00e0 configurer et \u00e0 personnaliser pour r\u00e9pondre \u00e0 vos besoins commerciaux sp\u00e9cifiques. Que vous poss\u00e9diez un salon, un studio de fitness ou une clinique de sant\u00e9, Bookmify peut am\u00e9liorer votre entreprise en rationalisant votre processus de planification de rendez-vous. En outre, il est \u00e9quip\u00e9 d&rsquo;un syst\u00e8me de notification complet qui garantit que vous et vos clients ne manquez jamais de rendez-vous. Mettez \u00e0 niveau votre site WordPress avec le plugin de r\u00e9servation de rendez-vous Bookmify et d\u00e9couvrez un processus de planification de rendez-vous sans tracas.<\/p>\n","protected":false},"featured_media":143299,"comment_status":"open","ping_status":"open","template":"","meta":[],"product_brand":[2435],"product_cat":[1189,1181,1186],"product_tag":[1231],"class_list":{"0":"post-112116","1":"product","2":"type-product","3":"status-publish","4":"has-post-thumbnail","6":"product_brand-codecanyon","7":"product_cat-personnalisation","8":"product_cat-plugins","9":"product_cat-wordpress-plugins","10":"product_tag-codecanyon","11":"member-discount","12":"discount-restricted","14":"first","15":"instock","16":"sale","17":"downloadable","18":"virtual","19":"sold-individually","20":"purchasable","21":"product-type-simple"},"_links":{"self":[{"href":"https:\/\/gpl-love.com\/fr\/wp-json\/wp\/v2\/product\/112116","targetHints":{"allow":["GET"]}}],"collection":[{"href":"https:\/\/gpl-love.com\/fr\/wp-json\/wp\/v2\/product"}],"about":[{"href":"https:\/\/gpl-love.com\/fr\/wp-json\/wp\/v2\/types\/product"}],"replies":[{"embeddable":true,"href":"https:\/\/gpl-love.com\/fr\/wp-json\/wp\/v2\/comments?post=112116"}],"wp:featuredmedia":[{"embeddable":true,"href":"https:\/\/gpl-love.com\/fr\/wp-json\/wp\/v2\/media\/143299"}],"wp:attachment":[{"href":"https:\/\/gpl-love.com\/fr\/wp-json\/wp\/v2\/media?parent=112116"}],"wp:term":[{"taxonomy":"product_brand","embeddable":true,"href":"https:\/\/gpl-love.com\/fr\/wp-json\/wp\/v2\/product_brand?post=112116"},{"taxonomy":"product_cat","embeddable":true,"href":"https:\/\/gpl-love.com\/fr\/wp-json\/wp\/v2\/product_cat?post=112116"},{"taxonomy":"product_tag","embeddable":true,"href":"https:\/\/gpl-love.com\/fr\/wp-json\/wp\/v2\/product_tag?post=112116"}],"curies":[{"name":"wp","href":"https:\/\/api.w.org\/{rel}","templated":true}]}}