{"id":112114,"date":"2024-06-03T00:00:00","date_gmt":"2024-06-02T22:00:00","guid":{"rendered":"http:\/\/gpl-love.com\/fr\/produit\/woocommerce-worldpay-gateway\/"},"modified":"2026-03-20T23:48:35","modified_gmt":"2026-03-20T22:48:35","slug":"woocommerce-worldpay-gateway","status":"publish","type":"product","link":"https:\/\/gpl-love.com\/fr\/produit\/woocommerce-worldpay-gateway\/","title":{"rendered":"WooCommerce WorldPay Gateway 5.4.0"},"content":{"rendered":"<h3>WooCommerce WorldPay Gateway Traits<\/h3>\n<p>La passerelle WooCommerce WorldPay s&rsquo;av\u00e8re \u00eatre une solution de passerelle de paiement incroyablement efficace et s\u00e9curis\u00e9e, offrant aux d\u00e9taillants en ligne les moyens d&rsquo;accepter sans effort les paiements en ligne de leurs clients. Cette passerelle permet aux commer\u00e7ants de traiter efficacement les paiements provenant des principaux cartes de cr\u00e9dit et de d\u00e9bit, englobant les go\u00fbts de Visa, MasterCard et American Express, entre autres m\u00e9thodes de paiement largement reconnues. De plus, le plugin s&rsquo;int\u00e8gre parfaitement \u00e0 WooCommerce, une plate-forme de commerce \u00e9lectronique tr\u00e8s populaire, offrant une gamme de fonctionnalit\u00e9s impressionnantes qui incluent la facilitation de pages de paiement personnalis\u00e9es, la tokenisation afin d&rsquo;assurer des paiements s\u00e9curis\u00e9s, ainsi que d&rsquo;offrir des mesures de protection contre la fraude avanc\u00e9es. En fin de compte, la passerelle WooCommerce WorldPay appara\u00eet comme une option de passerelle de paiement digne de confiance et conviviale, offrant aux entreprises en ligne la possibilit\u00e9 de rationaliser efficacement leurs proc\u00e9dures de paiement, de favoriser la confiance des clients et, finalement, de subir une augmentation des ventes.<\/p>\n<ul>\n<li>Accepte les paiements en ligne en toute s\u00e9curit\u00e9 et de mani\u00e8re fiable via WorldPay<\/li>\n<li>Prend en charge toutes les principales cartes de cr\u00e9dit et de d\u00e9bit<\/li>\n<li>Facile \u00e0 installer et \u00e0 configurer dans votre boutique WooCommerce<\/li>\n<li>Fournit des rapports et gestion des transactions en temps r\u00e9el<\/li>\n<li>Offre un formulaire de paiement personnalisable pour correspondre \u00e0 la marque de votre site Web<\/li>\n<li>Prend en charge les paiements et abonnements r\u00e9currents<\/li>\n<li>Fournit des fonctionnalit\u00e9s de d\u00e9pistage et de protection contre la fraude<\/li>\n<li>Offre la prise en charge et les mises \u00e0 jour pour l&rsquo;am\u00e9lioration continue et les corrections de bogues<\/li>\n<\/ul>\n","protected":false},"excerpt":{"rendered":"<p>Le WooCommerce WorldPay Gateway, un plugin extr\u00eamement robuste, offre aux entreprises la possibilit\u00e9 de recevoir des paiements en ligne en toute s\u00e9curit\u00e9 via WorldPay. Ce plugin remarquable s&rsquo;amalgame parfaitement avec votre boutique WooCommerce, vous accordant l&rsquo;acc\u00e8s \u00e0 une gamme d&rsquo;options de paiement, englobant des paiements de cr\u00e9dit et de d\u00e9bit, 3D s\u00e9curis\u00e9 et un assortiment d&rsquo;autres. Gr\u00e2ce \u00e0 son processus de configuration simple sans effort et \u00e0 son interface intuitive, la capacit\u00e9 de commencer \u00e0 accepter les paiements est acc\u00e9l\u00e9r\u00e9e. En outre, les vastes m\u00e9canismes de d\u00e9pistage de la fraude de WorldPay et les fonctionnalit\u00e9s de s\u00e9curit\u00e9 avanc\u00e9es vous offrent une tranquillit\u00e9 d&rsquo;esprit, car vos transactions restent sauvegard\u00e9es. \u00c9levez votre entreprise \u00e0 des hauteurs sans pr\u00e9c\u00e9dent avec la passerelle WooCommerce WorldPay.<\/p>\n","protected":false},"featured_media":146076,"comment_status":"open","ping_status":"open","template":"","meta":[],"product_brand":[2440],"product_cat":[1182,1401,1181],"product_tag":[1398],"class_list":{"0":"post-112114","1":"product","2":"type-product","3":"status-publish","4":"has-post-thumbnail","6":"product_brand-woocommerce","7":"product_cat-commerce-electronique-plugins","8":"product_cat-paiement-commerce-electronique-plugins","9":"product_cat-plugins","10":"product_tag-woocommerce","11":"member-discount","12":"discount-restricted","14":"first","15":"instock","16":"sale","17":"downloadable","18":"virtual","19":"sold-individually","20":"purchasable","21":"product-type-simple"},"_links":{"self":[{"href":"https:\/\/gpl-love.com\/fr\/wp-json\/wp\/v2\/product\/112114","targetHints":{"allow":["GET"]}}],"collection":[{"href":"https:\/\/gpl-love.com\/fr\/wp-json\/wp\/v2\/product"}],"about":[{"href":"https:\/\/gpl-love.com\/fr\/wp-json\/wp\/v2\/types\/product"}],"replies":[{"embeddable":true,"href":"https:\/\/gpl-love.com\/fr\/wp-json\/wp\/v2\/comments?post=112114"}],"wp:featuredmedia":[{"embeddable":true,"href":"https:\/\/gpl-love.com\/fr\/wp-json\/wp\/v2\/media\/146076"}],"wp:attachment":[{"href":"https:\/\/gpl-love.com\/fr\/wp-json\/wp\/v2\/media?parent=112114"}],"wp:term":[{"taxonomy":"product_brand","embeddable":true,"href":"https:\/\/gpl-love.com\/fr\/wp-json\/wp\/v2\/product_brand?post=112114"},{"taxonomy":"product_cat","embeddable":true,"href":"https:\/\/gpl-love.com\/fr\/wp-json\/wp\/v2\/product_cat?post=112114"},{"taxonomy":"product_tag","embeddable":true,"href":"https:\/\/gpl-love.com\/fr\/wp-json\/wp\/v2\/product_tag?post=112114"}],"curies":[{"name":"wp","href":"https:\/\/api.w.org\/{rel}","templated":true}]}}