{"id":112112,"date":"2025-12-25T00:00:00","date_gmt":"2025-12-24T23:00:00","guid":{"rendered":"http:\/\/gpl-love.com\/fr\/produit\/woocommerce-paid-courses\/"},"modified":"2026-03-20T23:46:40","modified_gmt":"2026-03-20T22:46:40","slug":"woocommerce-paid-courses","status":"publish","type":"product","link":"https:\/\/gpl-love.com\/fr\/produit\/woocommerce-paid-courses\/","title":{"rendered":"WooCommerce Paid Courses Sensei Pro 4.25.2.1.24.5"},"content":{"rendered":"<h3>WooCommerce Paid Courses Sensei Pro Traits<\/h3>\n<p>WooCommerce Pay\u00e9 Cours Sensei Pro est un plugin tr\u00e8s robuste et avanc\u00e9 qui a \u00e9t\u00e9 m\u00e9ticuleusement con\u00e7u pour vous fournir une gamme compl\u00e8te d&rsquo;outils exceptionnels qui sont essentiels pour la cr\u00e9ation, la vente et la gestion de vos cours en ligne estim\u00e9s sur votre propre site WordPress. Avec une interface remarquablement conviviale, ce plugin garantit que vous pouvez g\u00e9n\u00e9rer et superviser sans effort votre contenu de cours, l&rsquo;int\u00e9grer parfaitement \u00e0 votre passerelle de paiement pr\u00e9f\u00e9r\u00e9e, \u00e9tablir des plans de prix bien structur\u00e9s et surveiller m\u00e9ticuleusement les progr\u00e8s de vos \u00e9tudiants. De plus, ce plugin remarquable vous permet de fabriquer sans effort un assortiment de types de cours divers, englobant des questionnaires, des affectations et des forums de discussion, tout en vous accordant simultan\u00e9ment la capacit\u00e9 d&rsquo;impl\u00e9menter de mani\u00e8re transparente du contenu multim\u00e9dia, y compris, mais pas limit\u00e9 aux vid\u00e9os et aux images. De plus, le plugin s&rsquo;efforce \u00e9galement de faciliter la personnalisation impeccablement personnalis\u00e9e de vos cours pour s&rsquo;aligner bien avec votre marque ch\u00e9ri, garantissant ainsi une coh\u00e9sion et une uniformit\u00e9 maximales. De plus, il vous pr\u00e9sente une opportunit\u00e9 exceptionnelle de configurer vos cours avec du contenu goutte \u00e0 goutte, en les connectant complets avec des services de marketing par e-mail tr\u00e8s r\u00e9pandus, garantissant ainsi un degr\u00e9 de commodit\u00e9 et d&rsquo;efficacit\u00e9 in\u00e9gal\u00e9. Pour r\u00e9sumer, il est abondamment \u00e9vident que WooCommerce a pay\u00e9 des cours Sensei Pro sert de solution remarquablement id\u00e9ale pour les individus souhaitant mon\u00e9tiser lucrativement leur contenu \u00e9ducatif en ligne inestimable, tout en \u00e9tant en mesure de contourner sans effort toutes les complications ou obstructions qui pourraient survenir tout au long du processus.<\/p>\n<ul>\n<li>Une puissante solution d&rsquo;apprentissage en ligne pour les sites WordPress utilisant WooCommerce<\/li>\n<li>Permet aux entreprises de cr\u00e9er et de vendre des cours payants avec facilit\u00e9<\/li>\n<li>Comprend Sensei Pro, qui offre des fonctionnalit\u00e9s avanc\u00e9es et des options de personnalisation<\/li>\n<li>Permet la cr\u00e9ation de quiz, de tests et d&rsquo;affectations<\/li>\n<li>Fournit des rapports et des analyses d\u00e9taill\u00e9s sur les progr\u00e8s des \u00e9tudiants et les performances des cours<\/li>\n<li>Offre des options de tarification flexibles, y compris les abonnements et les paiements uniques<\/li>\n<li>S&rsquo;int\u00e8gre aux passerelles de paiement populaires pour le paiement sans couture<\/li>\n<li>Fournit un tableau de bord de cours convivial pour les \u00e9tudiants afin de suivre leurs progr\u00e8s et acc\u00e9der au mat\u00e9riel de cours<\/li>\n<li>Offre des options de personnalisation pour les dispositions de cours, la marque et les certificats<\/li>\n<li>Fournit un support client et une documentation pour une configuration et une utilisation faciles.<\/li>\n<\/ul>\n","protected":false},"excerpt":{"rendered":"<p>WooCommerce Pay\u00e9 Cours Sensei Pro est un plugin en ligne tr\u00e8s sophistiqu\u00e9 et de pointe qui vous permet de g\u00e9n\u00e9rer et de commercialiser sans effort et de commercialiser des cours en ligne. En exploitant ses fonctionnalit\u00e9s robustes, telles que la capacit\u00e9 de publier progressivement le contenu du cours, d&rsquo;\u00e9valuer efficacement les performances des \u00e9tudiants et de superviser efficacement les quiz, vous pouvez d\u00e9velopper des cours captivants qui non seulement inspirent et motiver vos \u00e9tudiants, mais aussi les garder sur la bonne voie vers le succ\u00e8s. En outre, ce plugin s&rsquo;int\u00e8gre de mani\u00e8re transparente \u00e0 WooCommerce, vous accordant la commodit\u00e9 de g\u00e9rer les inscriptions, de traiter les paiements et de surveiller les progr\u00e8s des \u00e9tudiants dans une seule plate-forme centralis\u00e9e. Que vous soyez un instructeur individuel ou un \u00e9tablissement substantiel, WooCommerce payant des cours Sensei Pro est la solution optimale pour \u00e9tablir et nourrir une entreprise d&rsquo;apprentissage en ligne florissante.<\/p>\n","protected":false},"featured_media":145953,"comment_status":"open","ping_status":"open","template":"","meta":[],"product_brand":[2440],"product_cat":[1182,1223,1181],"product_tag":[1398],"class_list":{"0":"post-112112","1":"product","2":"type-product","3":"status-publish","4":"has-post-thumbnail","6":"product_brand-woocommerce","7":"product_cat-commerce-electronique-plugins","8":"product_cat-personnalisation-commerce-electronique-plugins","9":"product_cat-plugins","10":"product_tag-woocommerce","11":"member-discount","12":"discount-restricted","14":"first","15":"instock","16":"sale","17":"downloadable","18":"virtual","19":"sold-individually","20":"purchasable","21":"product-type-simple"},"_links":{"self":[{"href":"https:\/\/gpl-love.com\/fr\/wp-json\/wp\/v2\/product\/112112","targetHints":{"allow":["GET"]}}],"collection":[{"href":"https:\/\/gpl-love.com\/fr\/wp-json\/wp\/v2\/product"}],"about":[{"href":"https:\/\/gpl-love.com\/fr\/wp-json\/wp\/v2\/types\/product"}],"replies":[{"embeddable":true,"href":"https:\/\/gpl-love.com\/fr\/wp-json\/wp\/v2\/comments?post=112112"}],"wp:featuredmedia":[{"embeddable":true,"href":"https:\/\/gpl-love.com\/fr\/wp-json\/wp\/v2\/media\/145953"}],"wp:attachment":[{"href":"https:\/\/gpl-love.com\/fr\/wp-json\/wp\/v2\/media?parent=112112"}],"wp:term":[{"taxonomy":"product_brand","embeddable":true,"href":"https:\/\/gpl-love.com\/fr\/wp-json\/wp\/v2\/product_brand?post=112112"},{"taxonomy":"product_cat","embeddable":true,"href":"https:\/\/gpl-love.com\/fr\/wp-json\/wp\/v2\/product_cat?post=112112"},{"taxonomy":"product_tag","embeddable":true,"href":"https:\/\/gpl-love.com\/fr\/wp-json\/wp\/v2\/product_tag?post=112112"}],"curies":[{"name":"wp","href":"https:\/\/api.w.org\/{rel}","templated":true}]}}