{"id":112110,"date":"2025-07-29T00:00:00","date_gmt":"2025-07-28T22:00:00","guid":{"rendered":"http:\/\/gpl-love.com\/fr\/produit\/woocommerce-measurement-price-calculator\/"},"modified":"2026-04-10T18:47:17","modified_gmt":"2026-04-10T16:47:17","slug":"woocommerce-measurement-price-calculator","status":"publish","type":"product","link":"https:\/\/gpl-love.com\/fr\/produit\/woocommerce-measurement-price-calculator\/","title":{"rendered":"WooCommerce Measurement Price Calculator 3.23.9"},"content":{"rendered":"<h3>WooCommerce Measurement Price Calculator Traits<\/h3>\n<p>La calculatrice de prix de mesure WooCommerce, un outil extraordinairement robuste, vous offre la capacit\u00e9 transparente \u00e0 \u00e9tablir sans effort des r\u00e9glementations de tarification personnalis\u00e9es pour vos produits subordonn\u00e9s \u00e0 leurs mesures. \u00c9quip\u00e9 de ce plugin, vous pouvez configurer sans effort un syst\u00e8me de tarification dynamique reposant sur le poids, les dimensions, la zone ou le volume, vous permettant ainsi de offrir des prix diff\u00e9rents pour des tailles variantes ou des quantit\u00e9s de produits identiques. Le plugin lui-m\u00eame est convivial, vous accordant la libert\u00e9 de personnaliser votre r\u00e9glementation de prix pour vous aligner sur vos besoins explicites. Que vous soyez des produits de vente sur la base du poids ou du volume, ou que vous aspirez simplement \u00e0 pr\u00e9senter des prix \u00e0 plusieurs niveaux sur la taille, le calculateur de prix de mesure WooCommerce constitue un outil indispensable pour chaque boutique en ligne.<\/p>\n<ul>\n<li>Calculez facilement les prix en fonction des mesures de vos produits WooCommerce<\/li>\n<li>Unit\u00e9s de mesure personnalisables pour la longueur, la hauteur, la largeur, le volume et le poids<\/li>\n<li>Prend en charge plusieurs formules de tarification pour diff\u00e9rentes plages de mesure<\/li>\n<li>Cr\u00e9ez des tables de prix pour que les clients puissent voir comment les mesures affectent les prix<\/li>\n<li>Interface utilisateur intuitive pour une configuration et une personnalisation faciles<\/li>\n<li>Compatible avec une vari\u00e9t\u00e9 de types de produits WooCommerce, y compris des produits variables et des abonnements<\/li>\n<li>\u00c9limine le besoin de calcul des prix manuels, d&rsquo;\u00e9conomie de temps et de r\u00e9duction des erreurs<\/li>\n<li>Fournit des prix pr\u00e9cis pour les produits avec des exigences de mesure complexes<\/li>\n<li>Peut \u00eatre utilis\u00e9 pour les produits physiques et num\u00e9riques, tels que des v\u00eatements sur mesure ou des logiciels t\u00e9l\u00e9chargeables<\/li>\n<li>Fonctionne de mani\u00e8re transparente avec d&rsquo;autres plugins et th\u00e8mes WooCommerce pour une exp\u00e9rience de commerce \u00e9lectronique coh\u00e9rente.<\/li>\n<\/ul>\n","protected":false},"excerpt":{"rendered":"<p>La calculatrice de prix de mesure WooCommerce est un plugin incroyablement robuste qui vous accorde la capacit\u00e9 sans effort de fournir des marchandises qui sont \u00e9valu\u00e9es en fonction de la mesure. Que votre inventaire se compose d&rsquo;articles tels que des rev\u00eatements de sol, des textiles ou des rev\u00eatements muraux, ce plugin vous offre la possibilit\u00e9 d&rsquo;\u00e9tablir des param\u00e8tres de tarification fond\u00e9s sur vos propres mesures sur mesure. Le panth\u00e9on des types de mesure disponibles pour la s\u00e9lection est des options de grandeur, englobant telles que la surface, le volume ou le poids, et les affichages de prix cons\u00e9quents sont g\u00e9n\u00e9r\u00e9s automatiquement en r\u00e9ponse \u00e0 l&rsquo;entr\u00e9e fournie par le client. En incorporant la calculatrice de prix de mesure WooCommerce dans votre plate-forme de commerce \u00e9lectronique, vous pouvez fournir \u00e0 votre client\u00e8le une exp\u00e9rience d&rsquo;achat fluide et rationalis\u00e9e qui est propice \u00e0 l&rsquo;augmentation de vos chiffres de vente globaux.<\/p>\n","protected":false},"featured_media":145918,"comment_status":"open","ping_status":"open","template":"","meta":[],"product_brand":[2440],"product_cat":[1182,1223,1181],"product_tag":[1398],"class_list":{"0":"post-112110","1":"product","2":"type-product","3":"status-publish","4":"has-post-thumbnail","6":"product_brand-woocommerce","7":"product_cat-commerce-electronique-plugins","8":"product_cat-personnalisation-commerce-electronique-plugins","9":"product_cat-plugins","10":"product_tag-woocommerce","11":"member-discount","12":"discount-restricted","14":"first","15":"instock","16":"sale","17":"downloadable","18":"virtual","19":"sold-individually","20":"purchasable","21":"product-type-simple"},"_links":{"self":[{"href":"https:\/\/gpl-love.com\/fr\/wp-json\/wp\/v2\/product\/112110","targetHints":{"allow":["GET"]}}],"collection":[{"href":"https:\/\/gpl-love.com\/fr\/wp-json\/wp\/v2\/product"}],"about":[{"href":"https:\/\/gpl-love.com\/fr\/wp-json\/wp\/v2\/types\/product"}],"replies":[{"embeddable":true,"href":"https:\/\/gpl-love.com\/fr\/wp-json\/wp\/v2\/comments?post=112110"}],"wp:featuredmedia":[{"embeddable":true,"href":"https:\/\/gpl-love.com\/fr\/wp-json\/wp\/v2\/media\/145918"}],"wp:attachment":[{"href":"https:\/\/gpl-love.com\/fr\/wp-json\/wp\/v2\/media?parent=112110"}],"wp:term":[{"taxonomy":"product_brand","embeddable":true,"href":"https:\/\/gpl-love.com\/fr\/wp-json\/wp\/v2\/product_brand?post=112110"},{"taxonomy":"product_cat","embeddable":true,"href":"https:\/\/gpl-love.com\/fr\/wp-json\/wp\/v2\/product_cat?post=112110"},{"taxonomy":"product_tag","embeddable":true,"href":"https:\/\/gpl-love.com\/fr\/wp-json\/wp\/v2\/product_tag?post=112110"}],"curies":[{"name":"wp","href":"https:\/\/api.w.org\/{rel}","templated":true}]}}