{"id":112108,"date":"2023-11-10T00:00:00","date_gmt":"2023-11-09T23:00:00","guid":{"rendered":"http:\/\/gpl-love.com\/fr\/produit\/epic-news-elements-add-ons-for-elementor-wpbakery-page-builder\/"},"modified":"2026-03-20T23:04:31","modified_gmt":"2026-03-20T22:04:31","slug":"epic-news-elements-add-ons-for-elementor-wpbakery-page-builder","status":"publish","type":"product","link":"https:\/\/gpl-love.com\/fr\/produit\/epic-news-elements-add-ons-for-elementor-wpbakery-page-builder\/","title":{"rendered":"Epic News Elements Add-ons pour Elementor et WPBakery Page Builder 2.3.8"},"content":{"rendered":"<h3>Epic News Elements Add-ons pour Elementor et WPBakery Page Builder Traits<\/h3>\n<p>Epic News Elements Ad-ons pour Elementor et WPBakery Page Builder est un produit essentiel et indispensable pour les personnes cherchant \u00e0 fa\u00e7onner des pages de nouvelles ou des blogs extraordinaires, car il englobe un large \u00e9ventail de fonctionnalit\u00e9s remarquables, notamment un ticker de presse, une grille postale, des onglets d&rsquo;actualit\u00e9s, des actualit\u00e9s Carrousel, boutons de partage social et abondance d&rsquo;autres attributs exceptionnels. En outre, il convient de noter que ces modules compl\u00e9mentaires sont enti\u00e8rement compatibles avec Elementor et WPBakery Page Builder, facilitant ainsi la cr\u00e9ation de pages de qualit\u00e9 professionnelle d\u00e9pourvues de la n\u00e9cessit\u00e9 d&rsquo;une expertise de codage. En embrassant les modules compl\u00e9mentaires Epic News Elements, la personnalisation de vos pages d&rsquo;actualit\u00e9s pour refl\u00e9ter le style unique de votre marque devient une entreprise sans effort. De plus, votre public est forc\u00e9ment captiv\u00e9 et engag\u00e9 par le contenu tr\u00e8s pertinent que vous fournissez. Que vous soyez blogueur, journaliste ou propri\u00e9taire d&rsquo;un site Web d&rsquo;actualit\u00e9s, ces modules compl\u00e9mentaires s&rsquo;av\u00e9reront un atout inestimable dans la construction d&rsquo;une page d&rsquo;information visuellement \u00e9poustouflante qui se d\u00e9marque ind\u00e9niablement du reste.<\/p>\n<ul>\n<li>Ajoute une large gamme d&rsquo;\u00e9l\u00e9ments d&rsquo;actualit\u00e9s con\u00e7us par des professionnels \u00e0 Elementor et WPBakery Page Builder<\/li>\n<li>Am\u00e9liore la mise en page et la conception globales de votre site Web ou blog d&rsquo;actualit\u00e9s<\/li>\n<li>Offre une interface utilisateur flexible et personnalisable pour les modifications de conception intuitive<\/li>\n<li>Fournit une vaste biblioth\u00e8que de mod\u00e8les et de d\u00e9mos pr\u00e9fabriqu\u00e9s pour une impl\u00e9mentation facile<\/li>\n<li>Gave du temps et des efforts avec une fonctionnalit\u00e9 facile \u00e0 glisser-d\u00e9poser<\/li>\n<li>Comprend l&rsquo;int\u00e9gration du partage social pour encourager l&rsquo;engagement<\/li>\n<li>Offre des performances rapides et optimis\u00e9es pour une exp\u00e9rience utilisateur transparente<\/li>\n<li>Offre une conception r\u00e9active pour une visualisation optimale sur n&rsquo;importe quel appareil<\/li>\n<li>Comprend des mises \u00e0 jour r\u00e9guli\u00e8res et une prise en charge des fonctionnalit\u00e9s fiables<\/li>\n<li>Compatible avec WordPress -0 ou plus et facile \u00e0 installer et \u00e0 utiliser.<\/li>\n<\/ul>\n","protected":false},"excerpt":{"rendered":"<p>Epic News Elements Add-ons pour Elementor et WPBakery Page Builder, \u00e9tant un plugin remarquablement robuste, vous donne la possibilit\u00e9 de fabriquer sans effort des sites de nouvelles impressionnants. Ce module compl\u00e9mentaire est \u00e9quip\u00e9 d&rsquo;une pl\u00e9thore de widgets et de mod\u00e8les avanc\u00e9s, ce qui facilite l&rsquo;assimilation sans effort des mises \u00e0 jour de nouvelles, des histoires tendance et bien plus dans votre site Web. L&rsquo;int\u00e9gration transparente de ce module compl\u00e9mentaire avec l&rsquo;\u00e9l\u00e9mentor et WPBakery Page Builder vous permet de personnaliser ces \u00e9l\u00e9ments conform\u00e9ment au style et au design distinctifs de votre marque. Il importe que vous soyez journaliste, blogueur ou organisation de presse, pour Epic News Elements, les modules compl\u00e9mentaires doivent sans aucun doute \u00e9lever votre site Web d&rsquo;actualit\u00e9s \u00e0 des sommets sans pr\u00e9c\u00e9dent.<\/p>\n","protected":false},"featured_media":143780,"comment_status":"open","ping_status":"open","template":"","meta":[],"product_brand":[2435],"product_cat":[1189,1181,1186],"product_tag":[1231],"class_list":{"0":"post-112108","1":"product","2":"type-product","3":"status-publish","4":"has-post-thumbnail","6":"product_brand-codecanyon","7":"product_cat-personnalisation","8":"product_cat-plugins","9":"product_cat-wordpress-plugins","10":"product_tag-codecanyon","11":"member-discount","12":"discount-restricted","14":"first","15":"instock","16":"sale","17":"downloadable","18":"virtual","19":"sold-individually","20":"purchasable","21":"product-type-simple"},"_links":{"self":[{"href":"https:\/\/gpl-love.com\/fr\/wp-json\/wp\/v2\/product\/112108","targetHints":{"allow":["GET"]}}],"collection":[{"href":"https:\/\/gpl-love.com\/fr\/wp-json\/wp\/v2\/product"}],"about":[{"href":"https:\/\/gpl-love.com\/fr\/wp-json\/wp\/v2\/types\/product"}],"replies":[{"embeddable":true,"href":"https:\/\/gpl-love.com\/fr\/wp-json\/wp\/v2\/comments?post=112108"}],"wp:featuredmedia":[{"embeddable":true,"href":"https:\/\/gpl-love.com\/fr\/wp-json\/wp\/v2\/media\/143780"}],"wp:attachment":[{"href":"https:\/\/gpl-love.com\/fr\/wp-json\/wp\/v2\/media?parent=112108"}],"wp:term":[{"taxonomy":"product_brand","embeddable":true,"href":"https:\/\/gpl-love.com\/fr\/wp-json\/wp\/v2\/product_brand?post=112108"},{"taxonomy":"product_cat","embeddable":true,"href":"https:\/\/gpl-love.com\/fr\/wp-json\/wp\/v2\/product_cat?post=112108"},{"taxonomy":"product_tag","embeddable":true,"href":"https:\/\/gpl-love.com\/fr\/wp-json\/wp\/v2\/product_tag?post=112108"}],"curies":[{"name":"wp","href":"https:\/\/api.w.org\/{rel}","templated":true}]}}