{"id":112106,"date":"2021-08-06T00:00:00","date_gmt":"2021-08-05T22:00:00","guid":{"rendered":"http:\/\/gpl-love.com\/fr\/produit\/woocommerce-delivery-delivery-date-time-slots\/"},"modified":"2026-04-10T18:46:39","modified_gmt":"2026-04-10T16:46:39","slug":"woocommerce-delivery-delivery-date-time-slots","status":"publish","type":"product","link":"https:\/\/gpl-love.com\/fr\/produit\/woocommerce-delivery-delivery-date-time-slots\/","title":{"rendered":"WooCommerce Delivery Delivery Date et Time Slots 1.1.24"},"content":{"rendered":"<h3>WooCommerce Delivery Delivery Date et Time Slots Traits<\/h3>\n<p>Le plugin Date de livraison de livraison WooCommerce et des cr\u00e9neaux horaires, un outil inestimable pour les entreprises, leur permet d&rsquo;offrir \u00e0 leurs clients la libert\u00e9 inestimable de s\u00e9lectionner la date de livraison et le calendrier souhait\u00e9s pendant la phase de paiement. Ce plugin remarquable rationalise efficacement l&rsquo;ensemble du processus d&rsquo;organisation de toutes les demandes de livraison, ce qui le rend consid\u00e9rablement plus simple pour que les entreprises r\u00e9glementent avec comp\u00e9tence leurs horaires de livraison. En incorporant cette fonctionnalit\u00e9 exceptionnelle, les entreprises ont la capacit\u00e9 remarquable d&rsquo;\u00e9lever l&rsquo;exp\u00e9rience client \u00e0 des hauteurs sans pr\u00e9c\u00e9dent et de stimuler simultan\u00e9ment les ventes en fournissant un service extr\u00eamement personnalis\u00e9. De plus, la beaut\u00e9 de ce plugin r\u00e9side dans son installation sans effort et sa personnalisation transparente, ce qui en fait une n\u00e9cessit\u00e9 absolue pour toute entreprise qui exploite une boutique en ligne sur WooCommerce.<\/p>\n<ul>\n<li>Plugin facile \u00e0 utiliser qui permet aux clients de choisir leur date de livraison et leur calendrier pr\u00e9f\u00e9r\u00e9s pendant le processus de paiement<\/li>\n<li>Offre une exp\u00e9rience de livraison sans couture et pratique pour les clients et les entreprises<\/li>\n<li>Souppe le fardeau de la planification des livraisons pour les entreprises et r\u00e9duit les erreurs dans les d\u00e9lais de livraison<\/li>\n<li>Options enti\u00e8rement personnalisables pour la date de livraison et les plages horaires, y compris les dates de panne et les fen\u00eatres de livraison sp\u00e9cifiques au temps<\/li>\n<li>Peut \u00eatre int\u00e9gr\u00e9 aux syst\u00e8mes de livraison existants ou utilis\u00e9s comme plugin autonome<\/li>\n<li>Fournit une disponibilit\u00e9 en temps r\u00e9el et des mises \u00e0 jour pour les dates de livraison et les plages horaires<\/li>\n<li>Augmente la satisfaction du client avec les livraisons \u00e0 temps et les options de livraison flexibles<\/li>\n<li>Compatible avec tous les th\u00e8mes et extensions WooCommerce<\/li>\n<li>R\u00e9duit le besoin de suivi manuel et de communication entre les clients et les entreprises concernant les d\u00e9lais de livraison<\/li>\n<li>Am\u00e9liore la fid\u00e9lit\u00e9 et la fid\u00e9lit\u00e9 \u00e0 la client\u00e8le en offrant des options de livraison personnalis\u00e9es et flexibles.<\/li>\n<\/ul>\n","protected":false},"excerpt":{"rendered":"<p>Le plugin de livraison de livraison et de cr\u00e9neaux horaires WooCommerce offre aux clients la commodit\u00e9 de planifier sans effort la date et l&rsquo;heure de livraison souhait\u00e9es. En utilisant ce plugin, les entreprises peuvent allouer des cr\u00e9neaux horaires sp\u00e9cifiques pour les livraisons conform\u00e9ment \u00e0 leurs heures d&rsquo;op\u00e9ration, rationalisant ainsi le processus de livraison et am\u00e9liorant la satisfaction du client. Ce plugin convivial permet aux clients de choisir de mani\u00e8re transparente leur date de livraison et leur calendrier pr\u00e9f\u00e9r\u00e9s pendant le processus de paiement, assurant une exp\u00e9rience sans tracas et agr\u00e9able. Avec l&rsquo;int\u00e9gration de la date de livraison de la livraison WooCommerce et des plages horaires, les entreprises peuvent am\u00e9liorer consid\u00e9rablement leur processus de livraison et \u00e9lever leurs normes de service client.<\/p>\n","protected":false},"featured_media":145859,"comment_status":"open","ping_status":"open","template":"","meta":[],"product_brand":[2435],"product_cat":[1182,1223,1181],"product_tag":[1231],"class_list":{"0":"post-112106","1":"product","2":"type-product","3":"status-publish","4":"has-post-thumbnail","6":"product_brand-codecanyon","7":"product_cat-commerce-electronique-plugins","8":"product_cat-personnalisation-commerce-electronique-plugins","9":"product_cat-plugins","10":"product_tag-codecanyon","11":"member-discount","12":"discount-restricted","14":"first","15":"instock","16":"sale","17":"downloadable","18":"virtual","19":"sold-individually","20":"purchasable","21":"product-type-simple"},"_links":{"self":[{"href":"https:\/\/gpl-love.com\/fr\/wp-json\/wp\/v2\/product\/112106","targetHints":{"allow":["GET"]}}],"collection":[{"href":"https:\/\/gpl-love.com\/fr\/wp-json\/wp\/v2\/product"}],"about":[{"href":"https:\/\/gpl-love.com\/fr\/wp-json\/wp\/v2\/types\/product"}],"replies":[{"embeddable":true,"href":"https:\/\/gpl-love.com\/fr\/wp-json\/wp\/v2\/comments?post=112106"}],"wp:featuredmedia":[{"embeddable":true,"href":"https:\/\/gpl-love.com\/fr\/wp-json\/wp\/v2\/media\/145859"}],"wp:attachment":[{"href":"https:\/\/gpl-love.com\/fr\/wp-json\/wp\/v2\/media?parent=112106"}],"wp:term":[{"taxonomy":"product_brand","embeddable":true,"href":"https:\/\/gpl-love.com\/fr\/wp-json\/wp\/v2\/product_brand?post=112106"},{"taxonomy":"product_cat","embeddable":true,"href":"https:\/\/gpl-love.com\/fr\/wp-json\/wp\/v2\/product_cat?post=112106"},{"taxonomy":"product_tag","embeddable":true,"href":"https:\/\/gpl-love.com\/fr\/wp-json\/wp\/v2\/product_tag?post=112106"}],"curies":[{"name":"wp","href":"https:\/\/api.w.org\/{rel}","templated":true}]}}