{"id":112104,"date":"2026-03-25T00:00:00","date_gmt":"2026-03-24T23:00:00","guid":{"rendered":"http:\/\/gpl-love.com\/fr\/produit\/sumo-reward-points-woocommerce-reward-system\/"},"modified":"2026-04-10T18:41:25","modified_gmt":"2026-04-10T16:41:25","slug":"sumo-reward-points-woocommerce-reward-system","status":"publish","type":"product","link":"https:\/\/gpl-love.com\/fr\/produit\/sumo-reward-points-woocommerce-reward-system\/","title":{"rendered":"Sumo Reward Points WooCommerce Reward System 32.6.0"},"content":{"rendered":"<h3>Sumo Reward Points WooCommerce Reward System Traits<\/h3>\n<p>SUMO REWARD POINTS Le syst\u00e8me de r\u00e9compense WooCommerce est un programme de r\u00e9compenses extr\u00eamement puissant et tr\u00e8s adaptable sp\u00e9cialement con\u00e7u pour les entreprises en ligne. Ce syst\u00e8me de pointe et r\u00e9volutionnaire permet aux marchands en leur offrant la possibilit\u00e9 d&rsquo;\u00e9tendre les points de r\u00e9compense \u00e0 leurs clients estim\u00e9s, qui peuvent par la suite \u00eatre \u00e9chang\u00e9s contre des remises attrayantes, des produits compl\u00e9mentaires ou diverses autres incitations attrayantes. Le processus d&rsquo;installation de ce plugin est remarquablement simple, et il offre une pl\u00e9thore d&rsquo;options de personnalisation diverses, permettant ainsi aux commer\u00e7ants d&rsquo;affiner le programme pour s&rsquo;aligner parfaitement avec leurs exigences uniques et individualis\u00e9es. De plus, la solution de points de r\u00e9compense SUMO a \u00e9t\u00e9 m\u00e9ticuleusement con\u00e7ue pour s&rsquo;int\u00e9grer de mani\u00e8re transparente \u00e0 la plate-forme WooCommerce, facilitant ainsi un processus exceptionnellement rationalis\u00e9 et efficace pour les commer\u00e7ants et les clients. En exploitant les capacit\u00e9s remarquables du syst\u00e8me de r\u00e9compense de r\u00e9compense SUMO WOOCOMMERCE, les commer\u00e7ants sont dot\u00e9s de la capacit\u00e9 de favoriser de fa\u00e7on exponentielle la fid\u00e9lit\u00e9 des clients, de faire monter les chiffres de vente et, finalement, propulser la croissance de leur entreprise estim\u00e9e.<\/p>\n<ul>\n<li>Sumo Reward Points est un syst\u00e8me de r\u00e9compense WooCommerce qui vous permet de cr\u00e9er un programme de fid\u00e9lit\u00e9 pour votre boutique en ligne.<\/li>\n<li>Les clients accumulent des points pour leurs achats, qu&rsquo;ils peuvent ensuite \u00e9changer contre des rabais ou d&rsquo;autres r\u00e9compenses.<\/li>\n<li>Vous pouvez d\u00e9finir le taux de rachat pour les points et choisir quels produits ou cat\u00e9gories sont \u00e9ligibles \u00e0 l&rsquo;accumulation de points.<\/li>\n<li>Le syst\u00e8me comprend \u00e9galement des options de partage social et de r\u00e9f\u00e9rences, permettant aux clients de gagner des points suppl\u00e9mentaires en faisant la promotion de votre magasin \u00e0 leurs amis et abonn\u00e9s.<\/li>\n<li>Vous pouvez personnaliser l&rsquo;apparence du programme de r\u00e9compense pour correspondre \u00e0 votre marque et suivre le comportement et l&rsquo;engagement des clients gr\u00e2ce \u00e0 des outils d&rsquo;analyse int\u00e9gr\u00e9s.<\/li>\n<li>Les points de r\u00e9compense SUMO s&rsquo;int\u00e8grent parfaitement \u00e0 WooCommerce, ce qui facilite la configuration et la gestion de tout d\u00e9taillant en ligne.<\/li>\n<li>Ce syst\u00e8me est un outil puissant pour accro\u00eetre la fid\u00e9lit\u00e9 et l&rsquo;engagement des clients, la conduite de ventes r\u00e9p\u00e9t\u00e9es et la croissance de vos revenus en ligne.<\/li>\n<\/ul>\n","protected":false},"excerpt":{"rendered":"<p>Sumo Reward Points, un ing\u00e9nieux syst\u00e8me de r\u00e9compense WooCommerce, pr\u00e9sente une formidable solution pour les entreprises visant \u00e0 favoriser la r\u00e9tention des clients et \u00e0 augmenter les ventes. En utilisant des points de r\u00e9compense SUMO, vous pouvez \u00e9tablir sans effort un programme de fid\u00e9lit\u00e9 qui exprime la gratitude aux clients en allouant des points \u00e0 leurs achats ou \u00e0 l&rsquo;engagement dans les activit\u00e9s souhait\u00e9es sur votre plateforme en ligne. Ces points accumul\u00e9s peuvent par la suite \u00eatre \u00e9chang\u00e9s contre des remises ou des marchandises compl\u00e9mentaires, stimulant ainsi un sentiment de motivation chez les clients pour fr\u00e9quenter votre entreprise. Notamment, ce syst\u00e8me de r\u00e9compense WooCommerce poss\u00e8de des niveaux d&rsquo;adaptabilit\u00e9 \u00e9lev\u00e9s, vous permettant de d\u00e9finir des \u00e9valuations de points pr\u00e9cises, des d\u00e9lais d&rsquo;expiration et d&rsquo;autres param\u00e8tres essentiels pour s&rsquo;aligner impeccablement avec vos conditions organisationnelles uniques. Ne perdez pas de temps et vous lancez dans un voyage vers la culture de la fid\u00e9lit\u00e9 des clients et la propulsion des ventes en incorporant les points de r\u00e9compense SUMO dans vos op\u00e9rations aujourd&rsquo;hui.<\/p>\n","protected":false},"featured_media":145399,"comment_status":"open","ping_status":"open","template":"","meta":[],"product_brand":[2435],"product_cat":[1182,1200,1181],"product_tag":[1231],"class_list":{"0":"post-112104","1":"product","2":"type-product","3":"status-publish","4":"has-post-thumbnail","6":"product_brand-codecanyon","7":"product_cat-commerce-electronique-plugins","8":"product_cat-commercialisation","9":"product_cat-plugins","10":"product_tag-codecanyon","11":"member-discount","12":"discount-restricted","14":"first","15":"instock","16":"sale","17":"downloadable","18":"virtual","19":"sold-individually","20":"purchasable","21":"product-type-simple"},"_links":{"self":[{"href":"https:\/\/gpl-love.com\/fr\/wp-json\/wp\/v2\/product\/112104","targetHints":{"allow":["GET"]}}],"collection":[{"href":"https:\/\/gpl-love.com\/fr\/wp-json\/wp\/v2\/product"}],"about":[{"href":"https:\/\/gpl-love.com\/fr\/wp-json\/wp\/v2\/types\/product"}],"replies":[{"embeddable":true,"href":"https:\/\/gpl-love.com\/fr\/wp-json\/wp\/v2\/comments?post=112104"}],"wp:featuredmedia":[{"embeddable":true,"href":"https:\/\/gpl-love.com\/fr\/wp-json\/wp\/v2\/media\/145399"}],"wp:attachment":[{"href":"https:\/\/gpl-love.com\/fr\/wp-json\/wp\/v2\/media?parent=112104"}],"wp:term":[{"taxonomy":"product_brand","embeddable":true,"href":"https:\/\/gpl-love.com\/fr\/wp-json\/wp\/v2\/product_brand?post=112104"},{"taxonomy":"product_cat","embeddable":true,"href":"https:\/\/gpl-love.com\/fr\/wp-json\/wp\/v2\/product_cat?post=112104"},{"taxonomy":"product_tag","embeddable":true,"href":"https:\/\/gpl-love.com\/fr\/wp-json\/wp\/v2\/product_tag?post=112104"}],"curies":[{"name":"wp","href":"https:\/\/api.w.org\/{rel}","templated":true}]}}