{"id":112102,"date":"2025-12-04T00:00:00","date_gmt":"2025-12-03T23:00:00","guid":{"rendered":"http:\/\/gpl-love.com\/fr\/produit\/wp-table-manager-wordpress-table-editor-plugin\/"},"modified":"2026-03-20T23:50:57","modified_gmt":"2026-03-20T22:50:57","slug":"wp-table-manager-wordpress-table-editor-plugin","status":"publish","type":"product","link":"https:\/\/gpl-love.com\/fr\/produit\/wp-table-manager-wordpress-table-editor-plugin\/","title":{"rendered":"WP Table Manager 4.2.1"},"content":{"rendered":"<h3>WP Table Manager Traits<\/h3>\n<p>WP Table Manager est un plugin tr\u00e8s robuste et efficace qui a \u00e9t\u00e9 sp\u00e9cialement con\u00e7u pour r\u00e9pondre aux besoins des utilisateurs de WordPress qui cherchent \u00e0 g\u00e9rer et \u00e0 organiser efficacement les donn\u00e9es sur leurs sites Web via l&rsquo;utilisation de tables conviviales. Gr\u00e2ce \u00e0 l&#8217;emploi de ce plugin, les utilisateurs ont la possibilit\u00e9 de cr\u00e9er et de modifier sans effort des tables, d&rsquo;ajouter des colonnes et des lignes, ainsi que de personnaliser l&rsquo;esth\u00e9tique globale des tables afin de s&rsquo;aligner parfaitement sur la conception globale de leurs sites Web respectifs. En outre, WP Table Manager poss\u00e8de \u00e9galement une multitude de fonctionnalit\u00e9s avanc\u00e9es, y compris, mais sans s&rsquo;y limiter, le tri, le filtrage et la recherche des donn\u00e9es contenues dans les tableaux, ainsi que la capacit\u00e9 pratique d&rsquo;importer et d&rsquo;exporter des donn\u00e9es dans une large gamme de formats. Ce plugin exceptionnel est surtout adapt\u00e9 aux particuliers et aux entit\u00e9s, tels que les blogueurs, les entreprises et les sites Web de commerce \u00e9lectronique, qui ont besoin d&rsquo;un moyen efficace d&rsquo;organiser et de g\u00e9rer de grandes quantit\u00e9s de donn\u00e9es sur leurs sites WordPress respectifs. En vertu de WP Table Manager, le processus de gestion des donn\u00e9es a \u00e9t\u00e9 rendu remarquablement simple et sans tracas.<\/p>\n<ul>\n<li>Interface facile \u00e0 utiliser pour g\u00e9rer et modifier des tables dans WordPress<\/li>\n<li>Styles de table personnalisables et options de formatage<\/li>\n<li>Possibilit\u00e9 d&rsquo;importer \/ exporter des tables des fichiers de \/ vers CSV et Excel<\/li>\n<li>Filtrage et options de tri pour une organisation de donn\u00e9es efficace<\/li>\n<li>\u00c9dition de cellules multiples et actions en vrac pour les mises \u00e0 jour de table plus rapides<\/li>\n<li>Tables r\u00e9actives et conviviales<\/li>\n<li>Barre de recherche int\u00e9gr\u00e9e pour la r\u00e9cup\u00e9ration rapide des donn\u00e9es<\/li>\n<li>Option pour ajouter CSS et JavaScript personnalis\u00e9s pour une personnalisation avanc\u00e9e<\/li>\n<li>Contr\u00f4le d&rsquo;acc\u00e8s \u00e0 la table pour g\u00e9rer les autorisations des utilisateurs<\/li>\n<li>Documentation compl\u00e8te et support client.<\/li>\n<\/ul>\n","protected":false},"excerpt":{"rendered":"<p>WP Table Manager est un plugin WordPress incroyablement robuste et multiforme qui rationalise efficacement la t\u00e2che souvent compliqu\u00e9e de la gestion des tableaux et des graphiques sur votre site Web. Ce plugin exceptionnel vous permet de g\u00e9n\u00e9rer sans effort des tables visuellement frappantes et hautement adaptables, tout en offrant une vaste gamme d&rsquo;options de personnalisation, pour r\u00e9pondre \u00e0 diverses pr\u00e9f\u00e9rences de style, en plus de vous accorder la possibilit\u00e9 de partager de mani\u00e8re transparente ces tables avec vos visiteurs de site Web pr\u00e9cieux. De plus, ce plugin poss\u00e8de une s\u00e9lection impressionnante de fonctionnalit\u00e9s avanc\u00e9es, telles que la synchronisation des donn\u00e9es en temps r\u00e9el, les capacit\u00e9s compl\u00e8tes de filtrage et de tri, et une interface de glisser-d\u00e9poser intuitivement con\u00e7ue. Si vous vous trouvez \u00e0 la recherche d&rsquo;une solution vraiment remarquable et conviviale pour optimiser la gestion de la visualisation des tableaux et des donn\u00e9es sur votre site WordPress, ne cherchez pas plus loin que les capacit\u00e9s exceptionnelles de WP Table Manager.<\/p>\n","protected":false},"featured_media":146226,"comment_status":"open","ping_status":"open","template":"","meta":[],"product_brand":[2718],"product_cat":[1189,1181,1186],"product_tag":[1468],"class_list":{"0":"post-112102","1":"product","2":"type-product","3":"status-publish","4":"has-post-thumbnail","6":"product_brand-joomunited","7":"product_cat-personnalisation","8":"product_cat-plugins","9":"product_cat-wordpress-plugins","10":"product_tag-joomunited","11":"member-discount","12":"discount-restricted","14":"first","15":"instock","16":"sale","17":"downloadable","18":"virtual","19":"sold-individually","20":"purchasable","21":"product-type-simple"},"_links":{"self":[{"href":"https:\/\/gpl-love.com\/fr\/wp-json\/wp\/v2\/product\/112102","targetHints":{"allow":["GET"]}}],"collection":[{"href":"https:\/\/gpl-love.com\/fr\/wp-json\/wp\/v2\/product"}],"about":[{"href":"https:\/\/gpl-love.com\/fr\/wp-json\/wp\/v2\/types\/product"}],"replies":[{"embeddable":true,"href":"https:\/\/gpl-love.com\/fr\/wp-json\/wp\/v2\/comments?post=112102"}],"wp:featuredmedia":[{"embeddable":true,"href":"https:\/\/gpl-love.com\/fr\/wp-json\/wp\/v2\/media\/146226"}],"wp:attachment":[{"href":"https:\/\/gpl-love.com\/fr\/wp-json\/wp\/v2\/media?parent=112102"}],"wp:term":[{"taxonomy":"product_brand","embeddable":true,"href":"https:\/\/gpl-love.com\/fr\/wp-json\/wp\/v2\/product_brand?post=112102"},{"taxonomy":"product_cat","embeddable":true,"href":"https:\/\/gpl-love.com\/fr\/wp-json\/wp\/v2\/product_cat?post=112102"},{"taxonomy":"product_tag","embeddable":true,"href":"https:\/\/gpl-love.com\/fr\/wp-json\/wp\/v2\/product_tag?post=112102"}],"curies":[{"name":"wp","href":"https:\/\/api.w.org\/{rel}","templated":true}]}}