{"id":112100,"date":"2021-02-23T00:00:00","date_gmt":"2021-02-22T23:00:00","guid":{"rendered":"http:\/\/gpl-love.com\/fr\/produit\/phpsocial-social-network-platform-scripts\/"},"modified":"2026-04-10T18:36:28","modified_gmt":"2026-04-10T16:36:28","slug":"phpsocial-social-network-platform-scripts","status":"publish","type":"product","link":"https:\/\/gpl-love.com\/fr\/produit\/phpsocial-social-network-platform-scripts\/","title":{"rendered":"phpSocial Social Network Platform Scripts 6.5.0"},"content":{"rendered":"<h3>phpSocial Social Network Platform Scripts Traits<\/h3>\n<p>Les scripts de la plate-forme de r\u00e9seau social phpsocial offrent une solution compl\u00e8te et globale pour les personnes cherchant \u00e0 \u00e9tablir leur propre site Web de r\u00e9seaux sociaux. B\u00e9n\u00e9ficiant d&rsquo;un \u00e9ventail de fonctionnalit\u00e9s qui facilitent la cr\u00e9ation de profils d&rsquo;utilisateurs, l&rsquo;\u00e9tablissement de connexions avec des amis, la publication de mises \u00e0 jour, et bien plus encore, cette plate-forme fournit un package tout compris qui permet aux utilisateurs de tout ce qui est n\u00e9cessaire pour construire une communaut\u00e9 en ligne florissante. Ce qui distingue ces scripts, c&rsquo;est le fait qu&rsquo;ils sont compos\u00e9s dans PHP, un langage de programmation r\u00e9put\u00e9 pour sa facilit\u00e9 de personnalisation et d&rsquo;int\u00e9gration avec d&rsquo;autres technologies Web de pointe. De plus, la plate-forme a \u00e9t\u00e9 m\u00e9ticuleusement con\u00e7ue pour garantir l&rsquo;\u00e9volutivit\u00e9 et la s\u00e9curit\u00e9, garantissant ainsi la croissance et la prosp\u00e9rit\u00e9 non perturb\u00e9es de votre r\u00e9seau social tout en prot\u00e9geant simultan\u00e9ment les donn\u00e9es utilisateur inestimables. Peu importe que vous aspirez \u00e0 \u00e9riger une communaut\u00e9 de niche \u00e0 petite \u00e9chelle ou un r\u00e9seau social tentaculaire et grandiose, les scripts de plate-forme de r\u00e9seau social phpsocial sont la solution par excellence pour la r\u00e9ussite d&rsquo;une communaut\u00e9 en ligne.<\/p>\n<ul>\n<li>Une plate-forme de r\u00e9seau social complet qui peut \u00eatre facilement install\u00e9e sur un serveur Web ex\u00e9cutant PHP et MySQL.<\/li>\n<li>Livr\u00e9 avec une interface conviviale qui vous permet de cr\u00e9er des profils, de vous connecter avec des amis, de publier des mises \u00e0 jour et de rejoindre les groupes.<\/li>\n<li>Comprend un syst\u00e8me de messagerie qui permet aux utilisateurs d&rsquo;envoyer des messages priv\u00e9s \u00e0 leurs amis, ainsi qu&rsquo;un syst\u00e8me de notification qui vous avertit lorsque quelqu&rsquo;un r\u00e9pond \u00e0 vos messages.<\/li>\n<li>Prend en charge le contenu multim\u00e9dia tel que les photos, les vid\u00e9os et l&rsquo;audio, permettant aux utilisateurs de partager leur cr\u00e9ativit\u00e9 avec le monde.<\/li>\n<li>Fournit des param\u00e8tres de confidentialit\u00e9 avanc\u00e9s qui permettent aux utilisateurs de contr\u00f4ler qui peut voir leur contenu et qui peut interagir avec eux.<\/li>\n<li>Offre des options de personnalisation faciles qui vous permettent de modifier l&rsquo;apparence de votre plate-forme de r\u00e9seau social pour correspondre \u00e0 votre marque et \u00e0 votre vision.<\/li>\n<li>Comprend des outils administratifs puissants qui facilitent la gestion de la plate-forme, le contenu utilisateur mod\u00e9r\u00e9 et la configuration des campagnes publicitaires.<\/li>\n<li>RECLARG\u00c9 MISE \u00c0 JOUR AVEC DE LA NOUVELLES CONS\u00c9RATIONS ET DES BOGES DES BOGES pour assurer une exp\u00e9rience fluide et sans tracas pour les utilisateurs et les administrateurs.<\/li>\n<\/ul>\n","protected":false},"excerpt":{"rendered":"<p>Phpsocial est une plate-forme de r\u00e9seau social extr\u00eamement complet m\u00e9ticuleusement con\u00e7u pour fournir aux utilisateurs une multitude d&rsquo;outils indispensables afin d&rsquo;\u00e9tablir et de fa\u00e7onner efficacement un r\u00e9seau social enti\u00e8rement fonctionnel et adapt\u00e9. Gr\u00e2ce \u00e0 son interface hautement intuitive et \u00e0 sa conception modulaire m\u00e9ticuleusement con\u00e7ue, cette plate-forme est accessible et conviviale pour absolument quiconque cherche \u00e0 cr\u00e9er une communaut\u00e9 en ligne exclusive et distinctive, quel que soit leur niveau de comp\u00e9tence technique. B\u00e9n\u00e9ficiant d&rsquo;une gamme de fonctionnalit\u00e9s robustes et de pointe, notamment, mais sans s&rsquo;y limiter, les profils d&rsquo;utilisateurs, les groupes, les capacit\u00e9s de messagerie et bien d&rsquo;autres, Phpsocial sert de panac\u00e9e ultime pour les entreprises, les organisations et les individus aspirant \u00e0 \u00e9largir leur port\u00e9e et \u00e0 captiver leur public cible par des moyens nouveaux et exaltants.<\/p>\n","protected":false},"featured_media":144975,"comment_status":"open","ping_status":"open","template":"","meta":[],"product_brand":[2435],"product_cat":[1300,1181,1186],"product_tag":[1231],"class_list":{"0":"post-112100","1":"product","2":"type-product","3":"status-publish","4":"has-post-thumbnail","6":"product_brand-codecanyon","7":"product_cat-adhesion","8":"product_cat-plugins","9":"product_cat-wordpress-plugins","10":"product_tag-codecanyon","11":"member-discount","12":"discount-restricted","14":"first","15":"instock","16":"sale","17":"downloadable","18":"virtual","19":"sold-individually","20":"purchasable","21":"product-type-simple"},"_links":{"self":[{"href":"https:\/\/gpl-love.com\/fr\/wp-json\/wp\/v2\/product\/112100","targetHints":{"allow":["GET"]}}],"collection":[{"href":"https:\/\/gpl-love.com\/fr\/wp-json\/wp\/v2\/product"}],"about":[{"href":"https:\/\/gpl-love.com\/fr\/wp-json\/wp\/v2\/types\/product"}],"replies":[{"embeddable":true,"href":"https:\/\/gpl-love.com\/fr\/wp-json\/wp\/v2\/comments?post=112100"}],"wp:featuredmedia":[{"embeddable":true,"href":"https:\/\/gpl-love.com\/fr\/wp-json\/wp\/v2\/media\/144975"}],"wp:attachment":[{"href":"https:\/\/gpl-love.com\/fr\/wp-json\/wp\/v2\/media?parent=112100"}],"wp:term":[{"taxonomy":"product_brand","embeddable":true,"href":"https:\/\/gpl-love.com\/fr\/wp-json\/wp\/v2\/product_brand?post=112100"},{"taxonomy":"product_cat","embeddable":true,"href":"https:\/\/gpl-love.com\/fr\/wp-json\/wp\/v2\/product_cat?post=112100"},{"taxonomy":"product_tag","embeddable":true,"href":"https:\/\/gpl-love.com\/fr\/wp-json\/wp\/v2\/product_tag?post=112100"}],"curies":[{"name":"wp","href":"https:\/\/api.w.org\/{rel}","templated":true}]}}