{"id":112096,"date":"2026-05-05T00:00:00","date_gmt":"2026-05-04T22:00:00","guid":{"rendered":"http:\/\/gpl-love.com\/fr\/produit\/emallshop-responsive-multipurpose-woocommerce-theme\/"},"modified":"2026-05-06T00:30:29","modified_gmt":"2026-05-05T22:30:29","slug":"emallshop-responsive-multipurpose-woocommerce-theme","status":"publish","type":"product","link":"https:\/\/gpl-love.com\/fr\/produit\/emallshop-responsive-multipurpose-woocommerce-theme\/","title":{"rendered":"EmallShop Responsive Multipurpose WooCommerce Theme 2.4.23"},"content":{"rendered":"<h3>EmallShop Responsive Multipurpose WooCommerce Theme Traits<\/h3>\n<p>Emallshop, un th\u00e8me WooCommerce tr\u00e8s polyvalent, a \u00e9t\u00e9 m\u00e9ticuleusement con\u00e7u pour montrer la r\u00e9activit\u00e9 et les capacit\u00e9s polyvalentes, ce qui le rend un choix impeccable pour toute boutique en ligne. Son apparence \u00e9l\u00e9gante et contemporaine, associ\u00e9e \u00e0 ses options de mise en page personnalisables, vous permet de pr\u00e9senter votre gamme de produits de mani\u00e8re professionnelle et captivante. En outre, ce th\u00e8me englobe une pl\u00e9thore d&rsquo;attributs inestimables, y compris un aper\u00e7u rapide des produits, des fonctionnalit\u00e9s de listes de souhaits et des filtres de produit, qui acc\u00e9l\u00e8rent le processus de localisation des \u00e9l\u00e9ments souhait\u00e9s pour votre client\u00e8le estim\u00e9e. De plus, Emallshop a \u00e9t\u00e9 optimis\u00e9 pour am\u00e9liorer l&rsquo;optimisation des moteurs de recherche (SEO) et les temps de chargement acc\u00e9l\u00e9r\u00e9s, garantissant ainsi que votre site Web fonctionne admirablement et obtient des classements louables dans les pages de r\u00e9sultats des moteurs de recherche. Que votre m\u00e9tier implique la mode, l&rsquo;\u00e9lectronique ou tout ce qui se situe entre les deux, Emallshop est un choix exemplaire pour votre entreprise de commerce \u00e9lectronique.<\/p>\n<ul>\n<li>Conception r\u00e9active qui a fi\u00e8re allure sur n&rsquo;importe quel appareil, y compris le bureau, la tablette et le mobile<\/li>\n<li>Construit sp\u00e9cifiquement pour WooCommerce, permettant une int\u00e9gration facile et transparente de votre boutique en ligne<\/li>\n<li>Plus de 20 dispositions de page d&rsquo;accueil pr\u00e9-con\u00e7ues pour choisir<\/li>\n<li>Options de personnalisation flexibles, y compris les choix de couleurs illimit\u00e9s et les options de police<\/li>\n<li>Comprend un constructeur de pages glisser-d\u00e9poser pour la cr\u00e9ation de sites Web faciles<\/li>\n<li>Prise en charge int\u00e9gr\u00e9e pour plusieurs langues<\/li>\n<li>Documentation approfondie et support client pour assurer une exp\u00e9rience fluide<\/li>\n<li>Int\u00e9gration avec des plugins populaires tels que le formulaire de contact 7 et WPML<\/li>\n<li>Optimis\u00e9 pour les moteurs de recherche afin d&rsquo;am\u00e9liorer la visibilit\u00e9 et le trafic vers votre site Web<\/li>\n<li>Conception propre et moderne pour am\u00e9liorer l&rsquo;exp\u00e9rience utilisateur et stimuler les ventes.<\/li>\n<\/ul>\n","protected":false},"excerpt":{"rendered":"<p>Emallshop, un th\u00e8me exemplaire de WooCommerce, a \u00e9t\u00e9 m\u00e9ticuleusement con\u00e7u pour offrir une plate-forme de boutique en ligne tr\u00e8s adaptable et r\u00e9active. Dot\u00e9 d&rsquo;un design de pointe et \u00e9l\u00e9gant, ce th\u00e8me vous permet d&rsquo;adapter sans effort votre site Web pour refl\u00e9ter votre identit\u00e9 de marque et pr\u00e9senter de mani\u00e8re transparente votre gamme de produits. Tout en ayant une multitude d&rsquo;attributs indispensables tels que des dispositions polyvalentes, des capacit\u00e9s de filtrage avanc\u00e9es et une visualisation acc\u00e9l\u00e9r\u00e9e des produits, Emallshop assure une exp\u00e9rience conviviale. En outre, son processus d&rsquo;installation sans effort garantit un parcours de vente en ligne rationalis\u00e9 et tr\u00e8s efficace.<\/p>\n","protected":false},"featured_media":143738,"comment_status":"open","ping_status":"open","template":"","meta":[],"product_brand":[2433],"product_cat":[1238,1372,1212],"product_tag":[1366],"class_list":{"0":"post-112096","1":"product","2":"type-product","3":"status-publish","4":"has-post-thumbnail","6":"product_brand-themeforest","7":"product_cat-commerce-electronique-themes","8":"product_cat-polyvalent-commerce-electronique-themes","9":"product_cat-themes","10":"product_tag-themeforest","11":"member-discount","12":"discount-restricted","14":"first","15":"instock","16":"sale","17":"downloadable","18":"virtual","19":"sold-individually","20":"purchasable","21":"product-type-simple"},"_links":{"self":[{"href":"https:\/\/gpl-love.com\/fr\/wp-json\/wp\/v2\/product\/112096","targetHints":{"allow":["GET"]}}],"collection":[{"href":"https:\/\/gpl-love.com\/fr\/wp-json\/wp\/v2\/product"}],"about":[{"href":"https:\/\/gpl-love.com\/fr\/wp-json\/wp\/v2\/types\/product"}],"replies":[{"embeddable":true,"href":"https:\/\/gpl-love.com\/fr\/wp-json\/wp\/v2\/comments?post=112096"}],"wp:featuredmedia":[{"embeddable":true,"href":"https:\/\/gpl-love.com\/fr\/wp-json\/wp\/v2\/media\/143738"}],"wp:attachment":[{"href":"https:\/\/gpl-love.com\/fr\/wp-json\/wp\/v2\/media?parent=112096"}],"wp:term":[{"taxonomy":"product_brand","embeddable":true,"href":"https:\/\/gpl-love.com\/fr\/wp-json\/wp\/v2\/product_brand?post=112096"},{"taxonomy":"product_cat","embeddable":true,"href":"https:\/\/gpl-love.com\/fr\/wp-json\/wp\/v2\/product_cat?post=112096"},{"taxonomy":"product_tag","embeddable":true,"href":"https:\/\/gpl-love.com\/fr\/wp-json\/wp\/v2\/product_tag?post=112096"}],"curies":[{"name":"wp","href":"https:\/\/api.w.org\/{rel}","templated":true}]}}