{"id":112094,"date":"2022-03-17T00:00:00","date_gmt":"2022-03-16T23:00:00","guid":{"rendered":"http:\/\/gpl-love.com\/fr\/produit\/miva-business-consulting-wordpress-theme\/"},"modified":"2026-04-10T18:31:40","modified_gmt":"2026-04-10T16:31:40","slug":"miva-business-consulting-wordpress-theme","status":"publish","type":"product","link":"https:\/\/gpl-love.com\/fr\/produit\/miva-business-consulting-wordpress-theme\/","title":{"rendered":"Miva Business Consulting WordPress Theme 1.0.3"},"content":{"rendered":"<h3>Miva Business Consulting WordPress Theme Traits<\/h3>\n<p>Le th\u00e8me WordPress MIVA Business Consulting, avec son abondance de fonctionnalit\u00e9s b\u00e9n\u00e9fiques et adaptables, sert d&rsquo;instrument exceptionnel pour construire des sites Web con\u00e7us par des professionnels qui sont visuellement captivants pour les consultants en affaires. Ce th\u00e8me offre une multitude de possibilit\u00e9s de personnalisation, accordant aux utilisateurs la possibilit\u00e9 de fabriquer sans effort un site Web impressionnant. De plus, le th\u00e8me garantit une conception r\u00e9active, garantissant que votre site Web maintient son apparence impeccable sur n&rsquo;importe quel appareil. De plus, il fournit un \u00e9ventail d&rsquo;options de personnalisation, offrant aux utilisateurs la possibilit\u00e9 de modifier la disposition, la palette de couleurs et la typographie pour s&rsquo;aligner sur leur identit\u00e9 de marque. Sans aucun doute, le th\u00e8me WordPress MIVA Business Consulting est une option exemplaire pour les consultants commerciaux qui cherchent \u00e0 accro\u00eetre leur pr\u00e9sence en ligne et \u00e0 attirer une client\u00e8le plus large.<\/p>\n<ul>\n<li>Design professionnel et \u00e9l\u00e9gant pour les sites Web de conseil aux entreprises<\/li>\n<li>Enti\u00e8rement personnalisable avec le g\u00e9n\u00e9rateur de pages glisser-d\u00e9poser et les param\u00e8tres de th\u00e8me<\/li>\n<li>Comprend plus de 10 pages pr\u00e9-con\u00e7ues pour une configuration facile<\/li>\n<li>Mobile r\u00e9actif sur tous les appareils<\/li>\n<li>S&rsquo;int\u00e8gre aux plugins WordPress populaires, tels que Yoast et Contact Form 7<\/li>\n<li>Optimis\u00e9 pour le r\u00e9f\u00e9rencement et la vitesse<\/li>\n<li>Comprend des tutoriels vid\u00e9o et une documentation approfondie pour une configuration et une personnalisation faciles<\/li>\n<li>Mises \u00e0 jour r\u00e9guli\u00e8res et \u00e9quipe de support d\u00e9di\u00e9e<\/li>\n<li>Compatible avec la derni\u00e8re version WordPress et la conformit\u00e9 du RGPD<\/li>\n<li>Offre plusieurs dispositions d&rsquo;en-t\u00eate et de pied de page pour une personnalisation suppl\u00e9mentaire<\/li>\n<li>Comprend des options pour les t\u00e9moignages, les membres de l&rsquo;\u00e9quipe et les logos clients pour pr\u00e9senter la r\u00e9ussite de l&rsquo;entreprise.<\/li>\n<\/ul>\n","protected":false},"excerpt":{"rendered":"<p>Lorsque vous choisissez d&rsquo;utiliser le th\u00e8me WordPress MIVA Business Consulting, vous pouvez \u00e9tablir efficacement la pr\u00e9sence en ligne de votre entreprise de conseil en peu de temps. Ce th\u00e8me remarquable offre un design hautement professionnel qui peut \u00eatre ajust\u00e9 \u00e0 vos pr\u00e9f\u00e9rences sp\u00e9cifiques gr\u00e2ce \u00e0 une large gamme d&rsquo;options de personnalisation, y compris le choix des couleurs, des polices et de la mise en page. En outre, la conception r\u00e9active du th\u00e8me WordPress de MIVA Business Consulting garantit que votre site Web appara\u00eetra constamment visuellement et fonctionne parfaitement sur tout appareil \u00e0 partir de laquelle il est accessible. En plus de cela, ce th\u00e8me exceptionnel propose une gamme de fonctionnalit\u00e9s impressionnantes telles que des widgets personnalis\u00e9s, des mod\u00e8les de plusieurs pages et une int\u00e9gration transparente avec des plugins populaires, notamment WooCommerce et le formulaire de contact 7. En choisissant d&rsquo;utiliser le th\u00e8me WordPress de MIVA Business Consulting, vous pouvez renoncer Le processus fastidieux de conception d&rsquo;un site Web \u00e0 partir de z\u00e9ro et commencez \u00e0 \u00e9tablir votre pr\u00e9sence en ligne rapidement et efficacement.<\/p>\n","protected":false},"featured_media":144553,"comment_status":"open","ping_status":"open","template":"","meta":[],"product_brand":[2433],"product_cat":[1516,1212,1213],"product_tag":[1366],"class_list":{"0":"post-112094","1":"product","2":"type-product","3":"status-publish","4":"has-post-thumbnail","6":"product_brand-themeforest","7":"product_cat-entreprise","8":"product_cat-themes","9":"product_cat-wordpress-themes","10":"product_tag-themeforest","11":"member-discount","12":"discount-restricted","14":"first","15":"instock","16":"sale","17":"downloadable","18":"virtual","19":"sold-individually","20":"purchasable","21":"product-type-simple"},"_links":{"self":[{"href":"https:\/\/gpl-love.com\/fr\/wp-json\/wp\/v2\/product\/112094","targetHints":{"allow":["GET"]}}],"collection":[{"href":"https:\/\/gpl-love.com\/fr\/wp-json\/wp\/v2\/product"}],"about":[{"href":"https:\/\/gpl-love.com\/fr\/wp-json\/wp\/v2\/types\/product"}],"replies":[{"embeddable":true,"href":"https:\/\/gpl-love.com\/fr\/wp-json\/wp\/v2\/comments?post=112094"}],"wp:featuredmedia":[{"embeddable":true,"href":"https:\/\/gpl-love.com\/fr\/wp-json\/wp\/v2\/media\/144553"}],"wp:attachment":[{"href":"https:\/\/gpl-love.com\/fr\/wp-json\/wp\/v2\/media?parent=112094"}],"wp:term":[{"taxonomy":"product_brand","embeddable":true,"href":"https:\/\/gpl-love.com\/fr\/wp-json\/wp\/v2\/product_brand?post=112094"},{"taxonomy":"product_cat","embeddable":true,"href":"https:\/\/gpl-love.com\/fr\/wp-json\/wp\/v2\/product_cat?post=112094"},{"taxonomy":"product_tag","embeddable":true,"href":"https:\/\/gpl-love.com\/fr\/wp-json\/wp\/v2\/product_tag?post=112094"}],"curies":[{"name":"wp","href":"https:\/\/api.w.org\/{rel}","templated":true}]}}