{"id":112092,"date":"2022-01-03T00:00:00","date_gmt":"2022-01-02T23:00:00","guid":{"rendered":"http:\/\/gpl-love.com\/fr\/produit\/colead-coaching-online-courses-wordpress-theme\/"},"modified":"2026-03-20T22:58:48","modified_gmt":"2026-03-20T21:58:48","slug":"colead-coaching-online-courses-wordpress-theme","status":"publish","type":"product","link":"https:\/\/gpl-love.com\/fr\/produit\/colead-coaching-online-courses-wordpress-theme\/","title":{"rendered":"Colead Coaching et Online Courses WordPress Theme 3.5.3"},"content":{"rendered":"<h3>Colead Coaching et Online Courses WordPress Theme Traits<\/h3>\n<p>Le coaching Colead et les cours en ligne WordPress, un th\u00e8me incroyablement polyvalent et hautement professionnel, a \u00e9t\u00e9 m\u00e9ticuleusement con\u00e7u pour r\u00e9pondre aux exigences diverses et sp\u00e9cifiques des entra\u00eeneurs et des \u00e9ducateurs. Ce th\u00e8me est non seulement visuellement attrayant, mais \u00e9galement \u00e9quip\u00e9 d&rsquo;un large \u00e9ventail de fonctionnalit\u00e9s et d&rsquo;outils puissants et de pointe qui facilitent sans effort la cr\u00e9ation d&rsquo;un site Web frappant et visuellement captivant, qui est optimis\u00e9 pour r\u00e9pondre aux besoins uniques du coaching et cours en ligne. Thanks to its user-friendly and easily navigable design, coupled with its ability to be customized to suit your personal preferences, this theme offers an exceptional platform upon which you can effectively showcase your invaluable skills and unrivaled expertise in a manner that is both sleek and contemporain. C&rsquo;est la solution ultime pour les personnes qui aspirent \u00e0 lancer un cours en ligne ou \u00e0 fournir des services de coaching, car il amalgate de mani\u00e8re transparente le professionnalisme avec un engagement, garantissant ainsi que votre site Web d\u00e9gage un air de cr\u00e9dibilit\u00e9 et de comp\u00e9tence.<\/p>\n<ul>\n<li>Un aspect professionnel et moderne pour donner une grande premi\u00e8re impression aux clients potentiels<\/li>\n<li>Disposition enti\u00e8rement personnalisable avec des fonctionnalit\u00e9s de glisser-d\u00e9poser pour cr\u00e9er facilement la conception souhait\u00e9e<\/li>\n<li>Conception r\u00e9active qui a fi\u00e8re allure sur tous les appareils, du bureau au mobile<\/li>\n<li>L&rsquo;int\u00e9gration avec des plugins populaires tels que WooCommerce, BuddyPress et Learndash pour faire de la gestion de vos cours en ligne un jeu d&rsquo;enfant<\/li>\n<li>Syst\u00e8me de r\u00e9servation de rendez-vous int\u00e9gr\u00e9 qui permet aux clients de planifier avec facilit\u00e9 et efficacit\u00e9<\/li>\n<li>Des outils d&rsquo;optimisation SEO puissants pour aider votre site Web \u00e0 se classer plus haut sur les moteurs de recherche<\/li>\n<li>Int\u00e9gration facile avec des passerelles de paiement populaires comme PayPal et Stripe pour les transactions s\u00e9curis\u00e9es<\/li>\n<li>Caract\u00e9ristiques de l&rsquo;adh\u00e9sion pour cr\u00e9er une exp\u00e9rience plus exclusive et enrichissante pour vos clients<\/li>\n<li>Mises \u00e0 jour continues et soutien de l&rsquo;\u00e9quipe des d\u00e9veloppeurs pour maintenir votre site Web en douceur et efficacement.<\/li>\n<\/ul>\n","protected":false},"excerpt":{"rendered":"<p>D\u00e9couvrez le monde de l&rsquo;apprentissage num\u00e9rique avec le coaching Colead et le th\u00e8me WordPress. Con\u00e7u pour r\u00e9pondre aux \u00e9tablissements d&rsquo;enseignement, aux plateformes d&rsquo;apprentissage en ligne et aux \u00e9ducateurs ind\u00e9pendants, ce th\u00e8me offre une exp\u00e9rience d&rsquo;apprentissage en ligne transparente. Avec un \u00e9ventail de fonctionnalit\u00e9s telles que la navigation conviviale, les dispositions interactives et les conceptions personnalisables, Colead garantit que votre cours en ligne se d\u00e9marque de la foule. Le th\u00e8me int\u00e8gre des structures adapt\u00e9es au r\u00e9f\u00e9rencement et une conception sensible au mobile, maximisant la visibilit\u00e9 et l&rsquo;accessibilit\u00e9 de votre site. Parall\u00e8lement \u00e0 cela, les options de paiement en ligne int\u00e9gr\u00e9es et les syst\u00e8mes de gestion des cours ajoutent \u00e0 la facilit\u00e9 d&rsquo;utilisation. Avec Colead, vous pouvez cr\u00e9er une plate-forme d&rsquo;apprentissage en ligne engageante et efficace qui favorise les connaissances et la croissance.<\/p>\n","protected":false},"featured_media":143406,"comment_status":"open","ping_status":"open","template":"","meta":[],"product_brand":[2433],"product_cat":[1516,1212,1213],"product_tag":[1366],"class_list":{"0":"post-112092","1":"product","2":"type-product","3":"status-publish","4":"has-post-thumbnail","6":"product_brand-themeforest","7":"product_cat-entreprise","8":"product_cat-themes","9":"product_cat-wordpress-themes","10":"product_tag-themeforest","11":"member-discount","12":"discount-restricted","14":"first","15":"instock","16":"sale","17":"downloadable","18":"virtual","19":"sold-individually","20":"purchasable","21":"product-type-simple"},"_links":{"self":[{"href":"https:\/\/gpl-love.com\/fr\/wp-json\/wp\/v2\/product\/112092","targetHints":{"allow":["GET"]}}],"collection":[{"href":"https:\/\/gpl-love.com\/fr\/wp-json\/wp\/v2\/product"}],"about":[{"href":"https:\/\/gpl-love.com\/fr\/wp-json\/wp\/v2\/types\/product"}],"replies":[{"embeddable":true,"href":"https:\/\/gpl-love.com\/fr\/wp-json\/wp\/v2\/comments?post=112092"}],"wp:featuredmedia":[{"embeddable":true,"href":"https:\/\/gpl-love.com\/fr\/wp-json\/wp\/v2\/media\/143406"}],"wp:attachment":[{"href":"https:\/\/gpl-love.com\/fr\/wp-json\/wp\/v2\/media?parent=112092"}],"wp:term":[{"taxonomy":"product_brand","embeddable":true,"href":"https:\/\/gpl-love.com\/fr\/wp-json\/wp\/v2\/product_brand?post=112092"},{"taxonomy":"product_cat","embeddable":true,"href":"https:\/\/gpl-love.com\/fr\/wp-json\/wp\/v2\/product_cat?post=112092"},{"taxonomy":"product_tag","embeddable":true,"href":"https:\/\/gpl-love.com\/fr\/wp-json\/wp\/v2\/product_tag?post=112092"}],"curies":[{"name":"wp","href":"https:\/\/api.w.org\/{rel}","templated":true}]}}