{"id":112090,"date":"2024-06-11T00:00:00","date_gmt":"2024-06-10T22:00:00","guid":{"rendered":"http:\/\/gpl-love.com\/fr\/produit\/skillate-wordpress-elearning-theme\/"},"modified":"2026-04-10T18:39:45","modified_gmt":"2026-04-10T16:39:45","slug":"skillate-wordpress-elearning-theme","status":"publish","type":"product","link":"https:\/\/gpl-love.com\/fr\/produit\/skillate-wordpress-elearning-theme\/","title":{"rendered":"Skillate WordPress eLearning Theme 1.3.2"},"content":{"rendered":"<h3>Skillate WordPress eLearning Theme Traits<\/h3>\n<p>Le th\u00e8me Earning WordPress Skilat se pr\u00e9sente comme la solution ultime pour les individus \u00e0 la recherche d&rsquo;un moyen de construire une plate-forme en ligne qui s&rsquo;adresse \u00e0 l&rsquo;apprentissage. Il est \u00e9quip\u00e9 d&rsquo;une interface utilisateur \u00e0 la fois intuitive et conviviale, permettant une exp\u00e9rience transparente. De plus, la conception est personnalisable, permettant aux utilisateurs de personnaliser leur plate-forme pour r\u00e9pondre \u00e0 leurs pr\u00e9f\u00e9rences. Cependant, ce qui distingue vraiment Skillet, ce sont ses caract\u00e9ristiques puissantes qui contribuent \u00e0 la cr\u00e9ation de cours d&rsquo;elearning engageants et efficaces. De plus, ce th\u00e8me est enti\u00e8rement r\u00e9actif et optimis\u00e9 pour les appareils mobiles, garantissant que l&rsquo;attrait visuel de votre contenu reste intact, quelle que soit la taille de l&rsquo;\u00e9cran sur laquelle il est visualis\u00e9. En outre, Skillet offre une pl\u00e9thore de mod\u00e8les et de dispositions pr\u00e9d\u00e9finis, rationalisant le processus bien s\u00fbr la cr\u00e9ation et leur pr\u00eatant une touche professionnelle. Que vous soyez un enseignant, un formateur ou un propri\u00e9taire d&rsquo;entreprise, Skillet appara\u00eet comme le choix incontestable pour la cr\u00e9ation d&rsquo;une exp\u00e9rience d&rsquo;apprentissage en ligne tr\u00e8s productive.<\/p>\n<ul>\n<li>Un th\u00e8me WordPress \u00e9l\u00e9gant et professionnel, con\u00e7u pour vous aider \u00e0 cr\u00e9er des cours en ligne engageants et efficaces<\/li>\n<li>Disposition enti\u00e8rement personnalisable avec le constructeur de pages glisser-d\u00e9poser, vous permettant de cr\u00e9er toute sorte de structure de cours que vous d\u00e9sirez<\/li>\n<li>Conception r\u00e9active, garantir que vos cours sont superbes sur n&rsquo;importe quel appareil, que ce soit un bureau, une tablette ou un mobile<\/li>\n<li>Multipli\u00e9s dispositions et styles de cours, y compris les cours gratuits et payants, vous permettant de mon\u00e9tiser votre contenu et de g\u00e9rer facilement les paiements et l&rsquo;inscription des \u00e9tudiants via WooCommerce Int\u00e9gration<\/li>\n<li>Interface conviviale, avec navigation intuitive et appels \u00e0 l&rsquo;action claire, aidant \u00e0 accro\u00eetre l&rsquo;engagement des \u00e9tudiants et \u00e0 favoriser une exp\u00e9rience d&rsquo;apprentissage positive<\/li>\n<li>Int\u00e9gration vid\u00e9o, vous permettant d&rsquo;int\u00e9grer facilement du contenu multim\u00e9dia dans vos cours et de garder les \u00e9tudiants engag\u00e9s avec du contenu interactif<\/li>\n<li>Analyse int\u00e9gr\u00e9e, vous donnant un aper\u00e7u des performances des cours et de l&rsquo;engagement des \u00e9tudiants, vous permettant de suivre les progr\u00e8s et de prendre des d\u00e9cisions ax\u00e9es sur les donn\u00e9es concernant votre contenu et votre strat\u00e9gie commerciale<\/li>\n<li>Design convivial pour le r\u00e9f\u00e9rencement, aidant vos cours \u00e0 se classer plus haut dans les r\u00e9sultats des moteurs de recherche et \u00e0 attirer plus d&rsquo;\u00e9tudiants potentiels sur votre plateforme<\/li>\n<li>Documentation et support approfondies, en vous assurant que vous avez tout ce dont vous avez besoin pour \u00eatre op\u00e9rationnel rapidement et facilement, y compris les tutoriels vid\u00e9o et les instructions \u00e9tape par \u00e9tape pour l&rsquo;utilisation de chaque fonctionnalit\u00e9.<\/li>\n<\/ul>\n","protected":false},"excerpt":{"rendered":"<p>Skillet est un th\u00e8me WordPress eLearning exceptionnel qui a \u00e9t\u00e9 con\u00e7u de mani\u00e8re complexe dans le but de r\u00e9pondre aux besoins des entreprises, des \u00e9ducateurs et des prestataires de cours en ligne. Arborant un design visuellement attrayant et contemporain, Skillate poss\u00e8de un large \u00e9ventail de fonctionnalit\u00e9s hautement personnalisables, telles que la capacit\u00e9 de cr\u00e9er des cours sans effort, de g\u00e9rer les \u00e9tudiants, d&rsquo;administrer des quiz et de mener des \u00e9valuations. Le th\u00e8me lui-m\u00eame a \u00e9t\u00e9 con\u00e7u avec l&rsquo;utilisation de Elementor, un constructeur de pages convivial, qui facilite la personnalisation et la mise \u00e0 jour transparentes de votre site Web via sa fonctionnalit\u00e9 intuitive de glisser-d\u00e9poser. De plus, Skillate s&rsquo;int\u00e8gre de mani\u00e8re transparente \u00e0 WooCommerce, une plate-forme de commerce \u00e9lectronique extr\u00eamement populaire, vous accordant ainsi la possibilit\u00e9 de commercialiser et de vendre efficacement vos cours et divers produits num\u00e9riques directement \u00e0 partir de votre site Web. Que vous aspirez \u00e0 transmettre une nouvelle comp\u00e9tence ou \u00e0 aspirer \u00e0 d\u00e9velopper et \u00e0 \u00e9lever votre entreprise eLearning, Skills sert de th\u00e8me WordPress id\u00e9al et indispensable qui vous propulsera sans aucun doute vers la r\u00e9ussite de vos objectifs.<\/p>\n","protected":false},"featured_media":145259,"comment_status":"open","ping_status":"open","template":"","meta":[],"product_brand":[2527],"product_cat":[1516,1212,1213],"product_tag":[1451],"class_list":{"0":"post-112090","1":"product","2":"type-product","3":"status-publish","4":"has-post-thumbnail","6":"product_brand-themeum","7":"product_cat-entreprise","8":"product_cat-themes","9":"product_cat-wordpress-themes","10":"product_tag-themeum","11":"member-discount","12":"discount-restricted","14":"first","15":"instock","16":"sale","17":"downloadable","18":"virtual","19":"sold-individually","20":"purchasable","21":"product-type-simple"},"_links":{"self":[{"href":"https:\/\/gpl-love.com\/fr\/wp-json\/wp\/v2\/product\/112090","targetHints":{"allow":["GET"]}}],"collection":[{"href":"https:\/\/gpl-love.com\/fr\/wp-json\/wp\/v2\/product"}],"about":[{"href":"https:\/\/gpl-love.com\/fr\/wp-json\/wp\/v2\/types\/product"}],"replies":[{"embeddable":true,"href":"https:\/\/gpl-love.com\/fr\/wp-json\/wp\/v2\/comments?post=112090"}],"wp:featuredmedia":[{"embeddable":true,"href":"https:\/\/gpl-love.com\/fr\/wp-json\/wp\/v2\/media\/145259"}],"wp:attachment":[{"href":"https:\/\/gpl-love.com\/fr\/wp-json\/wp\/v2\/media?parent=112090"}],"wp:term":[{"taxonomy":"product_brand","embeddable":true,"href":"https:\/\/gpl-love.com\/fr\/wp-json\/wp\/v2\/product_brand?post=112090"},{"taxonomy":"product_cat","embeddable":true,"href":"https:\/\/gpl-love.com\/fr\/wp-json\/wp\/v2\/product_cat?post=112090"},{"taxonomy":"product_tag","embeddable":true,"href":"https:\/\/gpl-love.com\/fr\/wp-json\/wp\/v2\/product_tag?post=112090"}],"curies":[{"name":"wp","href":"https:\/\/api.w.org\/{rel}","templated":true}]}}