{"id":112086,"date":"2021-02-23T00:00:00","date_gmt":"2021-02-22T23:00:00","guid":{"rendered":"http:\/\/gpl-love.com\/fr\/produit\/dopi-elementor-multipurpose-wordpress-theme\/"},"modified":"2026-03-20T23:01:14","modified_gmt":"2026-03-20T22:01:14","slug":"dopi-elementor-multipurpose-wordpress-theme","status":"publish","type":"product","link":"https:\/\/gpl-love.com\/fr\/produit\/dopi-elementor-multipurpose-wordpress-theme\/","title":{"rendered":"Dopi Elementor MultiPurpose WordPress Theme 1.2.3"},"content":{"rendered":"<h3>Dopi Elementor MultiPurpose WordPress Theme Traits<\/h3>\n<p>Le th\u00e8me WordPress polyvalent DOPI Elementor est un th\u00e8me remarquablement polyvalent et personnalisable, ce qui le rend id\u00e9al pour construire tout assortiment de sites Web. Avec l&rsquo;inclusion de son constructeur de pages de glisser-d\u00e9poser, Elementor, les individus d\u00e9pourvus d&rsquo;expertise de codage peuvent concevoir et fabriquer sans effort des pages. Le th\u00e8me englobe un tableau de mod\u00e8les de d\u00e9monstration divers, qui peuvent tous \u00eatre import\u00e9s de mani\u00e8re transparente en un simple clic sur un bouton, simplifiant ainsi le processus d&rsquo;initiation. Le th\u00e8me DOPI englobe \u00e9galement un assortiment de caract\u00e9ristiques extr\u00eamement pratiques, y compris un mega menu, un assortiment abondant d&rsquo;options de couleurs, ainsi que divers styles pour l&rsquo;en-t\u00eate et le pied de page. De plus, ce th\u00e8me a subi une optimisation sp\u00e9cifiquement dans le but d&rsquo;am\u00e9liorer les capacit\u00e9s de vitesse et d&rsquo;optimisation des moteurs de recherche (SEO). Cette optimisation garantit que votre site Web se chargera rapidement et atteindra un classement louable sur les plates-formes de moteur de recherche. En conclusion, le th\u00e8me DOPI est une option exemplaire pour les personnes \u00e0 la recherche d&rsquo;un th\u00e8me WordPress mall\u00e9able et puissant.<\/p>\n<ul>\n<li>Th\u00e8me WordPress multipurpose Elementor hautement personnalisable<\/li>\n<li>Interface de glisser-d\u00e9poser facile \u00e0 utiliser<\/li>\n<li>Livr\u00e9 avec plusieurs mod\u00e8les pr\u00e9-con\u00e7us pour une configuration rapide<\/li>\n<li>La conception r\u00e9active garantit que votre site Web a fi\u00e8re allure sur tous les appareils<\/li>\n<li>Options d&rsquo;en-t\u00eate et de pied de page multiples<\/li>\n<li>Typographie et jeu de couleurs personnalisables<\/li>\n<li>Int\u00e9gration avec des plugins populaires tels que WooCommerce et Formulaire de contact 7<\/li>\n<li>Importation de d\u00e9monstration en un clic pour la cr\u00e9ation de sites Web faciles<\/li>\n<li>Support client d\u00e9di\u00e9 \u00e0 toute question ou probl\u00e8me<\/li>\n<li>SEO optimis\u00e9 pour un meilleur classement des moteurs de recherche<\/li>\n<li>Mises \u00e0 jour r\u00e9guli\u00e8res pour assurer la compatibilit\u00e9 avec les derni\u00e8res versions et plugins WordPress.<\/li>\n<\/ul>\n","protected":false},"excerpt":{"rendered":"<p>Le th\u00e8me WordPress multipurpose DOPI Elementor est un mod\u00e8le polyvalent et hautement personnalisable con\u00e7u pour les utilisateurs de WordPress. DOPI propose une pl\u00e9thore de fonctionnalit\u00e9s con\u00e7ues pour faire ressortir votre site Web. Ce th\u00e8me est polyvalent, ce qui signifie qu&rsquo;il peut \u00eatre utilis\u00e9 pour tout type de site Web, des blogs aux sites de commerce \u00e9lectronique. Il utilise le constructeur de page Elementor, ce qui facilite la cr\u00e9ation de pages Web \u00e9poustouflantes sans aucune connaissance de codage. Avec DOPI, vous pouvez personnaliser chaque \u00e9l\u00e9ment de votre site Web pour correspondre parfaitement \u00e0 votre marque. De plus, DOPI offre un excellent support client, en vous assurant que vous aurez toujours l&rsquo;aide dont vous avez besoin. Que vous soyez un d\u00e9butant ou un d\u00e9veloppeur Web exp\u00e9riment\u00e9, le th\u00e8me WordPress polyvalent DOPI Elementor fait de la construction de beaux sites Web professionnels un jeu d&rsquo;enfant.<\/p>\n","protected":false},"featured_media":143565,"comment_status":"open","ping_status":"open","template":"","meta":[],"product_brand":[2433],"product_cat":[1214,1212,1213],"product_tag":[1366],"class_list":{"0":"post-112086","1":"product","2":"type-product","3":"status-publish","4":"has-post-thumbnail","6":"product_brand-themeforest","7":"product_cat-polyvalent","8":"product_cat-themes","9":"product_cat-wordpress-themes","10":"product_tag-themeforest","11":"member-discount","12":"discount-restricted","14":"first","15":"instock","16":"sale","17":"downloadable","18":"virtual","19":"sold-individually","20":"purchasable","21":"product-type-simple"},"_links":{"self":[{"href":"https:\/\/gpl-love.com\/fr\/wp-json\/wp\/v2\/product\/112086","targetHints":{"allow":["GET"]}}],"collection":[{"href":"https:\/\/gpl-love.com\/fr\/wp-json\/wp\/v2\/product"}],"about":[{"href":"https:\/\/gpl-love.com\/fr\/wp-json\/wp\/v2\/types\/product"}],"replies":[{"embeddable":true,"href":"https:\/\/gpl-love.com\/fr\/wp-json\/wp\/v2\/comments?post=112086"}],"wp:featuredmedia":[{"embeddable":true,"href":"https:\/\/gpl-love.com\/fr\/wp-json\/wp\/v2\/media\/143565"}],"wp:attachment":[{"href":"https:\/\/gpl-love.com\/fr\/wp-json\/wp\/v2\/media?parent=112086"}],"wp:term":[{"taxonomy":"product_brand","embeddable":true,"href":"https:\/\/gpl-love.com\/fr\/wp-json\/wp\/v2\/product_brand?post=112086"},{"taxonomy":"product_cat","embeddable":true,"href":"https:\/\/gpl-love.com\/fr\/wp-json\/wp\/v2\/product_cat?post=112086"},{"taxonomy":"product_tag","embeddable":true,"href":"https:\/\/gpl-love.com\/fr\/wp-json\/wp\/v2\/product_tag?post=112086"}],"curies":[{"name":"wp","href":"https:\/\/api.w.org\/{rel}","templated":true}]}}