{"id":112084,"date":"2022-05-22T00:00:00","date_gmt":"2022-05-21T22:00:00","guid":{"rendered":"http:\/\/gpl-love.com\/fr\/produit\/edumax-wordpress-theme-to-build-online-course-portal\/"},"modified":"2026-03-20T23:02:57","modified_gmt":"2026-03-20T22:02:57","slug":"edumax-wordpress-theme-to-build-online-course-portal","status":"publish","type":"product","link":"https:\/\/gpl-love.com\/fr\/produit\/edumax-wordpress-theme-to-build-online-course-portal\/","title":{"rendered":"Edumax WordPress Th\u00e8me To Build Online Course Portal 2.1.0"},"content":{"rendered":"<h3>Edumax WordPress Th\u00e8me To Build Online Course Portal Traits<\/h3>\n<p>Le th\u00e8me Edumax WordPress se pr\u00e9sente comme un instrument hautement louable qui permet aux individus de construire un portail de cours en ligne complet. Ce th\u00e8me multiforme met en valeur une myriade d&rsquo;attributs impressionnants, facilitant la cr\u00e9ation transparente d&rsquo;un site Web visuellement captivant et poli. Avec une interface intuitive et conviviale, les utilisateurs peuvent adapter sans effort la mise en page de leur site, incorporant une gamme diversifi\u00e9e de cours tout en g\u00e9rant efficacement l&rsquo;avancement de leurs \u00e9tudiants. En outre, ce th\u00e8me poss\u00e8de une optimisation impeccable du moteur de recherche, garantissant un classement important dans les r\u00e9sultats de recherche. En adoptant le th\u00e8me Edumax WordPress, les \u00e9ducateurs peuvent offrir une exp\u00e9dition d&rsquo;apprentissage ininterrompue et immersive, favorisant ainsi la croissance exponentielle au sein de leur entreprise de cours en ligne.<\/p>\n<ul>\n<li>Th\u00e8me WordPress puissant et convivial con\u00e7u pour cr\u00e9er des portails de cours en ligne<\/li>\n<li>Pleinement r\u00e9actif et adaptable, assurant des performances transparentes sur le bureau, la tablette ou le mobile<\/li>\n<li>Large gamme de mod\u00e8les de site Web pr\u00e9d\u00e9finis et de dispositions de page adapt\u00e9es aux besoins des \u00e9ducateurs en ligne et des apprenants<\/li>\n<li>Syst\u00e8me de gestion des cours int\u00e9gr\u00e9s avec des fonctionnalit\u00e9s avanc\u00e9es telles que le suivi des progr\u00e8s des cours personnalis\u00e9s, les quiz et les affectations<\/li>\n<li>Int\u00e9gration avec des plugins en ligne populaires tels que LearnDash et WP<\/li>\n<li>Options de personnalisation de th\u00e8me avanc\u00e9 pour vous assurer que votre site Web se d\u00e9marque et repr\u00e9sente votre marque<\/li>\n<li>Int\u00e9gration transparente avec des passerelles de paiement pour des achats de parcours faciles et s\u00e9curis\u00e9s<\/li>\n<li>Optimis\u00e9 pour les moteurs de recherche et le chargement de vitesse de haute page, assurant une visibilit\u00e9 et un engagement maximum<\/li>\n<li>\u00c9quipe de support d\u00e9di\u00e9e disponible pour vous aider avec toutes les questions ou probl\u00e8mes que vous pouvez rencontrer.<\/li>\n<\/ul>\n","protected":false},"excerpt":{"rendered":"<p>Edumax est un th\u00e8me WordPress incroyablement dynamique et exceptionnellement polyvalent qui a \u00e9t\u00e9 con\u00e7u de mani\u00e8re experte pour vous aider \u00e0 cr\u00e9er sans effort le portail de cours en ligne ultime qui est garanti pour captiver et captiver les \u00e9tudiants de tous les coins du globe. Son interface intuitivement con\u00e7ue et ses fonctionnalit\u00e9s remarquablement conviviales fonctionnent en parfaite harmonie pour pr\u00e9senter sans effort votre vaste gamme de cours, ce qui a finalement entra\u00een\u00e9 un afflux sans pr\u00e9c\u00e9dent d&rsquo;\u00e9tudiants d\u00e9sireux d&rsquo;acqu\u00e9rir des connaissances de votre plate-forme estim\u00e9e. Ce th\u00e8me ph\u00e9nom\u00e9nalement personnalisable vous accorde \u00e0 une pl\u00e9thore d&rsquo;options, y compris, mais sans s&rsquo;y limiter exp\u00e9rience d&rsquo;apprentissage in\u00e9gal\u00e9e. En exploitant le pouvoir remarquable d&rsquo;Edumax, vous pourrez cr\u00e9er et vendre sans effort vos cours en ligne m\u00e9ticuleusement organis\u00e9s, catapultant sans effort votre entreprise d&rsquo;apprentissage en ligne \u00e0 des hauteurs de succ\u00e8s sans pr\u00e9c\u00e9dent en un clin d&rsquo;\u0153il.<\/p>\n","protected":false},"featured_media":143679,"comment_status":"open","ping_status":"open","template":"","meta":[],"product_brand":[2527],"product_cat":[1516,1212,1213],"product_tag":[1451],"class_list":{"0":"post-112084","1":"product","2":"type-product","3":"status-publish","4":"has-post-thumbnail","6":"product_brand-themeum","7":"product_cat-entreprise","8":"product_cat-themes","9":"product_cat-wordpress-themes","10":"product_tag-themeum","11":"member-discount","12":"discount-restricted","14":"first","15":"instock","16":"sale","17":"downloadable","18":"virtual","19":"sold-individually","20":"purchasable","21":"product-type-simple"},"_links":{"self":[{"href":"https:\/\/gpl-love.com\/fr\/wp-json\/wp\/v2\/product\/112084","targetHints":{"allow":["GET"]}}],"collection":[{"href":"https:\/\/gpl-love.com\/fr\/wp-json\/wp\/v2\/product"}],"about":[{"href":"https:\/\/gpl-love.com\/fr\/wp-json\/wp\/v2\/types\/product"}],"replies":[{"embeddable":true,"href":"https:\/\/gpl-love.com\/fr\/wp-json\/wp\/v2\/comments?post=112084"}],"wp:featuredmedia":[{"embeddable":true,"href":"https:\/\/gpl-love.com\/fr\/wp-json\/wp\/v2\/media\/143679"}],"wp:attachment":[{"href":"https:\/\/gpl-love.com\/fr\/wp-json\/wp\/v2\/media?parent=112084"}],"wp:term":[{"taxonomy":"product_brand","embeddable":true,"href":"https:\/\/gpl-love.com\/fr\/wp-json\/wp\/v2\/product_brand?post=112084"},{"taxonomy":"product_cat","embeddable":true,"href":"https:\/\/gpl-love.com\/fr\/wp-json\/wp\/v2\/product_cat?post=112084"},{"taxonomy":"product_tag","embeddable":true,"href":"https:\/\/gpl-love.com\/fr\/wp-json\/wp\/v2\/product_tag?post=112084"}],"curies":[{"name":"wp","href":"https:\/\/api.w.org\/{rel}","templated":true}]}}