{"id":112082,"date":"2026-04-18T00:00:00","date_gmt":"2026-04-17T22:00:00","guid":{"rendered":"http:\/\/gpl-love.com\/fr\/produit\/bulk-table-editor-for-woocommerce\/"},"modified":"2026-04-19T00:30:19","modified_gmt":"2026-04-18T22:30:19","slug":"bulk-table-editor-for-woocommerce","status":"publish","type":"product","link":"https:\/\/gpl-love.com\/fr\/produit\/bulk-table-editor-for-woocommerce\/","title":{"rendered":"Bulk Table Editor pour WooCommerce 2.6.7"},"content":{"rendered":"<h3>Bulk Table Editor pour WooCommerce Traits<\/h3>\n<p>L&rsquo;\u00e9diteur de table en vrac pour WooCommerce est un outil extr\u00eamement puissant et robuste qui a \u00e9t\u00e9 con\u00e7u de mani\u00e8re experte dans le but expr\u00e8s de simplifier et de rationaliser la t\u00e2che souvent ardue de g\u00e9rer les donn\u00e9es des produits dans votre boutique WooCommerce. En utilisant cet outil, vous vous trouverez en mesure de modifier et de mettre \u00e0 jour sans effort de grandes quantit\u00e9s d&rsquo;informations sur les produits en un seul coup, annulant ainsi la n\u00e9cessit\u00e9 d&rsquo;un travail manuel inutile et vous \u00e9conomisant simultan\u00e9ment un temps et des efforts \u00e9normes. Cet \u00e9diteur remarquable vous offre la capacit\u00e9 sans pr\u00e9c\u00e9dent \u00e0 incorporer rapidement des ajouts, des suppressions ou des modifications \u00e0 vos informations de produit, englobant un large \u00e9ventail d&rsquo;\u00e9l\u00e9ments tels que les prix, les attributs, les niveaux de stock et l&rsquo;assortiment d&rsquo;autres d\u00e9tails pertinents. De plus, il vous accorde \u00e0 une large gamme de fonctionnalit\u00e9s avanc\u00e9es qui sont amorc\u00e9es et pr\u00eates \u00e0 \u00e9lever votre niveau de productivit\u00e9 \u00e0 des hauteurs auparavant insondables. Par exemple, vous serez en mesure de filtrer et de trier efficacement vos produits avec une facilit\u00e9 in\u00e9gal\u00e9e, vous permettant de localiser sans effort les articles pr\u00e9cis que vous recherchez. De plus, vous pouvez pr\u00e9visualiser toutes les modifications que vous avez apport\u00e9es avant de les appliquer r\u00e9ellement, vous offrant ainsi une occasion indispensable d&rsquo;\u00e9valuer l&rsquo;impact potentiel de vos modifications. De plus, vous serez \u00e9galement en mesure de planifier facilement les mises \u00e0 jour automatiques, en vous assurant que vos donn\u00e9es de produit restent toujours exactes et \u00e0 jour sans aucune intervention inutile de votre part. Que vous soyez un propri\u00e9taire de petite entreprise fid\u00e8le ou un titan de l&rsquo;industrie au sein d&rsquo;une grande entreprise, une chose reste clairement claire: l&rsquo;\u00e9diteur de table en vrac pour WooCommerce est un outil indispensable et absolument essentiel qui r\u00e9volutionnera sans aucun doute la mani\u00e8re dont vous g\u00e9rez que vous g\u00e9rez Et maintenez vos donn\u00e9es de produits inestimables, tout en faisant cela avec un niveau d&rsquo;efficacit\u00e9 et d&rsquo;efficacit\u00e9 in\u00e9gal\u00e9.<\/p>\n<ul>\n<li>Modifier sans effort de grandes quantit\u00e9s de produits dans WooCommerce<\/li>\n<li>Mettre \u00e0 jour rapidement les prix, les niveaux de stock et les informations sur les produits<\/li>\n<li>Filtre les produits bas\u00e9s sur des attributs comme la cat\u00e9gorie, les \u00e9tiquettes et SKU<\/li>\n<li>Exporter et importer des donn\u00e9es vers et depuis les feuilles de calcul pour une modification facile<\/li>\n<li>Utilisez des outils de recherche avanc\u00e9s pour trouver rapidement des produits sp\u00e9cifiques<\/li>\n<li>Modifier les variations de produit avec facilit\u00e9<\/li>\n<li>Gagnez du temps en lotant les mises \u00e0 jour et les modifications<\/li>\n<li>Am\u00e9liorer la productivit\u00e9 avec un processus d&rsquo;\u00e9dition rationalis\u00e9<\/li>\n<li>Assurer la pr\u00e9cision des donn\u00e9es avec un aper\u00e7u clair de toutes les modifications apport\u00e9es<\/li>\n<li>Compatible avec la derni\u00e8re version de WooCommerce pour l&rsquo;int\u00e9gration transparente<\/li>\n<\/ul>\n","protected":false},"excerpt":{"rendered":"<p>Am\u00e9liorez votre exp\u00e9rience WooCommerce avec notre \u00e9diteur de table en vrac. Cet outil puissant vous permet de g\u00e9rer vos produits WooCommerce en vrac, ce qui vous fait gagner du temps et des efforts. Avec l&rsquo;interface conviviale de notre \u00e9diteur, vous pouvez facilement ajuster les prix, les stocks, les cat\u00e9gories et plus encore en quelques clics. Il est parfait pour les propri\u00e9taires de magasins en ligne qui souhaitent rationaliser leurs op\u00e9rations et stimuler la productivit\u00e9. Non seulement l&rsquo;\u00e9diteur de table en vrac facilite la gestion de votre inventaire, mais il vous aide \u00e9galement \u00e0 cr\u00e9er une boutique en ligne plus organis\u00e9e et plus efficace. Essayez notre \u00e9diteur de table en vrac pour WooCommerce aujourd&rsquo;hui et faites l&rsquo;exp\u00e9rience de la diff\u00e9rence.<\/p>\n","protected":false},"featured_media":143338,"comment_status":"open","ping_status":"open","template":"","meta":[],"product_brand":[2440],"product_cat":[1183,1182,1181],"product_tag":[1398],"class_list":{"0":"post-112082","1":"product","2":"type-product","3":"status-publish","4":"has-post-thumbnail","6":"product_brand-woocommerce","7":"product_cat-administration","8":"product_cat-commerce-electronique-plugins","9":"product_cat-plugins","10":"product_tag-woocommerce","11":"member-discount","12":"discount-restricted","14":"first","15":"instock","16":"sale","17":"downloadable","18":"virtual","19":"sold-individually","20":"purchasable","21":"product-type-simple"},"_links":{"self":[{"href":"https:\/\/gpl-love.com\/fr\/wp-json\/wp\/v2\/product\/112082","targetHints":{"allow":["GET"]}}],"collection":[{"href":"https:\/\/gpl-love.com\/fr\/wp-json\/wp\/v2\/product"}],"about":[{"href":"https:\/\/gpl-love.com\/fr\/wp-json\/wp\/v2\/types\/product"}],"replies":[{"embeddable":true,"href":"https:\/\/gpl-love.com\/fr\/wp-json\/wp\/v2\/comments?post=112082"}],"wp:featuredmedia":[{"embeddable":true,"href":"https:\/\/gpl-love.com\/fr\/wp-json\/wp\/v2\/media\/143338"}],"wp:attachment":[{"href":"https:\/\/gpl-love.com\/fr\/wp-json\/wp\/v2\/media?parent=112082"}],"wp:term":[{"taxonomy":"product_brand","embeddable":true,"href":"https:\/\/gpl-love.com\/fr\/wp-json\/wp\/v2\/product_brand?post=112082"},{"taxonomy":"product_cat","embeddable":true,"href":"https:\/\/gpl-love.com\/fr\/wp-json\/wp\/v2\/product_cat?post=112082"},{"taxonomy":"product_tag","embeddable":true,"href":"https:\/\/gpl-love.com\/fr\/wp-json\/wp\/v2\/product_tag?post=112082"}],"curies":[{"name":"wp","href":"https:\/\/api.w.org\/{rel}","templated":true}]}}