{"id":112080,"date":"2021-02-22T00:00:00","date_gmt":"2021-02-21T23:00:00","guid":{"rendered":"http:\/\/gpl-love.com\/fr\/produit\/presso-modern-magazine-newspaper-viral-theme\/"},"modified":"2026-04-10T18:36:57","modified_gmt":"2026-04-10T16:36:57","slug":"presso-modern-magazine-newspaper-viral-theme","status":"publish","type":"product","link":"https:\/\/gpl-love.com\/fr\/produit\/presso-modern-magazine-newspaper-viral-theme\/","title":{"rendered":"Presso Modern Magazine Newspaper Viral Theme 3.3.11"},"content":{"rendered":"<h3>Presso Modern Magazine Newspaper Viral Theme Traits<\/h3>\n<p>Le th\u00e8me viral du journal du magazine Presso Modern est un instrument incroyablement puissant pour la cr\u00e9ation d&rsquo;une publication en ligne \u00e9l\u00e9gante et captivante. Ce th\u00e8me particulier a \u00e9t\u00e9 sp\u00e9cifiquement con\u00e7u pour aider les \u00e9diteurs contemporains \u00e0 g\u00e9n\u00e9rer un contenu viral qui peut \u00eatre diffus\u00e9 sans effort sur diverses plateformes de m\u00e9dias sociaux. Avec sa conception rationalis\u00e9e et de pointe, le th\u00e8me de Presso garantit que votre contenu maintient son apparence impeccable sur n&rsquo;importe quel appareil, quelles que soient ses sp\u00e9cifications. Ce qui distingue le th\u00e8me Presso de ses concurrents, ce sont sa multitude de fonctionnalit\u00e9s impressionnantes, telles que des dispositions personnalisables, des widgets sur mesure et un syst\u00e8me de partage des m\u00e9dias sociaux int\u00e9gr\u00e9s. Que vous exploitez un site Web d&rsquo;actualit\u00e9s, un blog ou un magazine en ligne, le th\u00e8me viral du journal du magazine Presso Modern est incontestablement le choix optimal pour ceux qui cherchent \u00e0 fabriquer une publication en ligne dynamique et captivante.<\/p>\n<ul>\n<li>Un th\u00e8me WordPress visuellement \u00e9tonnant et enti\u00e8rement r\u00e9actif con\u00e7u sp\u00e9cialement pour les magazines et les journaux en ligne<\/li>\n<li>Construit avec les derni\u00e8res technologies Web telles que HTML5, CSS3 et JQuery, garantissant des performances rapides et fiables<\/li>\n<li>Livr\u00e9 avec plusieurs options de disposition de page d&rsquo;accueil au choix, vous permettant de pr\u00e9senter votre contenu d&rsquo;une mani\u00e8re qui convient le mieux \u00e0 vos besoins<\/li>\n<li>S&rsquo;int\u00e8gre parfaitement aux plateformes de m\u00e9dias sociaux, ce qui facilite le partage de vos articles et de vous engager avec votre public<\/li>\n<li>Comprend un panneau d&rsquo;administration puissant qui vous donne un contr\u00f4le total sur tous les aspects de votre site, des couleurs et des polices aux r\u00f4les et autorisations utilisateur<\/li>\n<li>Comprend la prise en charge de plusieurs placements d&rsquo;annonces et Google Adsense, offrant un flux fiable de revenus pour votre publication<\/li>\n<li>Optimis\u00e9 pour le r\u00e9f\u00e9rencement, garantissant que votre contenu se classera fortement dans les r\u00e9sultats des moteurs de recherche et attirera plus de lecteurs<\/li>\n<li>Comprend une vari\u00e9t\u00e9 de widgets personnalis\u00e9s tels que les publications populaires, les ic\u00f4nes des m\u00e9dias sociaux et les formulaires d&rsquo;inscription \u00e0 la newsletter, vous aidant \u00e0 d\u00e9velopper votre public et \u00e0 augmenter l&rsquo;engagement<\/li>\n<li>Compatible avec les plugins WordPress populaires tels que WooCommerce et Contact Form 7, vous offrant encore plus de flexibilit\u00e9 pour personnaliser votre site comme vous le souhaitez.<\/li>\n<\/ul>\n","protected":false},"excerpt":{"rendered":"<p>Le th\u00e8me viral du journal du magazine Presso Modern Magazine \u00e9man\u00e9e \u00e9mane un appel captivant, ce qui en fait la quintessence de la perfection pour les magazines en ligne et les sites de nouvelles. Ce th\u00e8me est rempli d&rsquo;une pl\u00e9thore de fonctionnalit\u00e9s robustes qui contribuent \u00e0 vous permettre de fa\u00e7onner une publication en ligne impressionnante. Poss\u00e9dant un m\u00e9lange sans tache d&rsquo;une apparence vierge et une disposition futuriste, Presso garantit que votre contenu tiendra la t\u00eate et les \u00e9paules au-dessus du reste, captivant les lecteurs et les captivant jusqu&rsquo;\u00e0 la fin. Il se vante d&rsquo;\u00eatre m\u00e9ticuleusement optimis\u00e9 pour le r\u00e9f\u00e9rencement, garantissant que votre site Web grimpera sans effort dans les rangs des r\u00e9sultats des moteurs de recherche. De plus, ce th\u00e8me s\u00e9duisant est compl\u00e8tement r\u00e9actif sur tous les appareils, offrant une exp\u00e9rience de navigation transparente pour les utilisateurs de tous horizons. La cerise sur le dessus est sa facilit\u00e9 de personnalisation in\u00e9gal\u00e9e, vous permettant d&rsquo;adapter tous les aspects de votre site Web \u00e0 votre go\u00fbt pr\u00e9cis. Avec la force indomptable qui est Presso, vous pourrez fa\u00e7onner sans effort un site Web qui attirera et conservera magn\u00e9tiquement un public vaste et diversifi\u00e9.<\/p>\n","protected":false},"featured_media":145015,"comment_status":"open","ping_status":"open","template":"","meta":[],"product_brand":[2433],"product_cat":[1220,1212,1213],"product_tag":[1366],"class_list":{"0":"post-112080","1":"product","2":"type-product","3":"status-publish","4":"has-post-thumbnail","6":"product_brand-themeforest","7":"product_cat-blog-magazine","8":"product_cat-themes","9":"product_cat-wordpress-themes","10":"product_tag-themeforest","11":"member-discount","12":"discount-restricted","14":"first","15":"instock","16":"sale","17":"downloadable","18":"virtual","19":"sold-individually","20":"purchasable","21":"product-type-simple"},"_links":{"self":[{"href":"https:\/\/gpl-love.com\/fr\/wp-json\/wp\/v2\/product\/112080","targetHints":{"allow":["GET"]}}],"collection":[{"href":"https:\/\/gpl-love.com\/fr\/wp-json\/wp\/v2\/product"}],"about":[{"href":"https:\/\/gpl-love.com\/fr\/wp-json\/wp\/v2\/types\/product"}],"replies":[{"embeddable":true,"href":"https:\/\/gpl-love.com\/fr\/wp-json\/wp\/v2\/comments?post=112080"}],"wp:featuredmedia":[{"embeddable":true,"href":"https:\/\/gpl-love.com\/fr\/wp-json\/wp\/v2\/media\/145015"}],"wp:attachment":[{"href":"https:\/\/gpl-love.com\/fr\/wp-json\/wp\/v2\/media?parent=112080"}],"wp:term":[{"taxonomy":"product_brand","embeddable":true,"href":"https:\/\/gpl-love.com\/fr\/wp-json\/wp\/v2\/product_brand?post=112080"},{"taxonomy":"product_cat","embeddable":true,"href":"https:\/\/gpl-love.com\/fr\/wp-json\/wp\/v2\/product_cat?post=112080"},{"taxonomy":"product_tag","embeddable":true,"href":"https:\/\/gpl-love.com\/fr\/wp-json\/wp\/v2\/product_tag?post=112080"}],"curies":[{"name":"wp","href":"https:\/\/api.w.org\/{rel}","templated":true}]}}