{"id":112076,"date":"2026-04-16T00:00:00","date_gmt":"2026-04-15T22:00:00","guid":{"rendered":"http:\/\/gpl-love.com\/fr\/produit\/discount-rules-for-woocommerce-pro\/"},"modified":"2026-04-17T00:30:30","modified_gmt":"2026-04-16T22:30:30","slug":"discount-rules-for-woocommerce-pro","status":"publish","type":"product","link":"https:\/\/gpl-love.com\/fr\/produit\/discount-rules-for-woocommerce-pro\/","title":{"rendered":"Discount Rules pour WooCommerce Pro 2.6.15"},"content":{"rendered":"<h3>Discount Rules pour WooCommerce Pro Traits<\/h3>\n<p>Les r\u00e8gles de r\u00e9duction pour WooCommerce Pro sont un plugin incroyablement sophistiqu\u00e9 qui offre une vaste gamme de fonctionnalit\u00e9s pour les propri\u00e9taires de magasin, leur permettant de cr\u00e9er et de g\u00e9rer efficacement des r\u00e8gles de r\u00e9duction personnalis\u00e9es pour leur magasin WooCommerce. L&rsquo;interface du plugin est conviviale et ses fonctionnalit\u00e9s sont tr\u00e8s puissantes, offrant aux propri\u00e9taires de magasins une solution simple pour g\u00e9n\u00e9rer des rabais, des promotions et d&rsquo;autres incitations visant \u00e0 stimuler les ventes et \u00e0 favoriser la fid\u00e9lit\u00e9 des clients. Avec sa vaste gamme de param\u00e8tres flexibles et d&rsquo;options de personnalisation robustes, les r\u00e8gles de r\u00e9duction pour WooCommerce Pro accordent aux propri\u00e9taires de magasins la possibilit\u00e9 d&rsquo;\u00e9tablir sans effort des r\u00e8gles de r\u00e9duction complexes. Que vous cherchiez \u00e0 fournir des remises bas\u00e9es sur le pourcentage, \u00e0 mettre en \u0153uvre des offres Buy-One-Get-One ou \u00e0 introduire des promotions de livraison gratuites, ce plugin est \u00e9quip\u00e9 pour r\u00e9pondre \u00e0 tous vos besoins. Par cons\u00e9quent, si vous recherchez un puissant outil qui am\u00e9liorera efficacement vos ventes et attirera une client\u00e8le plus importante dans votre magasin WooCommerce, il n&rsquo;est pas n\u00e9cessaire de chercher plus loin que les r\u00e8gles de r\u00e9duction pour WooCommerce Pro.<\/p>\n<ul>\n<li>Un plugin premium pour WooCommerce qui permet aux propri\u00e9taires de magasins de cr\u00e9er et d&rsquo;appliquer des r\u00e8gles de r\u00e9duction avanc\u00e9es<\/li>\n<li>Prend en charge divers types de r\u00e9duction, y compris le pourcentage de rabais, la remise fixe, l&rsquo;achat d&rsquo;une<\/li>\n<li>Interface conviviale qui permet aux utilisateurs non techniques de cr\u00e9er facilement et d&rsquo;appliquer des r\u00e8gles<\/li>\n<li>Offre des fonctionnalit\u00e9s avanc\u00e9es telles que des remises conditionnelles, des remises planifi\u00e9es et des remises bas\u00e9es sur des chariots<\/li>\n<li>Prend en charge des r\u00e8gles de r\u00e9duction illimit\u00e9es, permettant aux propri\u00e9taires de magasins d&rsquo;offrir plus d&rsquo;incitations et de promotions<\/li>\n<li>Aide \u00e0 augmenter les ventes et la fid\u00e9lit\u00e9 des clients en encourageant les clients \u00e0 effectuer des achats et \u00e0 retourner dans le magasin<\/li>\n<li>Compatible avec la derni\u00e8re version de WooCommerce et WordPress<\/li>\n<li>R\u00e9guli\u00e8rement mis \u00e0 jour avec de nouvelles fonctionnalit\u00e9s et am\u00e9liorations<\/li>\n<li>Livr\u00e9 avec un excellent support client et documentation pour aider les propri\u00e9taires de magasin \u00e0 tirer le meilleur parti du plugin.<\/li>\n<\/ul>\n","protected":false},"excerpt":{"rendered":"<p>Les r\u00e8gles de r\u00e9duction pour le plugin WooCommerce Pro r\u00e9volutionnent votre march\u00e9 en ligne en vous permettant de mettre en place une myriade de r\u00e8gles de r\u00e9duction personnalis\u00e9es. Cette extension WooCommerce vous permet de cr\u00e9er et de g\u00e9rer des prix dynamiques et des remises, am\u00e9liorer votre strat\u00e9gie de vente et finalement g\u00e9n\u00e9rer plus de revenus. Avec son interface facile \u00e0 utiliser, vous pouvez d\u00e9finir des r\u00e9ductions sur des produits sp\u00e9cifiques, des cat\u00e9gories ou dans l&rsquo;ensemble de votre magasin. En outre, il vous permet de d\u00e9finir des r\u00e8gles conditionnelles en fonction de la quantit\u00e9, des r\u00f4les utilisateur, etc. Que vous souhaitiez r\u00e9compenser les clients fid\u00e8les, \u00e9liminer les actions de fin de saison ou capitaliser sur les temps de vente de pointe, les r\u00e8gles de r\u00e9duction pour WooCommerce Pro vous ont couvert! Exploitez le pouvoir de la tarification strat\u00e9gique et restez en avance sur vos concurrents. La version Pro du plugin offre \u00e9galement un support premium, garantissant que votre boutique en ligne fonctionne bien et efficacement. Mettre \u00e0 niveau vers des r\u00e8gles de r\u00e9duction pour WooCommerce Pro et commencer \u00e0 r\u00e9colter les avantages aujourd&rsquo;hui!<\/p>\n","protected":false},"featured_media":143539,"comment_status":"open","ping_status":"closed","template":"","meta":[],"product_brand":[2508],"product_cat":[1183,1182,1181],"product_tag":[1639],"class_list":{"0":"post-112076","1":"product","2":"type-product","3":"status-publish","4":"has-post-thumbnail","6":"product_brand-flycart","7":"product_cat-administration","8":"product_cat-commerce-electronique-plugins","9":"product_cat-plugins","10":"product_tag-flycart","11":"member-discount","12":"discount-restricted","14":"first","15":"instock","16":"sale","17":"downloadable","18":"virtual","19":"sold-individually","20":"purchasable","21":"product-type-simple"},"_links":{"self":[{"href":"https:\/\/gpl-love.com\/fr\/wp-json\/wp\/v2\/product\/112076","targetHints":{"allow":["GET"]}}],"collection":[{"href":"https:\/\/gpl-love.com\/fr\/wp-json\/wp\/v2\/product"}],"about":[{"href":"https:\/\/gpl-love.com\/fr\/wp-json\/wp\/v2\/types\/product"}],"replies":[{"embeddable":true,"href":"https:\/\/gpl-love.com\/fr\/wp-json\/wp\/v2\/comments?post=112076"}],"wp:featuredmedia":[{"embeddable":true,"href":"https:\/\/gpl-love.com\/fr\/wp-json\/wp\/v2\/media\/143539"}],"wp:attachment":[{"href":"https:\/\/gpl-love.com\/fr\/wp-json\/wp\/v2\/media?parent=112076"}],"wp:term":[{"taxonomy":"product_brand","embeddable":true,"href":"https:\/\/gpl-love.com\/fr\/wp-json\/wp\/v2\/product_brand?post=112076"},{"taxonomy":"product_cat","embeddable":true,"href":"https:\/\/gpl-love.com\/fr\/wp-json\/wp\/v2\/product_cat?post=112076"},{"taxonomy":"product_tag","embeddable":true,"href":"https:\/\/gpl-love.com\/fr\/wp-json\/wp\/v2\/product_tag?post=112076"}],"curies":[{"name":"wp","href":"https:\/\/api.w.org\/{rel}","templated":true}]}}