{"id":112074,"date":"2025-10-01T00:00:00","date_gmt":"2025-09-30T22:00:00","guid":{"rendered":"http:\/\/gpl-love.com\/fr\/produit\/xt-woocommerce-variation-swatches-pro\/"},"modified":"2026-03-20T23:52:29","modified_gmt":"2026-03-20T22:52:29","slug":"xt-woocommerce-variation-swatches-pro","status":"publish","type":"product","link":"https:\/\/gpl-love.com\/fr\/produit\/xt-woocommerce-variation-swatches-pro\/","title":{"rendered":"XT WooCommerce Variation Swatches Pro 1.9.7"},"content":{"rendered":"<h3>XT WooCommerce Variation Swatches Pro Traits<\/h3>\n<p>XT WooCommerce Variation Swatches Pro est un outil incroyablement puissant qui a \u00e9t\u00e9 sp\u00e9cialement con\u00e7u pour am\u00e9liorer consid\u00e9rablement l&rsquo;exp\u00e9rience utilisateur de votre magasin WooCommerce, vous offrant une multitude d&rsquo;avantages. Ce plugin exceptionnel vous permet de remplacer sans effort le menu d\u00e9roulant standard pour les variations de produits avec un large \u00e9ventail d&rsquo;\u00e9chantillons visuellement attrayants et captivants, qui captiveront sans aucun doute vos clients et laisseront une impression durable. Avec une vaste s\u00e9lection de plus de 25 styles d&rsquo;\u00e9chantillons \u00e0 choisir, vous avez la libert\u00e9 de personnaliser et d&rsquo;adapter pleinement l&rsquo;apparence de votre magasin pour correspondre pr\u00e9cis\u00e9ment \u00e0 votre marque unique et \u00e0 vos pr\u00e9f\u00e9rences esth\u00e9tiques. Ce qui d\u00e9finit les Swatches Pro de Variation WooCommerce \u00e0 l&rsquo;exception d&rsquo;autres plugins similaires, c&rsquo;est son support in\u00e9gal\u00e9 pour les \u00e9chantillons de couleur et d&rsquo;image, ce qui permet \u00e0 vos pr\u00e9cieux clients de visualiser et de s\u00e9lectionner facilement leurs variations de produit pr\u00e9f\u00e9r\u00e9es. La polyvalence et l&rsquo;adaptabilit\u00e9 de ce plugin en font un atout inestimable pour une gamme diversifi\u00e9e d&rsquo;entreprises de commerce \u00e9lectronique, s&rsquo;adressant \u00e0 diverses industries et niches. L&rsquo;une des fonctionnalit\u00e9s remarquables de XT WooCommerce Variation Swatches Pro est son niveau de personnalisation remarquable, vous permettant d&rsquo;adapter et d&rsquo;adapter sans effort le plugin pour s&rsquo;aligner parfaitement avec vos besoins et exigences sp\u00e9cifiques. De plus, le processus d&rsquo;installation est incroyablement simple et sans tracas, en vous garantissant que vous pouvez facilement int\u00e9grer cet outil exceptionnel dans votre magasin WooCommerce sans aucune difficult\u00e9 technique. De plus, si vous rencontrez jamais des probl\u00e8mes ou avez besoin d&rsquo;aide, vous pouvez \u00eatre assur\u00e9 de savoir que les Swatches Pro de la variation WooCommerce XT sont livr\u00e9es avec un support client de premier ordre, en veillant \u00e0 ce que toutes les pr\u00e9occupations ou requ\u00eates que vous puissiez avoir soient rapidement trait\u00e9es et r\u00e9solues. En conclusion, il est clairement clair que les Swatches Pro de la variation WooCommerce XT sont un outil indispensable et essentiel pour tout utilisateur de WooCommerce exigeant qui se consacre \u00e0 l&rsquo;am\u00e9lioration et \u00e0 l&rsquo;optimisation de la fonctionnalit\u00e9 et de l&rsquo;exp\u00e9rience utilisateur de leur magasin.<\/p>\n<ul>\n<li>Un plugin avanc\u00e9 pour les variations WooCommerce qui vous permet d&rsquo;ajouter des \u00e9chantillons \u00e0 vos options de produit<\/li>\n<li>Affichez rapidement et facilement les \u00e9chantillons de couleur, d&rsquo;image ou d&rsquo;\u00e9tiquette pour vos variations de produit<\/li>\n<li>Offrez une exp\u00e9rience d&rsquo;achat plus visuelle et conviviale pour vos clients<\/li>\n<li>Personnalisez vos \u00e9chantillons en diff\u00e9rentes formes et tailles pour correspondre \u00e0 la conception de votre magasin<\/li>\n<li>Fournir des info-bulles sp\u00e9cifiques pour chaque \u00e9chantillon pour donner des informations d\u00e9taill\u00e9es sur le produit<\/li>\n<li>Activer le style et les animations contextuelles de l&rsquo;infraction pour un look poli<\/li>\n<li>G\u00e9n\u00e9rez automatiquement les \u00e9chantillons en fonction de vos attributs de produit ou cr\u00e9ez des \u00e9chantillons personnalis\u00e9s pour des produits uniques<\/li>\n<li>Attribuez facilement des \u00e9chantillons aux variations de produit \u00e0 l&rsquo;aide d&rsquo;une interface simple<\/li>\n<li>Int\u00e9grez de mani\u00e8re transparente les \u00e9chantillons dans vos pages de produits avec des options de balises shortcode ou de mod\u00e8le<\/li>\n<li>Compatible avec tous les principaux th\u00e8mes et extensions de WooCommerce.<\/li>\n<\/ul>\n","protected":false},"excerpt":{"rendered":"<p>Le XT WooCommerce Variation Swatches Pro est un plugin exceptionnel qui sert \u00e0 am\u00e9liorer non seulement la convivialit\u00e9 g\u00e9n\u00e9rale, mais aussi l&rsquo;attrait visuel de votre magasin WooCommerce estim\u00e9. Gr\u00e2ce \u00e0 son utilisation, vous \u00eates capable de pr\u00e9senter des variations de produits de mani\u00e8re \u00e9l\u00e9gamment \u00e9l\u00e9gante, facilitant ainsi vos clients estim\u00e9s dans la s\u00e9lection de leurs options pr\u00e9f\u00e9r\u00e9es. De plus, ce plugin remarquable vous accorde \u00e0 une interface intuitive, vous permettant ainsi de fa\u00e7onner les conceptions d&rsquo;\u00e9chantillons personnalis\u00e9es \u00e0 vos sp\u00e9cifications exigeantes. De plus, il \u00e9tend la prise en charge d&rsquo;un vaste gamme de types d&rsquo;\u00e9chantillons, y compris les \u00e9chantillons de couleur, d&rsquo;image et de texte. En outre, il est important de souligner que les Swatches Pro de la variation WooCommerce XT pr\u00e9sentent une nature extr\u00eamement r\u00e9active, fonctionnant parfaitement dans tous les navigateurs et appareils pro\u00e9minents. En embrassant cet outil puissant, vous poss\u00e9dez les moyens de catapulter votre boutique WooCommerce \u00e0 des hauteurs sans pr\u00e9c\u00e9dent, accordant \u00e0 vos pr\u00e9cieux clients une exp\u00e9rience de magasinage in\u00e9gal\u00e9e.<\/p>\n","protected":false},"featured_media":146330,"comment_status":"open","ping_status":"open","template":"","meta":[],"product_brand":[2465],"product_cat":[1182,1223,1181],"product_tag":[1637],"class_list":{"0":"post-112074","1":"product","2":"type-product","3":"status-publish","4":"has-post-thumbnail","6":"product_brand-xploded-themes","7":"product_cat-commerce-electronique-plugins","8":"product_cat-personnalisation-commerce-electronique-plugins","9":"product_cat-plugins","10":"product_tag-xploded-themes","11":"member-discount","12":"discount-restricted","14":"first","15":"instock","16":"sale","17":"downloadable","18":"virtual","19":"sold-individually","20":"purchasable","21":"product-type-simple"},"_links":{"self":[{"href":"https:\/\/gpl-love.com\/fr\/wp-json\/wp\/v2\/product\/112074","targetHints":{"allow":["GET"]}}],"collection":[{"href":"https:\/\/gpl-love.com\/fr\/wp-json\/wp\/v2\/product"}],"about":[{"href":"https:\/\/gpl-love.com\/fr\/wp-json\/wp\/v2\/types\/product"}],"replies":[{"embeddable":true,"href":"https:\/\/gpl-love.com\/fr\/wp-json\/wp\/v2\/comments?post=112074"}],"wp:featuredmedia":[{"embeddable":true,"href":"https:\/\/gpl-love.com\/fr\/wp-json\/wp\/v2\/media\/146330"}],"wp:attachment":[{"href":"https:\/\/gpl-love.com\/fr\/wp-json\/wp\/v2\/media?parent=112074"}],"wp:term":[{"taxonomy":"product_brand","embeddable":true,"href":"https:\/\/gpl-love.com\/fr\/wp-json\/wp\/v2\/product_brand?post=112074"},{"taxonomy":"product_cat","embeddable":true,"href":"https:\/\/gpl-love.com\/fr\/wp-json\/wp\/v2\/product_cat?post=112074"},{"taxonomy":"product_tag","embeddable":true,"href":"https:\/\/gpl-love.com\/fr\/wp-json\/wp\/v2\/product_tag?post=112074"}],"curies":[{"name":"wp","href":"https:\/\/api.w.org\/{rel}","templated":true}]}}