{"id":112072,"date":"2026-03-03T00:00:00","date_gmt":"2026-03-02T23:00:00","guid":{"rendered":"http:\/\/gpl-love.com\/fr\/produit\/page-builder-framework-premium-addon\/"},"modified":"2026-04-10T18:35:36","modified_gmt":"2026-04-10T16:35:36","slug":"page-builder-framework-premium-addon","status":"publish","type":"product","link":"https:\/\/gpl-love.com\/fr\/produit\/page-builder-framework-premium-addon\/","title":{"rendered":"Page Builder Framework Premium Addon 2.10.4"},"content":{"rendered":"<h3>Page Builder Framework Premium Addon Traits<\/h3>\n<p>Le Framework Premium Addon de Page Builder Framework est un instrument exceptionnellement robuste qui amplifie la fonctionnalit\u00e9 du th\u00e8me WordPress de Framework de Builder de Page de renom. Gr\u00e2ce \u00e0 l&rsquo;utilisation de cet addon remarquable, les individus sont autoris\u00e9s \u00e0 concevoir sans effort des pages Web frappantes, le tout sans n\u00e9cessiter une seule once de codage ou de conception de ma\u00eetrise. Exsuder une vaste gamme de fonctionnalit\u00e9s d&rsquo;avant-garde, y compris de nouveaux mod\u00e8les de pages, un en-t\u00eate innovant et un constructeur de page de page, des param\u00e8tres de typographie hautement sophistiqu\u00e9s, des alternatives CSS sur mesure et plus encore, cet ajout prodigieux r\u00e9pond aux besoins des novices et des experts. B\u00e9n\u00e9ficiant d&rsquo;une interface intuitivement navigable, cet addon donne aux utilisateurs de mani\u00e8re transparente la possibilit\u00e9 de personnaliser sans effort leur site Web, cr\u00e9ant un domaine virtuel sur mesure qui s&rsquo;aligne parfaitement avec leur vision unique. Taignant les exigences exigeantes de ceux qui cherchent \u00e0 fabriquer rapidement et sans effort sans effort les sites Web distingu\u00e9s inimitablement d&rsquo;un calibre compl\u00e8tement professionnel, cet addon est une solution in\u00e9gal\u00e9e d&rsquo;efficacit\u00e9 in\u00e9gal\u00e9e.<\/p>\n<ul>\n<li>Acc\u00e8s aux fonctionnalit\u00e9s premium et aux modules compl\u00e9mentaires pour le framework Popul Page Builder<\/li>\n<li>Disposition et options de conception personnalisables pour rendre votre site Web unique<\/li>\n<li>Compatible avec les constructeurs de pages populaires tels que Elementor, Beaver Builder, et plus<\/li>\n<li>La conception sensible aux mobiles garantit que votre site Web a fi\u00e8re allure sur tous les appareils<\/li>\n<li>Param\u00e8tres de typographie avanc\u00e9e pour un contr\u00f4le pr\u00e9cis sur les polices et les styles de votre site Web<\/li>\n<li>Int\u00e9gration WooCommerce pour les fonctionnalit\u00e9s de commerce \u00e9lectronique sans couture<\/li>\n<li>Sections d&rsquo;en-t\u00eate et de pied de page personnalisables pour cr\u00e9er un look coh\u00e9sif et professionnel sur tout votre site Web<\/li>\n<li>Acc\u00e8s \u00e0 un support premium et \u00e0 des mises \u00e0 jour pour une exp\u00e9rience de construction de site Web sans souci.<\/li>\n<\/ul>\n","protected":false},"excerpt":{"rendered":"<p>Le Framework Premium Addon de Page Builder Framework poss\u00e8de un \u00e9ventail de fonctionnalit\u00e9s qui non seulement le rendent convivial, mais \u00e9galement hautement personnalisable, permettant aux d\u00e9veloppeurs de sites Web de r\u00e9diger sans effort des pages Web esth\u00e9tique dans un laps de temps remarquablement court. Cet addon est \u00e9quip\u00e9 d&rsquo;options de mise en page avanc\u00e9es, de widgets dynamiques et de fonctionnalit\u00e9s am\u00e9lior\u00e9es, qui ont toutes \u00e9t\u00e9 m\u00e9ticuleusement optimis\u00e9es pour s&rsquo;int\u00e9grer de mani\u00e8re transparente \u00e0 WordPress et une multitude de constructeurs de pages largement utilis\u00e9s. Il s&rsquo;adresse \u00e0 un \u00e9ventail diversifi\u00e9 d&rsquo;utilisateurs, qu&rsquo;il s&rsquo;agisse de d\u00e9veloppeurs ind\u00e9pendants, d&rsquo;agences ou de propri\u00e9taires de petites entreprises, leur offrant une solution impeccable pour rationaliser leur processus de conception de site Web et \u00e9lever leur pr\u00e9sence en ligne. G\u00e9rant des cotes d&rsquo;utilisateurs toujours exceptionnels et soutenus par une \u00e9quipe de d\u00e9veloppeurs chevronn\u00e9s qui sont ardemment d\u00e9termin\u00e9s \u00e0 am\u00e9liorer le produit, le cadre de la premi\u00e8re place du Framework Page Builder est un investissement indispensable pour ceux qui cherchent \u00e0 maintenir un avantage concurrentiel dans le domaine farouchement coupe du marketing en ligne.<\/p>\n","protected":false},"featured_media":144892,"comment_status":"open","ping_status":"closed","template":"","meta":[],"product_brand":[2618],"product_cat":[1189,1181,1186],"product_tag":[1635],"class_list":{"0":"post-112072","1":"product","2":"type-product","3":"status-publish","4":"has-post-thumbnail","6":"product_brand-wp-pagebuilder-framework","7":"product_cat-personnalisation","8":"product_cat-plugins","9":"product_cat-wordpress-plugins","10":"product_tag-wp-pagebuilder-framework","11":"member-discount","12":"discount-restricted","14":"first","15":"instock","16":"sale","17":"downloadable","18":"virtual","19":"sold-individually","20":"purchasable","21":"product-type-simple"},"_links":{"self":[{"href":"https:\/\/gpl-love.com\/fr\/wp-json\/wp\/v2\/product\/112072","targetHints":{"allow":["GET"]}}],"collection":[{"href":"https:\/\/gpl-love.com\/fr\/wp-json\/wp\/v2\/product"}],"about":[{"href":"https:\/\/gpl-love.com\/fr\/wp-json\/wp\/v2\/types\/product"}],"replies":[{"embeddable":true,"href":"https:\/\/gpl-love.com\/fr\/wp-json\/wp\/v2\/comments?post=112072"}],"wp:featuredmedia":[{"embeddable":true,"href":"https:\/\/gpl-love.com\/fr\/wp-json\/wp\/v2\/media\/144892"}],"wp:attachment":[{"href":"https:\/\/gpl-love.com\/fr\/wp-json\/wp\/v2\/media?parent=112072"}],"wp:term":[{"taxonomy":"product_brand","embeddable":true,"href":"https:\/\/gpl-love.com\/fr\/wp-json\/wp\/v2\/product_brand?post=112072"},{"taxonomy":"product_cat","embeddable":true,"href":"https:\/\/gpl-love.com\/fr\/wp-json\/wp\/v2\/product_cat?post=112072"},{"taxonomy":"product_tag","embeddable":true,"href":"https:\/\/gpl-love.com\/fr\/wp-json\/wp\/v2\/product_tag?post=112072"}],"curies":[{"name":"wp","href":"https:\/\/api.w.org\/{rel}","templated":true}]}}