{"id":112070,"date":"2025-03-31T00:00:00","date_gmt":"2025-03-30T22:00:00","guid":{"rendered":"http:\/\/gpl-love.com\/fr\/produit\/north-responsive-woocommerce-theme\/"},"modified":"2026-04-10T18:34:49","modified_gmt":"2026-04-10T16:34:49","slug":"north-responsive-woocommerce-theme","status":"publish","type":"product","link":"https:\/\/gpl-love.com\/fr\/produit\/north-responsive-woocommerce-theme\/","title":{"rendered":"North Responsive WooCommerce Theme 5.7.5"},"content":{"rendered":"<h3>North Responsive WooCommerce Theme Traits<\/h3>\n<p>Le th\u00e8me WooCommerce r\u00e9actif de North, offrant un niveau remarquable de polyvalence et de modernit\u00e9, sert de plate-forme exceptionnelle pour les entreprises de commerce \u00e9lectronique cherchant \u00e0 montrer leur large \u00e9ventail de produits de mani\u00e8re visuellement captivante et conviviale. Gr\u00e2ce \u00e0 sa disposition r\u00e9active ing\u00e9nieusement con\u00e7ue, ce th\u00e8me garantit une exp\u00e9rience d&rsquo;achat impeccablement transparente sur tous les appareils, assurant une commodit\u00e9 maximale pour les clients. De plus, ce th\u00e8me offre un assortiment impressionnant d&rsquo;options de personnalisation, permettant ainsi aux entreprises de personnaliser sans effort l&rsquo;apparence et l&rsquo;ambiance de leur boutique en ligne pour s&rsquo;aligner parfaitement avec leurs exigences uniques. En outre, le th\u00e8me WooCommerce r\u00e9actif de North s&rsquo;int\u00e8gre de mani\u00e8re transparente \u00e0 diverses extensions WooCommerce, accordant aux entreprises la plus grande flexibilit\u00e9 pour incorporer sans effort de nouvelles fonctionnalit\u00e9s et fonctionnalit\u00e9s dans leur boutique en ligne chaque fois que le besoin se pose. Il suffit de dire que ce th\u00e8me remarquable est sans \u00e9quivoque comme un choix extr\u00eamement fiable et tr\u00e8s efficace pour les entreprises de commerce \u00e9lectronique aspirant \u00e0 am\u00e9liorer leur pr\u00e9sence en ligne et \u00e0 \u00e9lever exponentiellement leurs chiffres de vente.<\/p>\n<ul>\n<li>Conception enti\u00e8rement r\u00e9active qui a fi\u00e8re allure sur tous les appareils<\/li>\n<li>Page d&rsquo;accueil personnalisable avec plusieurs options de mise en page<\/li>\n<li>Fonction de vue rapide du produit pour la navigation facile<\/li>\n<li>Mega menu int\u00e9gr\u00e9 pour une navigation facile<\/li>\n<li>Options de couleurs et de polices personnalisables<\/li>\n<li>Plugin Slider Revolution inclus<\/li>\n<li>Ajax Ajouter une fonctionnalit\u00e9 de panier pour une exp\u00e9rience d&rsquo;achat sans couture<\/li>\n<li>Options de filtrage des produits pour une recherche facile<\/li>\n<li>Compatible avec les plugins WooCommerce pour des fonctionnalit\u00e9s suppl\u00e9mentaires<\/li>\n<li>SEO optimis\u00e9 pour une am\u00e9lioration de la visibilit\u00e9 des moteurs de recherche.<\/li>\n<\/ul>\n","protected":false},"excerpt":{"rendered":"<p>North est un th\u00e8me WooCommerce tr\u00e8s r\u00e9actif qui a \u00e9t\u00e9 sp\u00e9cialement con\u00e7u pour am\u00e9liorer l&rsquo;exp\u00e9rience d&rsquo;achat globale de vos clients estim\u00e9s. Ce th\u00e8me exceptionnel pr\u00e9sente un design vraiment immacul\u00e9 et contemporain, qui est non seulement visuellement attrayant mais offre \u00e9galement un \u00e9norme niveau de flexibilit\u00e9 en mati\u00e8re de personnalisation. Cela signifie que vous avez l&rsquo;opportunit\u00e9 fantastique d&rsquo;adapter l&rsquo;apparence et l&rsquo;ambiance de votre boutique en ligne d&rsquo;une mani\u00e8re qui s&rsquo;aligne parfaitement sur votre identit\u00e9 de marque unique. De plus, la r\u00e9activit\u00e9 de ce th\u00e8me garantit que votre site Web s&rsquo;adaptera impeccablement \u00e0 tout appareil \u00e0 partir de laquelle il est accessible, que ce soit un smartphone, une tablette ou tout autre gadget. La polyvalence de North ne s&rsquo;arr\u00eate pas l\u00e0, car elle englobe une impressionnante gamme de fonctionnalit\u00e9s et d&rsquo;outils sp\u00e9cialement con\u00e7us pour rationaliser et optimiser vos op\u00e9rations commerciales en ligne. Certains des faits saillants notables comprennent un mega mega pr\u00e9install\u00e9, des filtres de produit avanc\u00e9s et une galerie de produits incroyablement personnalisable. Rassurez-vous, ce th\u00e8me remarquable a \u00e9t\u00e9 soigneusement test\u00e9 et est enti\u00e8rement compatible avec tous les principaux navigateurs, garantissant une exp\u00e9rience de navigation transparente pour vos pr\u00e9cieux clients. Pour vous aider davantage \u00e0 naviguer et \u00e0 maximiser le plein potentiel du Nord, ce th\u00e8me est \u00e9galement livr\u00e9 avec une documentation compl\u00e8te et un soutien ind\u00e9fectible. Compte tenu de tous ces attributs exceptionnels, il devient clairement clair que North est sans aucun doute le choix parfait pour tout magasin de commerce \u00e9lectronique visant \u00e0 atteindre un succ\u00e8s et une croissance sans pr\u00e9c\u00e9dent sur le march\u00e9 en ligne.<\/p>\n","protected":false},"featured_media":144826,"comment_status":"open","ping_status":"open","template":"","meta":[],"product_brand":[2433],"product_cat":[1238,1851,1212],"product_tag":[1366],"class_list":{"0":"post-112070","1":"product","2":"type-product","3":"status-publish","4":"has-post-thumbnail","6":"product_brand-themeforest","7":"product_cat-commerce-electronique-themes","8":"product_cat-entreprise-commerce-electronique-themes","9":"product_cat-themes","10":"product_tag-themeforest","11":"member-discount","12":"discount-restricted","14":"first","15":"instock","16":"sale","17":"downloadable","18":"virtual","19":"sold-individually","20":"purchasable","21":"product-type-simple"},"_links":{"self":[{"href":"https:\/\/gpl-love.com\/fr\/wp-json\/wp\/v2\/product\/112070","targetHints":{"allow":["GET"]}}],"collection":[{"href":"https:\/\/gpl-love.com\/fr\/wp-json\/wp\/v2\/product"}],"about":[{"href":"https:\/\/gpl-love.com\/fr\/wp-json\/wp\/v2\/types\/product"}],"replies":[{"embeddable":true,"href":"https:\/\/gpl-love.com\/fr\/wp-json\/wp\/v2\/comments?post=112070"}],"wp:featuredmedia":[{"embeddable":true,"href":"https:\/\/gpl-love.com\/fr\/wp-json\/wp\/v2\/media\/144826"}],"wp:attachment":[{"href":"https:\/\/gpl-love.com\/fr\/wp-json\/wp\/v2\/media?parent=112070"}],"wp:term":[{"taxonomy":"product_brand","embeddable":true,"href":"https:\/\/gpl-love.com\/fr\/wp-json\/wp\/v2\/product_brand?post=112070"},{"taxonomy":"product_cat","embeddable":true,"href":"https:\/\/gpl-love.com\/fr\/wp-json\/wp\/v2\/product_cat?post=112070"},{"taxonomy":"product_tag","embeddable":true,"href":"https:\/\/gpl-love.com\/fr\/wp-json\/wp\/v2\/product_tag?post=112070"}],"curies":[{"name":"wp","href":"https:\/\/api.w.org\/{rel}","templated":true}]}}