{"id":112064,"date":"2022-03-12T00:00:00","date_gmt":"2022-03-11T23:00:00","guid":{"rendered":"http:\/\/gpl-love.com\/fr\/produit\/bosmarket-flexible-multivendor-woocommerce-wordpress-theme\/"},"modified":"2026-03-20T22:57:18","modified_gmt":"2026-03-20T21:57:18","slug":"bosmarket-flexible-multivendor-woocommerce-wordpress-theme","status":"publish","type":"product","link":"https:\/\/gpl-love.com\/fr\/produit\/bosmarket-flexible-multivendor-woocommerce-wordpress-theme\/","title":{"rendered":"BosMarket Flexible Multi Vendor WooCommerce WordPress Theme 2.0.9"},"content":{"rendered":"<h3>BosMarket Flexible Multi Vendor WooCommerce WordPress Theme Traits<\/h3>\n<p>Le th\u00e8me WOOCommerce WOOCommerce Bosmarket Flexible WooCommerce est une solution de commerce \u00e9lectronique exceptionnelle qui a \u00e9t\u00e9 sp\u00e9cifiquement con\u00e7ue pour les entreprises en ligne visant \u00e0 r\u00e9pondre \u00e0 plusieurs fournisseurs. Avec sa vaste gamme d&rsquo;options de personnalisation, ce th\u00e8me est capable de r\u00e9pondre aux besoins distincts de chaque boutique en ligne. De plus, son interface conviviale facilite la navigation facile \u00e0 travers les diff\u00e9rentes fonctionnalit\u00e9s offertes par le th\u00e8me. Cependant, le v\u00e9ritable point culminant de ce th\u00e8me r\u00e9side dans sa fonctionnalit\u00e9 multi-fournisseurs, qui permet aux entreprises de g\u00e9rer sans effort plusieurs fournisseurs et leurs produits. De plus, Bosmarket poss\u00e8de une conception \u00e9l\u00e9gante et attrayante, ainsi qu&rsquo;une conception Web r\u00e9active et une optimisation des moteurs de recherche, garantissant que votre boutique en ligne se d\u00e9marque et attire l&rsquo;attention. Par cons\u00e9quent, ce th\u00e8me est le choix id\u00e9al pour les personnes qui cherchent \u00e0 cr\u00e9er une boutique en ligne professionnelle et riche en fonctionnalit\u00e9s, sans avoir \u00e0 investir un temps et des efforts excessifs.<\/p>\n<ul>\n<li>Bosmarket est un th\u00e8me WOTOCommerce WordPress flexible et puissant<\/li>\n<li>Il vous permet de cr\u00e9er un march\u00e9 en ligne enti\u00e8rement fonctionnel et personnalisable<\/li>\n<li>Avec Bosmarket, vous pouvez permettre \u00e0 plusieurs fournisseurs de vendre leurs produits sur votre site Web<\/li>\n<li>Le th\u00e8me est livr\u00e9 avec un constructeur de mise en page qui vous permet de personnaliser facilement l&rsquo;apparence de votre site Web<\/li>\n<li>Bosmarket est enti\u00e8rement r\u00e9actif et a fi\u00e8re allure sur tous les appareils, y compris les ordinateurs de bureau, les tablettes et les smartphones<\/li>\n<li>Il comprend toutes les fonctionnalit\u00e9s dont vous avez besoin pour cr\u00e9er un march\u00e9 en ligne r\u00e9ussi, tel que la gestion des produits, la gestion des commandes et la gestion des fournisseurs<\/li>\n<li>Le th\u00e8me est facile \u00e0 installer et est livr\u00e9 avec une documentation d\u00e9taill\u00e9e et des tutoriels vid\u00e9o<\/li>\n<li>Il est compatible avec des plugins populaires comme WooCommerce, Yith WooCommerce Multi fournisseur et Dokan Multi Vendor<\/li>\n<li>Bosmarket prend en charge plusieurs m\u00e9thodes de paiement, notamment PayPal, Stripe et les transferts bancaires<\/li>\n<li>Le th\u00e8me comprend les fonctionnalit\u00e9s d&rsquo;optimisation du r\u00e9f\u00e9rencement pour vous aider \u00e0 am\u00e9liorer votre classement de moteur de recherche et \u00e0 attirer plus de clients.<\/li>\n<\/ul>\n","protected":false},"excerpt":{"rendered":"<p>Pr\u00e9sentation de Bosmarket, un th\u00e8me WOOCOMMERCE Multi-fournisseur flexible et dynamique qui est parfait pour tout march\u00e9 en ligne. Ce th\u00e8me innovant permet \u00e0 plusieurs fournisseurs de vendre leurs produits sur une seule plate-forme, cr\u00e9ant une communaut\u00e9 en ligne florissante. Avec sa conception de pointe et ses fonctionnalit\u00e9s avanc\u00e9es, Bosmarket assure une exp\u00e9rience d&rsquo;achat intuitive et sans couture pour vos clients. Il est enti\u00e8rement int\u00e9gr\u00e9 \u00e0 WooCommerce, le premier plugin de commerce \u00e9lectronique au monde, permettant des transactions s\u00e9curis\u00e9es et une gestion facile de votre boutique en ligne. De plus, il est construit sur WordPress, offrant une interface conviviale et une pl\u00e9thore d&rsquo;options de personnalisation. Que vous vendiez des produits physiques ou num\u00e9riques, Bosmarket vous a couvert. D\u00e9couvrez la polyvalence et la puissance de Bosmarket et amenez votre entreprise de commerce \u00e9lectronique \u00e0 de nouveaux sommets!<\/p>\n","protected":false},"featured_media":143308,"comment_status":"open","ping_status":"open","template":"","meta":[],"product_brand":[2433],"product_cat":[1238,1851,1212],"product_tag":[1366],"class_list":{"0":"post-112064","1":"product","2":"type-product","3":"status-publish","4":"has-post-thumbnail","6":"product_brand-themeforest","7":"product_cat-commerce-electronique-themes","8":"product_cat-entreprise-commerce-electronique-themes","9":"product_cat-themes","10":"product_tag-themeforest","11":"member-discount","12":"discount-restricted","14":"first","15":"instock","16":"sale","17":"downloadable","18":"virtual","19":"sold-individually","20":"purchasable","21":"product-type-simple"},"_links":{"self":[{"href":"https:\/\/gpl-love.com\/fr\/wp-json\/wp\/v2\/product\/112064","targetHints":{"allow":["GET"]}}],"collection":[{"href":"https:\/\/gpl-love.com\/fr\/wp-json\/wp\/v2\/product"}],"about":[{"href":"https:\/\/gpl-love.com\/fr\/wp-json\/wp\/v2\/types\/product"}],"replies":[{"embeddable":true,"href":"https:\/\/gpl-love.com\/fr\/wp-json\/wp\/v2\/comments?post=112064"}],"wp:featuredmedia":[{"embeddable":true,"href":"https:\/\/gpl-love.com\/fr\/wp-json\/wp\/v2\/media\/143308"}],"wp:attachment":[{"href":"https:\/\/gpl-love.com\/fr\/wp-json\/wp\/v2\/media?parent=112064"}],"wp:term":[{"taxonomy":"product_brand","embeddable":true,"href":"https:\/\/gpl-love.com\/fr\/wp-json\/wp\/v2\/product_brand?post=112064"},{"taxonomy":"product_cat","embeddable":true,"href":"https:\/\/gpl-love.com\/fr\/wp-json\/wp\/v2\/product_cat?post=112064"},{"taxonomy":"product_tag","embeddable":true,"href":"https:\/\/gpl-love.com\/fr\/wp-json\/wp\/v2\/product_tag?post=112064"}],"curies":[{"name":"wp","href":"https:\/\/api.w.org\/{rel}","templated":true}]}}