{"id":112062,"date":"2021-02-23T00:00:00","date_gmt":"2021-02-22T23:00:00","guid":{"rendered":"http:\/\/gpl-love.com\/fr\/produit\/obour-digital-marketing-agency-wordpress-theme\/"},"modified":"2026-04-10T18:34:57","modified_gmt":"2026-04-10T16:34:57","slug":"obour-digital-marketing-agency-wordpress-theme","status":"publish","type":"product","link":"https:\/\/gpl-love.com\/fr\/produit\/obour-digital-marketing-agency-wordpress-theme\/","title":{"rendered":"Obour Digital Marketing Agency WordPress Theme 1.0.0"},"content":{"rendered":"<h3>Obour Digital Marketing Agency WordPress Theme Traits<\/h3>\n<p>Le th\u00e8me WordPress de l&rsquo;agence de marketing num\u00e9rique de l&rsquo;OBOUR, \u00e9tant une plate-forme polyvalente et moderne, a \u00e9t\u00e9 m\u00e9ticuleusement con\u00e7u pour r\u00e9pondre aux besoins des entreprises op\u00e9rant dans l&rsquo;industrie du marketing num\u00e9rique, leur permettant de pr\u00e9senter efficacement leur vaste gamme de services et d&rsquo;offres. Il poss\u00e8de une vaste gamme de fonctionnalit\u00e9s avanc\u00e9es et d&rsquo;options de personnalisation, offrant ainsi aux utilisateurs la possibilit\u00e9 d&rsquo;adapter de mani\u00e8re compatible leur site Web conform\u00e9ment \u00e0 leurs exigences sp\u00e9cifiques, qu&rsquo;ils cherchent \u00e0 accentuer leur comp\u00e9tence dans l&rsquo;optimisation des moteurs de recherche (SEO), le marketing des m\u00e9dias sociaux , ou tout autre domaine sp\u00e9cialis\u00e9 du marketing num\u00e9rique. L&rsquo;interface conviviale et la conception r\u00e9active inh\u00e9rente \u00e0 ce th\u00e8me facilitent la cr\u00e9ation transparente d&rsquo;une pr\u00e9sence en ligne tr\u00e8s professionnelle et percutante, tandis que les mod\u00e8les et les dispositions de pages pr\u00e9-con\u00e7us de l&rsquo;interdiction offrent une base robuste sur laquelle construire un vraiment distinctif et captivant site Internet. En exploitant le pouvoir du th\u00e8me WordPress de l&rsquo;agence de marketing num\u00e9rique de l&rsquo;OBOUR, les entreprises peuvent s&rsquo;\u00e9tablir sans effort comme des pionniers dans leurs domaines respectifs, attirant ainsi sans effort un plus grand nombre de clients.<\/p>\n<ul>\n<li>Th\u00e8me WordPress de l&rsquo;agence de marketing num\u00e9rique con\u00e7u par des professionnels<\/li>\n<li>Compatible avec la derni\u00e8re version de WordPress<\/li>\n<li>Conception r\u00e9active pour une visualisation optimale sur le bureau, les tablettes et les appareils mobiles<\/li>\n<li>Options de personnalisation avanc\u00e9 pour une personnalisation facile des couleurs, des polices et des dispositions de th\u00e8me<\/li>\n<li>9 dispositions de page d&rsquo;accueil pr\u00e9-con\u00e7ues pour une configuration rapide<\/li>\n<li>SEO optimis\u00e9 pour am\u00e9liorer le classement des moteurs de recherche<\/li>\n<li>Options de typographie avanc\u00e9e pour un texte \u00e9l\u00e9gant et lisible<\/li>\n<li>Options d&rsquo;en-t\u00eate et de pied de page multiples pour la marque unique<\/li>\n<li>Boutons d&rsquo;appel int\u00e9gr\u00e9s \u00e0 l&rsquo;action pour une augmentation de l&rsquo;engagement des utilisateurs<\/li>\n<li>Formulaire d&rsquo;abonnement \u00e0 newsletter int\u00e9gr\u00e9 pour le b\u00e2timent de la liste de diffusion facile<\/li>\n<li>Compatible avec les plugins WordPress populaires, tels que WooCommerce et Contact Form 7<\/li>\n<li>Excellent support client et mises \u00e0 jour r\u00e9guli\u00e8res pour assurer la compatibilit\u00e9 avec la derni\u00e8re version WordPress et les plugins.<\/li>\n<\/ul>\n","protected":false},"excerpt":{"rendered":"<p>Emmenez votre agence de marketing num\u00e9rique \u00e0 de nouveaux sommets en utilisant le th\u00e8me exceptionnel de l&rsquo;obcourage WordPress, m\u00e9ticuleusement con\u00e7u pour accorder \u00e0 votre pr\u00e9sence en ligne un air de professionnalisme et d&rsquo;attrait contemporain. B\u00e9n\u00e9ficiant d&rsquo;une conception rationalis\u00e9e et tr\u00e8s adaptable, ce th\u00e8me vous accorde une gamme de choix personnalisables pour pr\u00e9senter efficacement les vastes services de portefeuille et de premier ordre de votre entreprise. En outre, le th\u00e8me a \u00e9t\u00e9 parfaitement optimis\u00e9 pour la vitesse ultime et l&rsquo;optimisation impeccable des moteurs de recherche (SEO), garantissant une visibilit\u00e9 en ligne in\u00e9gal\u00e9e et la g\u00e9n\u00e9ration de prospects pr\u00e9cieux. Ne perdez pas de temps et vous lancez dans votre voyage vers un succ\u00e8s in\u00e9gal\u00e9 en exploitant la puissance de l&rsquo;OBOUR, propulsant par la suite votre site Web \u00e0 des niveaux de r\u00e9ussite extraordinaires.<\/p>\n","protected":false},"featured_media":144835,"comment_status":"open","ping_status":"open","template":"","meta":[],"product_brand":[2433],"product_cat":[1516,1212,1213],"product_tag":[1366],"class_list":{"0":"post-112062","1":"product","2":"type-product","3":"status-publish","4":"has-post-thumbnail","6":"product_brand-themeforest","7":"product_cat-entreprise","8":"product_cat-themes","9":"product_cat-wordpress-themes","10":"product_tag-themeforest","11":"member-discount","12":"discount-restricted","14":"first","15":"instock","16":"sale","17":"downloadable","18":"virtual","19":"sold-individually","20":"purchasable","21":"product-type-simple"},"_links":{"self":[{"href":"https:\/\/gpl-love.com\/fr\/wp-json\/wp\/v2\/product\/112062","targetHints":{"allow":["GET"]}}],"collection":[{"href":"https:\/\/gpl-love.com\/fr\/wp-json\/wp\/v2\/product"}],"about":[{"href":"https:\/\/gpl-love.com\/fr\/wp-json\/wp\/v2\/types\/product"}],"replies":[{"embeddable":true,"href":"https:\/\/gpl-love.com\/fr\/wp-json\/wp\/v2\/comments?post=112062"}],"wp:featuredmedia":[{"embeddable":true,"href":"https:\/\/gpl-love.com\/fr\/wp-json\/wp\/v2\/media\/144835"}],"wp:attachment":[{"href":"https:\/\/gpl-love.com\/fr\/wp-json\/wp\/v2\/media?parent=112062"}],"wp:term":[{"taxonomy":"product_brand","embeddable":true,"href":"https:\/\/gpl-love.com\/fr\/wp-json\/wp\/v2\/product_brand?post=112062"},{"taxonomy":"product_cat","embeddable":true,"href":"https:\/\/gpl-love.com\/fr\/wp-json\/wp\/v2\/product_cat?post=112062"},{"taxonomy":"product_tag","embeddable":true,"href":"https:\/\/gpl-love.com\/fr\/wp-json\/wp\/v2\/product_tag?post=112062"}],"curies":[{"name":"wp","href":"https:\/\/api.w.org\/{rel}","templated":true}]}}