{"id":112061,"date":"2026-02-23T00:00:00","date_gmt":"2026-02-22T23:00:00","guid":{"rendered":"http:\/\/gpl-love.com\/fr\/produit\/ads-pro-plugin-wordpress-advertising-manager\/"},"modified":"2026-03-20T22:53:14","modified_gmt":"2026-03-20T21:53:14","slug":"ads-pro-plugin-wordpress-advertising-manager","status":"publish","type":"product","link":"https:\/\/gpl-love.com\/fr\/produit\/ads-pro-plugin-wordpress-advertising-manager\/","title":{"rendered":"Ads Pro Plugin WordPress Advertising Manager 5.1"},"content":{"rendered":"<h3>Ads Pro Plugin WordPress Advertising Manager Traits<\/h3>\n<p>Le plugin ADS PRO sert de responsable publicitaire WordPress tr\u00e8s puissant et robuste, offrant une approche simplifi\u00e9e pour g\u00e9rer et pr\u00e9senter des publicit\u00e9s sur votre site Web. Cet outil remarquable vous permet de g\u00e9n\u00e9rer et de pr\u00e9senter sans effort un large \u00e9ventail de types d&rsquo;annonces, allant des banni\u00e8res aux pop-ups et m\u00eame des publicit\u00e9s vid\u00e9o. De plus, il va au-del\u00e0 en rendant des options de ciblage avanc\u00e9es, englobant les go\u00fbts de la g\u00e9olocalisation, les sp\u00e9cifications des appareils et le comportement des utilisateurs, vous accordant ainsi la possibilit\u00e9 d&rsquo;afficher des annonces sp\u00e9cialement con\u00e7ues vers un public distinct. En int\u00e9grant le plugin ADS PRO, vous d\u00e9bloquez efficacement le potentiel de mon\u00e9tiser votre site Web par la publicit\u00e9, augmentant efficacement votre flux de revenus. En outre, le processus d&rsquo;installation et de personnalisation est tous deux remarquablement conviviaux, garantissant une exp\u00e9rience transparente pour vous, en tant que propri\u00e9taire du site Web, et votre public estim\u00e9. Dans l&rsquo;ensemble, il devient tout \u00e0 fait \u00e9vident que le plugin Ads Pro est un outil indispensable pour tout propri\u00e9taire de site Web qui aspire \u00e0 rationaliser ses proc\u00e9dures publicitaires et \u00e0 maximiser leurs gains mon\u00e9taires.<\/p>\n<ul>\n<li>Permet une gestion facile et un placement des publicit\u00e9s sur les sites WordPress<\/li>\n<li>Offre une vari\u00e9t\u00e9 de formats d&rsquo;annonces personnalisables, y compris des banni\u00e8res, des pop-ups et des curseurs<\/li>\n<li>Permet le ciblage de publics et d&rsquo;appareils sp\u00e9cifiques pour une efficacit\u00e9 maximale<\/li>\n<li>Fournit des analyses d\u00e9taill\u00e9es et des rapports pour suivre les performances publicitaires et optimiser les campagnes<\/li>\n<li>S&rsquo;int\u00e8gre aux r\u00e9seaux publicitaires populaires tels que Google Adsense et le programme d&rsquo;affiliation Amazon<\/li>\n<li>Offre des options de planification et de rotation d&rsquo;annonces pour assurer la fra\u00eecheur des annonces et pr\u00e9venir la fatigue publicitaire<\/li>\n<li>Permet aux tests A \/ B de d\u00e9terminer les formats et placements d&rsquo;annonces les plus efficaces<\/li>\n<li>Offre un soutien \u00e0 plusieurs langues et campagnes internationales<\/li>\n<li>Fournit une documentation compl\u00e8te et un support client pour assurer une impl\u00e9mentation et un fonctionnement en douceur.<\/li>\n<\/ul>\n","protected":false},"excerpt":{"rendered":"<p>Le plugin ADS PRO pour WordPress est un plugin publicitaire WordPress robuste qui a \u00e9t\u00e9 soigneusement d\u00e9velopp\u00e9 pour r\u00e9pondre aux besoins des propri\u00e9taires de sites Web. Ce plugin Ads Pro riche en fonctionnalit\u00e9s est con\u00e7u pour g\u00e9rer efficacement les campagnes publicitaires en ligne et fournir une pl\u00e9thore d&rsquo;options de personnalisation. Il s&rsquo;agit d&rsquo;un plugin Ads Pro in\u00e9gal\u00e9 pour WordPress qui permet aux utilisateurs de g\u00e9n\u00e9rer et de g\u00e9rer facilement les publicit\u00e9s, am\u00e9liorant leur pr\u00e9sence num\u00e9rique.<\/p>\n<p>Le plugin ADS PRO permet aux propri\u00e9taires de sites Web de d\u00e9verrouiller le v\u00e9ritable potentiel de g\u00e9n\u00e9ration de revenus de leur site, ce qui en fait un choix id\u00e9al pour ceux qui visaient \u00e0 mon\u00e9tiser leur site Web. Ce plugin ADS Pro convivial propose une plate-forme publicitaire compl\u00e8te, avec des m\u00e9canismes de rapports exhaustifs et une assistance d&rsquo;experts.<\/p>\n<p>Avec ce plugin Ads Pro, vous pouvez permettre \u00e0 votre site Web de vous d\u00e9marquer de la foule et de capitaliser sur son potentiel de mon\u00e9tisation. Choisissez le plugin ADS PRO pour la mon\u00e9tisation WordPress et exp\u00e9rimentez les avantages d&rsquo;un r\u00e9pertoire sophistiqu\u00e9 et \u00e9tendu des fonctionnalit\u00e9s. G\u00e9rez vos campagnes publicitaires en ligne avec le plugin ADS PRO et profitez de l&rsquo;assistance experte in\u00e9gal\u00e9e qu&rsquo;elle offre. Alors, n&rsquo;attendez pas, d\u00e9verrouillez<\/p>\n","protected":false},"featured_media":143038,"comment_status":"open","ping_status":"open","template":"","meta":[],"product_brand":[2435],"product_cat":[1207,1181,1186],"product_tag":[1231],"class_list":{"0":"post-112061","1":"product","2":"type-product","3":"status-publish","4":"has-post-thumbnail","6":"product_brand-codecanyon","7":"product_cat-commercialisation-wordpress-plugins","8":"product_cat-plugins","9":"product_cat-wordpress-plugins","10":"product_tag-codecanyon","11":"member-discount","12":"discount-restricted","14":"first","15":"instock","16":"sale","17":"downloadable","18":"virtual","19":"sold-individually","20":"purchasable","21":"product-type-simple"},"_links":{"self":[{"href":"https:\/\/gpl-love.com\/fr\/wp-json\/wp\/v2\/product\/112061","targetHints":{"allow":["GET"]}}],"collection":[{"href":"https:\/\/gpl-love.com\/fr\/wp-json\/wp\/v2\/product"}],"about":[{"href":"https:\/\/gpl-love.com\/fr\/wp-json\/wp\/v2\/types\/product"}],"replies":[{"embeddable":true,"href":"https:\/\/gpl-love.com\/fr\/wp-json\/wp\/v2\/comments?post=112061"}],"wp:featuredmedia":[{"embeddable":true,"href":"https:\/\/gpl-love.com\/fr\/wp-json\/wp\/v2\/media\/143038"}],"wp:attachment":[{"href":"https:\/\/gpl-love.com\/fr\/wp-json\/wp\/v2\/media?parent=112061"}],"wp:term":[{"taxonomy":"product_brand","embeddable":true,"href":"https:\/\/gpl-love.com\/fr\/wp-json\/wp\/v2\/product_brand?post=112061"},{"taxonomy":"product_cat","embeddable":true,"href":"https:\/\/gpl-love.com\/fr\/wp-json\/wp\/v2\/product_cat?post=112061"},{"taxonomy":"product_tag","embeddable":true,"href":"https:\/\/gpl-love.com\/fr\/wp-json\/wp\/v2\/product_tag?post=112061"}],"curies":[{"name":"wp","href":"https:\/\/api.w.org\/{rel}","templated":true}]}}