{"id":112028,"date":"2025-10-29T00:00:00","date_gmt":"2025-10-28T23:00:00","guid":{"rendered":"http:\/\/gpl-love.com\/fr\/produit\/wpbakery-visual-composer-page-builder\/"},"modified":"2026-03-20T23:51:02","modified_gmt":"2026-03-20T22:51:02","slug":"wpbakery-visual-composer-page-builder","status":"publish","type":"product","link":"https:\/\/gpl-love.com\/fr\/produit\/wpbakery-visual-composer-page-builder\/","title":{"rendered":"WPBakery Visual Composer Page Builder 8.7.2"},"content":{"rendered":"<h3>WPBakery Visual Composer Page Builder Traits<\/h3>\n<p>WPBakery Visual Composer Page Builder, un outil tr\u00e8s formidable, offre aux utilisateurs la possibilit\u00e9 de construire sans effort des sites Web \u00e9tonnants et fonctionnels. En utilisant son interface de glisser-d\u00e9poser intuitive et de vaste gamme d&rsquo;\u00e9l\u00e9ments pr\u00e9-con\u00e7us, les individus peuvent personnaliser de mani\u00e8re transparente leurs pages pour s&rsquo;aligner parfaitement avec leurs exigences individuelles. Peu importe que l&rsquo;utilisateur vise \u00e0 construire un blog, une plate-forme de commerce \u00e9lectronique ou un portefeuille, WPBAKERY Visual Composer Page Builder rationalise efficacement le processus de fabrication d&rsquo;un site Web \u00e9l\u00e9gant et professionnel dans un d\u00e9lai minimal. Cet outil exceptionnel est \u00e9galement commod\u00e9ment compatible avec une large gamme de th\u00e8mes WordPress et \u00e9tend la prise en charge de nombreux plugins tiers, ce qui le rend un choix incroyablement polyvalent pour les d\u00e9veloppeurs Web et les concepteurs. Quel que soit son niveau de comp\u00e9tence, le constructeur de page Visual Composer WPBAKERY repr\u00e9sente sans aucun doute un outil indispensable pour tous ceux qui cherchent \u00e0 cr\u00e9er des sites Web de haut niveau et tr\u00e8s r\u00e9actifs.<\/p>\n<ul>\n<li>Builder de page de glisser-d\u00e9poser puissant pour les sites Web WordPress<\/li>\n<li>Interface intuitive pour la construction et la personnalisation de pages faciles<\/li>\n<li>Comprend une biblioth\u00e8que d&rsquo;\u00e9l\u00e9ments et de mod\u00e8les pr\u00e9-construits pour une conception rapide<\/li>\n<li>La conception r\u00e9active garantit que les pages sont superbes sur n&rsquo;importe quel appareil<\/li>\n<li>Compatible avec tous les th\u00e8mes et plugins WordPress<\/li>\n<li>Sortie SEO avec code propre et balisage standard<\/li>\n<li>R\u00e9guli\u00e8rement mis \u00e0 jour avec de nouvelles fonctionnalit\u00e9s et am\u00e9liorations pour garder votre site \u00e0 jour et engageant<\/li>\n<li>Support multilingue pour la port\u00e9e mondiale et le ciblage d&rsquo;audience<\/li>\n<li>Accessible aux concepteurs Web et d\u00e9veloppeurs novices et exp\u00e9riment\u00e9s<\/li>\n<li>Documentation compl\u00e8te et support client disponible pour le d\u00e9pannage et les conseils.<\/li>\n<\/ul>\n","protected":false},"excerpt":{"rendered":"<p>WPBakery Visual Composer Page Builder, salu\u00e9 comme un plugin robuste et innovant pour WordPress, poss\u00e8de un \u00e9ventail de fonctionnalit\u00e9s qui permettent aux utilisateurs d&rsquo;\u00e9laborer et de personnaliser sans effort des sites Web captivants visuellement. Que l&rsquo;on poss\u00e8de des comp\u00e9tences rudimentaires ou poss\u00e8de une richesse d&rsquo;exp\u00e9rience en tant que d\u00e9veloppeur, cet outil offre une avenue pour fa\u00e7onner des pages Web exquises d\u00e9pourvues de toute expertise de codage. L&rsquo;interface conviviale combin\u00e9e \u00e0 une vaste collection d&rsquo;\u00e9l\u00e9ments fournit aux individus la capacit\u00e9 d&rsquo;engendrer des arrangements complexes, d&rsquo;incorporer des animations captivantes et de dresser des sites Web r\u00e9actifs qui pr\u00e9sentent une polyvalence in\u00e9gal\u00e9e \u00e0 travers une multitude d&rsquo;appareils. WPBAKERY Visual Composer Page Builder est, ind\u00e9niablement, le conduit \u00e0 travers lequel tous les concepts visuels peuvent \u00eatre transmut\u00e9s en r\u00e9alit\u00e9s tangibles!<\/p>\n","protected":false},"featured_media":146232,"comment_status":"open","ping_status":"open","template":"","meta":[],"product_brand":[2740],"product_cat":[1189,1181,1186],"product_tag":[1629],"class_list":{"0":"post-112028","1":"product","2":"type-product","3":"status-publish","4":"has-post-thumbnail","6":"product_brand-wp-bakery","7":"product_cat-personnalisation","8":"product_cat-plugins","9":"product_cat-wordpress-plugins","10":"product_tag-wp-bakery","11":"member-discount","12":"discount-restricted","14":"first","15":"instock","16":"sale","17":"downloadable","18":"virtual","19":"sold-individually","20":"purchasable","21":"product-type-simple"},"_links":{"self":[{"href":"https:\/\/gpl-love.com\/fr\/wp-json\/wp\/v2\/product\/112028","targetHints":{"allow":["GET"]}}],"collection":[{"href":"https:\/\/gpl-love.com\/fr\/wp-json\/wp\/v2\/product"}],"about":[{"href":"https:\/\/gpl-love.com\/fr\/wp-json\/wp\/v2\/types\/product"}],"replies":[{"embeddable":true,"href":"https:\/\/gpl-love.com\/fr\/wp-json\/wp\/v2\/comments?post=112028"}],"wp:featuredmedia":[{"embeddable":true,"href":"https:\/\/gpl-love.com\/fr\/wp-json\/wp\/v2\/media\/146232"}],"wp:attachment":[{"href":"https:\/\/gpl-love.com\/fr\/wp-json\/wp\/v2\/media?parent=112028"}],"wp:term":[{"taxonomy":"product_brand","embeddable":true,"href":"https:\/\/gpl-love.com\/fr\/wp-json\/wp\/v2\/product_brand?post=112028"},{"taxonomy":"product_cat","embeddable":true,"href":"https:\/\/gpl-love.com\/fr\/wp-json\/wp\/v2\/product_cat?post=112028"},{"taxonomy":"product_tag","embeddable":true,"href":"https:\/\/gpl-love.com\/fr\/wp-json\/wp\/v2\/product_tag?post=112028"}],"curies":[{"name":"wp","href":"https:\/\/api.w.org\/{rel}","templated":true}]}}