{"id":112026,"date":"2026-03-27T00:00:00","date_gmt":"2026-03-26T23:00:00","guid":{"rendered":"http:\/\/gpl-love.com\/fr\/produit\/the-hanger-modern-classic-woocommerce-theme\/"},"modified":"2026-04-10T18:42:19","modified_gmt":"2026-04-10T16:42:19","slug":"the-hanger-modern-classic-woocommerce-theme","status":"publish","type":"product","link":"https:\/\/gpl-love.com\/fr\/produit\/the-hanger-modern-classic-woocommerce-theme\/","title":{"rendered":"The Hanger Modern Classic WooCommerce Theme 6.3"},"content":{"rendered":"<h3>The Hanger Modern Classic WooCommerce Theme Traits<\/h3>\n<p>Le th\u00e8me WooCommerce classique moderne de Hanger, un th\u00e8me WordPress d\u00e9licieusement con\u00e7u et polyvalent, poss\u00e8de la capacit\u00e9 de r\u00e9pondre \u00e0 un large \u00e9ventail de magasins en ligne. Avec son design \u00e9l\u00e9gant et raffin\u00e9 coupl\u00e9 \u00e0 ses fonctionnalit\u00e9s robustes et avanc\u00e9es, ce th\u00e8me garantit une exp\u00e9rience d&rsquo;achat sans couture et agr\u00e9able pour les clients, garantissant que leur satisfaction reste primordiale. De plus, sa r\u00e9activit\u00e9 compl\u00e8te et sa nature adapt\u00e9e aux mobiles garantissent que votre boutique en ligne semblera visuellement magnifique et captivante sur tous les appareils, ne laissant aucune place \u00e0 la d\u00e9ception. De plus, le cintre est \u00e9quip\u00e9 d&rsquo;une gamme d&rsquo;options de personnalisation, vous accordant ainsi la possibilit\u00e9 d&rsquo;adapter sans effort votre magasin pour s&rsquo;aligner parfaitement avec votre identit\u00e9 de marque unique et votre style individuel. Tirant parti de la puissance du plugin WooCommerce, ce th\u00e8me prend avec succ\u00e8s chaque passerelle de paiement et option d&rsquo;exp\u00e9dition majeure, simplifiant ainsi le processus de gestion de commandes et transactions efficacement. Ainsi, que vous vous aventurez dans le monde du commerce de d\u00e9tail en ligne ou que vous envisagiez une mise \u00e0 niveau de votre magasin existant, le th\u00e8me WooCommerce classique moderne de Hanger est sans aucun doute le choix par excellence pour \u00e9tablir un site Web de commerce \u00e9lectronique contemporain et professionnel.<\/p>\n<ul>\n<li>Design \u00e9l\u00e9gant et moderne parfait pour tout magasin de mode ou de v\u00eatements<\/li>\n<li>Construit avec la plate-forme WooCommerce tr\u00e8s populaire et personnalisable<\/li>\n<li>Caract\u00e9ristiques des options de personnalisation faciles \u00e0 utiliser, avec un puissant constructeur de pages glisser-d\u00e9poser<\/li>\n<li>Optimis\u00e9 pour les appareils mobiles, avec une conception r\u00e9active qui a fi\u00e8re allure sur n&rsquo;importe quelle taille d&rsquo;\u00e9cran<\/li>\n<li>Plusieurs options de disposition pour les pages de produits, y compris la grille, la liste et les mod\u00e8les de produits uniques<\/li>\n<li>Options avanc\u00e9es de recherche et de filtrage pour aider les clients \u00e0 trouver exactement ce qu&rsquo;ils recherchent<\/li>\n<li>Int\u00e9gration transparente avec les m\u00e9dias sociaux, y compris Instagram, pour aider \u00e0 g\u00e9rer le trafic et les ventes<\/li>\n<li>Optimisation de SEO int\u00e9gr\u00e9e pour aider \u00e0 am\u00e9liorer les classements des moteurs de recherche<\/li>\n<li>Mises \u00e0 jour de th\u00e8me r\u00e9guli\u00e8res et support client d\u00e9di\u00e9 pour vous assurer que votre magasin fonctionne bien et efficacement.<\/li>\n<\/ul>\n","protected":false},"excerpt":{"rendered":"<p>Pr\u00e9sentation du th\u00e8me WooCommerce classique moderne du cintr, une solution r\u00e9volutionnaire et sophistiqu\u00e9e m\u00e9ticuleusement con\u00e7ue pour vous autonomiser dans l&rsquo;\u00e9laboration d&rsquo;un emporium en ligne visuellement captivant et de mani\u00e8re transparente. B\u00e9n\u00e9ficiant d&rsquo;une fusion exquise de l&rsquo;esth\u00e9tique contemporaine et de la convivialit\u00e9 in\u00e9gal\u00e9e, ce th\u00e8me resplendissant sert de plate-forme par excellence pour les marques estim\u00e9es aspirant \u00e0 rayonner leur marchandise avec un air d&rsquo;opulence et de raffinement sans pr\u00e9tention. Impr\u00e9gn\u00e9 de technologies Web de pointe et dot\u00e9 d&rsquo;une compatibilit\u00e9 transparente avec WooCommerce, le cintre vous accorde le cadeau inestimable d&rsquo;une rencontre tr\u00e8s r\u00e9active, rapide, impr\u00e9vable et globale pour votre client\u00e8le ch\u00e9ri. Ainsi, avec une telle corne d&rsquo;abondance d&rsquo;avantages \u00e0 votre disposition, pourquoi languir dans la procrastination? Saisissez le moment et lancez-vous dans votre voyage de commerce prosp\u00e8re en b\u00e9n\u00e9ficiant du th\u00e8me WooCommerce classique moderne de Hanger \u00e0 cet instant.<\/p>\n","protected":false},"featured_media":145473,"comment_status":"open","ping_status":"open","template":"","meta":[],"product_brand":[2433],"product_cat":[1238,1851,1212],"product_tag":[1366],"class_list":{"0":"post-112026","1":"product","2":"type-product","3":"status-publish","4":"has-post-thumbnail","6":"product_brand-themeforest","7":"product_cat-commerce-electronique-themes","8":"product_cat-entreprise-commerce-electronique-themes","9":"product_cat-themes","10":"product_tag-themeforest","11":"member-discount","12":"discount-restricted","14":"first","15":"instock","16":"sale","17":"downloadable","18":"virtual","19":"sold-individually","20":"purchasable","21":"product-type-simple"},"_links":{"self":[{"href":"https:\/\/gpl-love.com\/fr\/wp-json\/wp\/v2\/product\/112026","targetHints":{"allow":["GET"]}}],"collection":[{"href":"https:\/\/gpl-love.com\/fr\/wp-json\/wp\/v2\/product"}],"about":[{"href":"https:\/\/gpl-love.com\/fr\/wp-json\/wp\/v2\/types\/product"}],"replies":[{"embeddable":true,"href":"https:\/\/gpl-love.com\/fr\/wp-json\/wp\/v2\/comments?post=112026"}],"wp:featuredmedia":[{"embeddable":true,"href":"https:\/\/gpl-love.com\/fr\/wp-json\/wp\/v2\/media\/145473"}],"wp:attachment":[{"href":"https:\/\/gpl-love.com\/fr\/wp-json\/wp\/v2\/media?parent=112026"}],"wp:term":[{"taxonomy":"product_brand","embeddable":true,"href":"https:\/\/gpl-love.com\/fr\/wp-json\/wp\/v2\/product_brand?post=112026"},{"taxonomy":"product_cat","embeddable":true,"href":"https:\/\/gpl-love.com\/fr\/wp-json\/wp\/v2\/product_cat?post=112026"},{"taxonomy":"product_tag","embeddable":true,"href":"https:\/\/gpl-love.com\/fr\/wp-json\/wp\/v2\/product_tag?post=112026"}],"curies":[{"name":"wp","href":"https:\/\/api.w.org\/{rel}","templated":true}]}}