{"id":112010,"date":"2021-12-14T00:00:00","date_gmt":"2021-12-13T23:00:00","guid":{"rendered":"http:\/\/gpl-love.com\/fr\/produit\/wordpress-gdpr-ccpa-dpa-compliance\/"},"modified":"2026-03-20T23:49:06","modified_gmt":"2026-03-20T22:49:06","slug":"wordpress-gdpr-ccpa-dpa-compliance","status":"publish","type":"product","link":"https:\/\/gpl-love.com\/fr\/produit\/wordpress-gdpr-ccpa-dpa-compliance\/","title":{"rendered":"WordPress GDPR + CCPA + DPA Compliance 2.6.1"},"content":{"rendered":"<h3>WordPress GDPR + CCPA + DPA Compliance Traits<\/h3>\n<p>L&rsquo;outil de conformit\u00e9 WordPress GDPR + CCPA + DPA est une solution incroyablement robuste et efficace qui permet aux propri\u00e9taires de sites Web de garantir l&rsquo;adh\u00e9sion de leur site Web \u00e0 la r\u00e9glementation g\u00e9n\u00e9rale de la protection des donn\u00e9es (RGPD), \u00e0 la California Consumer Privacy Act (CCPA) et \u00e0 la Loi sur la protection des donn\u00e9es (Data Protection Act (RGDP), \u00e0 la California Consumer Privacy Act (CCPA) et \u00e0 la loi sur la protection des donn\u00e9es (Data Protection Act (GDPR). Dpa). En utilisant cet outil, les propri\u00e9taires de sites Web peuvent incorporer sans effort toutes les fonctionnalit\u00e9s et fonctionnalit\u00e9s requises n\u00e9cessaires pour se conformer \u00e0 ces lois. Ceux-ci englobent des \u00e9l\u00e9ments cruciaux tels que le consentement des cookies, les demandes d&rsquo;acc\u00e8s aux sujets de donn\u00e9es, les demandes d&rsquo;effacement des donn\u00e9es et les autres. De plus, cet outil poss\u00e8de une interface conviviale et peut \u00eatre int\u00e9gr\u00e9 de mani\u00e8re transparente dans n&rsquo;importe quel site Web WordPress, solidant ainsi son statut comme un actif indispensable pour les propri\u00e9taires de sites Web cherchant \u00e0 assurer la pleine conformit\u00e9 \u00e0 ces r\u00e9glementations vitales de protection des donn\u00e9es.<\/p>\n<ul>\n<li>Compl\u00e9ter la conformit\u00e9 avec les r\u00e9glementations du RGPD, CCPA et DPA pour votre site Web WordPress<\/li>\n<li>Installation et int\u00e9gration faciles avec votre configuration WordPress existante<\/li>\n<li>Contr\u00f4les complets de protection des donn\u00e9es pour les donn\u00e9es utilisateur collect\u00e9es sur votre site Web<\/li>\n<li>Gestion du consentement des utilisateurs s\u00e9curis\u00e9s pour les activit\u00e9s de collecte et de traitement des donn\u00e9es<\/li>\n<li>Anonymisation ou suppression automatique des donn\u00e9es des utilisateurs sur demande<\/li>\n<li>Caract\u00e9ristiques de rapports et d&rsquo;audit d\u00e9taill\u00e9s pour garantir la conformit\u00e9<\/li>\n<li>Mises \u00e0 jour et soutien en cours pour maintenir la conformit\u00e9 \u00e0 l&rsquo;\u00e9volution des r\u00e9glementations<\/li>\n<\/ul>\n","protected":false},"excerpt":{"rendered":"<p>Avec l&rsquo;introduction de cet outil puissant, il est devenu de plus en plus pratique de garantir la conformit\u00e9 du RGPD, du CCPA et de la DPA sur votre site Web WordPress. Les entreprises qui cherchent \u00e0 hi\u00e9rarchiser la protection de la confidentialit\u00e9 de leurs clients peuvent d\u00e9sormais s&rsquo;appuyer sur ce plugin, qui r\u00e9pond de mani\u00e8re transparente \u00e0 tous leurs besoins en fournissant des politiques de confidentialit\u00e9 conformes, une gestion efficace des cookies et des accords approfondis de traitement des donn\u00e9es, entre autres fonctionnalit\u00e9s. En utilisant ce plugin, vous pouvez \u00eatre convaincu que votre site Web adh\u00e8re impeccablement \u00e0 tous les r\u00e8glements essentiels de protection des donn\u00e9es, offrant ainsi \u00e0 vos visiteurs la tranquillit\u00e9 qu&rsquo;ils m\u00e9ritent \u00e0 juste titre. Maintenez le plus haut niveau de s\u00e9curit\u00e9, de s\u00e9curit\u00e9 et de conformit\u00e9 sur votre site Web \u00e0 l&rsquo;aide de cet outil de conformit\u00e9 GDPR WordPress + CCPA + DPA.<\/p>\n","protected":false},"featured_media":146108,"comment_status":"open","ping_status":"open","template":"","meta":[],"product_brand":[2435],"product_cat":[1187,1181,1186],"product_tag":[1231],"class_list":{"0":"post-112010","1":"product","2":"type-product","3":"status-publish","4":"has-post-thumbnail","6":"product_brand-codecanyon","7":"product_cat-administration-wordpress-plugins","8":"product_cat-plugins","9":"product_cat-wordpress-plugins","10":"product_tag-codecanyon","11":"member-discount","12":"discount-restricted","14":"first","15":"instock","16":"sale","17":"downloadable","18":"virtual","19":"sold-individually","20":"purchasable","21":"product-type-simple"},"_links":{"self":[{"href":"https:\/\/gpl-love.com\/fr\/wp-json\/wp\/v2\/product\/112010","targetHints":{"allow":["GET"]}}],"collection":[{"href":"https:\/\/gpl-love.com\/fr\/wp-json\/wp\/v2\/product"}],"about":[{"href":"https:\/\/gpl-love.com\/fr\/wp-json\/wp\/v2\/types\/product"}],"replies":[{"embeddable":true,"href":"https:\/\/gpl-love.com\/fr\/wp-json\/wp\/v2\/comments?post=112010"}],"wp:featuredmedia":[{"embeddable":true,"href":"https:\/\/gpl-love.com\/fr\/wp-json\/wp\/v2\/media\/146108"}],"wp:attachment":[{"href":"https:\/\/gpl-love.com\/fr\/wp-json\/wp\/v2\/media?parent=112010"}],"wp:term":[{"taxonomy":"product_brand","embeddable":true,"href":"https:\/\/gpl-love.com\/fr\/wp-json\/wp\/v2\/product_brand?post=112010"},{"taxonomy":"product_cat","embeddable":true,"href":"https:\/\/gpl-love.com\/fr\/wp-json\/wp\/v2\/product_cat?post=112010"},{"taxonomy":"product_tag","embeddable":true,"href":"https:\/\/gpl-love.com\/fr\/wp-json\/wp\/v2\/product_tag?post=112010"}],"curies":[{"name":"wp","href":"https:\/\/api.w.org\/{rel}","templated":true}]}}