{"id":112008,"date":"2022-01-11T00:00:00","date_gmt":"2022-01-10T23:00:00","guid":{"rendered":"http:\/\/gpl-love.com\/fr\/produit\/hongo-modern-multipurpose-woocommerce-wordpress-theme\/"},"modified":"2026-03-20T23:19:39","modified_gmt":"2026-03-20T22:19:39","slug":"hongo-modern-multipurpose-woocommerce-wordpress-theme","status":"publish","type":"product","link":"https:\/\/gpl-love.com\/fr\/produit\/hongo-modern-multipurpose-woocommerce-wordpress-theme\/","title":{"rendered":"Hongo Modern et Multipurpose WooCommerce WordPress Theme 2.3"},"content":{"rendered":"<h3>Hongo Modern et Multipurpose WooCommerce WordPress Theme Traits<\/h3>\n<p>Le th\u00e8me WOOCommerce Hongo Modern et polyvalent, une ressource tr\u00e8s polyvalente et multiforme, s&rsquo;av\u00e8re \u00eatre un atout inestimable lorsqu&rsquo;il s&rsquo;agit de construire sans effort des sites Web de commerce \u00e9lectronique. Cet outil exceptionnel offre une pl\u00e9thore de dispositions et de mod\u00e8les divers et personnalisables, ce qui permet aux utilisateurs d&rsquo;adapter leurs plateformes en ligne \u00e0 leurs pr\u00e9f\u00e9rences individuelles avec la plus grande pr\u00e9cision. De plus, le th\u00e8me Hongo poss\u00e8de un degr\u00e9 impressionnant de convivialit\u00e9 et de r\u00e9activit\u00e9, ce qui le rend accessible de mani\u00e8re transparente sur tous les types d&rsquo;appareils. Pour augmenter davantage l&rsquo;exp\u00e9rience de navigation des clients, ce th\u00e8me remarquable int\u00e8gre un \u00e9ventail de fonctionnalit\u00e9s remarquables, y compris des filtres de produit, des vues rapides de produits et une fonctionnalit\u00e9 de recherche AJAX tr\u00e8s efficace. En outre, le th\u00e8me Hongo englobe facilement le contenu de d\u00e9monstration pr\u00e9-con\u00e7u, qui peut \u00eatre import\u00e9 sans effort en simple clic. Essentiellement, Hongo est fi\u00e8rement une solution tout-en-un exceptionnelle, r\u00e9volutionnant le processus d&rsquo;\u00e9tablissement d&rsquo;une boutique en ligne avec une facilit\u00e9 in\u00e9gal\u00e9e et une esth\u00e9tique ind\u00e9niablement professionnelle.<\/p>\n<ul>\n<li>Conception r\u00e9active qui a fi\u00e8re allure sur n&rsquo;importe quel appareil<\/li>\n<li>Page d&rsquo;accueil multiples et conceptions de pages int\u00e9rieures \u00e0 choisir<\/li>\n<li>Construit avec la derni\u00e8re technologie WooCommerce pour une gestion de boutiques en ligne facile<\/li>\n<li>Comprend une gamme de plugins premium, tels que Visual Composer et Slider Revolution<\/li>\n<li>Facile \u00e0 personnaliser avec les fonctionnalit\u00e9s de glisser-d\u00e9poser et d&rsquo;options de couleurs illimit\u00e9es<\/li>\n<li>Prend en charge une gamme de plugins populaires, y compris le formulaire de contact 7 et MailChimp pour WordPress<\/li>\n<li>SEO optimis\u00e9 pour am\u00e9liorer le classement des moteurs de recherche et la visibilit\u00e9<\/li>\n<li>Comprend l&rsquo;int\u00e9gration des m\u00e9dias sociaux pour un partage et une promotion faciles<\/li>\n<li>Livr\u00e9 avec une documentation compl\u00e8te et un soutien d\u00e9di\u00e9 des auteurs de th\u00e8me.<\/li>\n<\/ul>\n","protected":false},"excerpt":{"rendered":"<p>Hongo, un th\u00e8me WordPress de commerce \u00e9lectronique de pointe et tr\u00e8s flexible, a \u00e9t\u00e9 m\u00e9ticuleusement con\u00e7u pour r\u00e9pondre aux besoins des magasins WooCommerce. Avec sa gamme diversifi\u00e9e d&rsquo;options de th\u00e8me personnalisables, ce th\u00e8me sophistiqu\u00e9 et multiforme est id\u00e9al pour un large \u00e9ventail d&rsquo;entreprises en ligne, s&rsquo;\u00e9tendant sur diverses industries, y compris, mais sans s&rsquo;y limiter, la mode et l&rsquo;\u00e9lectronique. Ses attributs exceptionnels englobent une conception r\u00e9active, des capacit\u00e9s de personnalisation sans effort et une vitesse de chargement impeccable, garantissant ainsi une exp\u00e9rience utilisateur parfaitement immersive pour les commer\u00e7ants et les consommateurs. Arm\u00e9 de mod\u00e8les pr\u00e9-con\u00e7us et d&rsquo;un \u00e9diteur visuel intuitif qui utilise une fonctionnalit\u00e9 pratique de glisser-d\u00e9poser. augmenter vos ventes num\u00e9riques.<\/p>\n","protected":false},"featured_media":144186,"comment_status":"open","ping_status":"open","template":"","meta":[],"product_brand":[2433],"product_cat":[1214,1212,1213],"product_tag":[1366],"class_list":{"0":"post-112008","1":"product","2":"type-product","3":"status-publish","4":"has-post-thumbnail","6":"product_brand-themeforest","7":"product_cat-polyvalent","8":"product_cat-themes","9":"product_cat-wordpress-themes","10":"product_tag-themeforest","11":"member-discount","12":"discount-restricted","14":"first","15":"instock","16":"sale","17":"downloadable","18":"virtual","19":"sold-individually","20":"purchasable","21":"product-type-simple"},"_links":{"self":[{"href":"https:\/\/gpl-love.com\/fr\/wp-json\/wp\/v2\/product\/112008","targetHints":{"allow":["GET"]}}],"collection":[{"href":"https:\/\/gpl-love.com\/fr\/wp-json\/wp\/v2\/product"}],"about":[{"href":"https:\/\/gpl-love.com\/fr\/wp-json\/wp\/v2\/types\/product"}],"replies":[{"embeddable":true,"href":"https:\/\/gpl-love.com\/fr\/wp-json\/wp\/v2\/comments?post=112008"}],"wp:featuredmedia":[{"embeddable":true,"href":"https:\/\/gpl-love.com\/fr\/wp-json\/wp\/v2\/media\/144186"}],"wp:attachment":[{"href":"https:\/\/gpl-love.com\/fr\/wp-json\/wp\/v2\/media?parent=112008"}],"wp:term":[{"taxonomy":"product_brand","embeddable":true,"href":"https:\/\/gpl-love.com\/fr\/wp-json\/wp\/v2\/product_brand?post=112008"},{"taxonomy":"product_cat","embeddable":true,"href":"https:\/\/gpl-love.com\/fr\/wp-json\/wp\/v2\/product_cat?post=112008"},{"taxonomy":"product_tag","embeddable":true,"href":"https:\/\/gpl-love.com\/fr\/wp-json\/wp\/v2\/product_tag?post=112008"}],"curies":[{"name":"wp","href":"https:\/\/api.w.org\/{rel}","templated":true}]}}