{"id":112006,"date":"2026-04-27T00:00:00","date_gmt":"2026-04-26T22:00:00","guid":{"rendered":"http:\/\/gpl-love.com\/fr\/produit\/edumall-professional-lms-education-center-wordpress-theme\/"},"modified":"2026-04-28T00:30:28","modified_gmt":"2026-04-27T22:30:28","slug":"edumall-professional-lms-education-center-wordpress-theme","status":"publish","type":"product","link":"https:\/\/gpl-love.com\/fr\/produit\/edumall-professional-lms-education-center-wordpress-theme\/","title":{"rendered":"EduMall Professional LMS Education Center WordPress Theme 4.5.3"},"content":{"rendered":"<h3>EduMall Professional LMS Education Center WordPress Theme Traits<\/h3>\n<p>Le th\u00e8me WordPress Edumall Professional LMS Education Center sert d&rsquo;instrument formidable pour les \u00e9ducateurs et les \u00e9tablissements d\u00e9sireux d&rsquo;\u00e9tablir un environnement d&rsquo;apprentissage en ligne qui d\u00e9gage le professionnalisme et la convivialit\u00e9 des utilisateurs. Ce th\u00e8me pr\u00e9sente aux utilisateurs une interface intuitive qui facilite la personnalisation facile du contenu, des profils d&rsquo;utilisateurs et du mat\u00e9riel de cours. Distingu\u00e9 par une pl\u00e9thore de fonctionnalit\u00e9s robustes, telles que les plans de cours, les quiz et le suivi des progr\u00e8s, Edumall pr\u00e9sente des professionnels de l&rsquo;\u00e9ducation avec une solution compl\u00e8te qui leur permet de fournir une exp\u00e9rience d&rsquo;apprentissage exceptionnelle \u00e0 leurs \u00e9tudiants. Que vous soyez un enseignant individuel ou une institution enti\u00e8re, ce th\u00e8me a \u00e9t\u00e9 m\u00e9ticuleusement con\u00e7u pour r\u00e9pondre \u00e0 vos besoins et augmenter votre pr\u00e9sence en ligne. En adoptant Edumall, vous pouvez rationaliser votre flux de travail, engager activement vos apprenants et fournir une instruction personnalis\u00e9e qui est adapt\u00e9e \u00e0 leurs besoins individuels, ouvrant la voie \u00e0 leur parcours acad\u00e9mique triomphal.<\/p>\n<ul>\n<li>Th\u00e8me WordPress LMS enti\u00e8rement personnalisable con\u00e7u sp\u00e9cifiquement pour les sites Web li\u00e9s \u00e0 l&rsquo;\u00e9ducation<\/li>\n<li>Livr\u00e9 avec plusieurs mod\u00e8les de pages et des dispositions pr\u00e9d\u00e9finies, ce qui facilite la cr\u00e9ation de nouvelles pages et sections pour votre site Web<\/li>\n<li>Comprend un puissant constructeur de pages glisser-d\u00e9poser, vous permettant de cr\u00e9er facilement des dispositions complexes et des conceptions personnalis\u00e9es sans aucune exp\u00e9rience de codage<\/li>\n<li>Propose un syst\u00e8me de gestion de cours int\u00e9gr\u00e9 avec le support pour plusieurs instructeurs et classes, vous permettant de g\u00e9rer facilement le contenu du cours et de suivre les progr\u00e8s des \u00e9tudiants<\/li>\n<li>Propose une interface conviviale, ce qui permet aux \u00e9tudiants et aux instructeurs de naviguer facilement et d&rsquo;utiliser la plate-forme<\/li>\n<li>Prend en charge plusieurs passerelles de paiement, ce qui facilite l&rsquo;acceptation des paiements pour les cours, les adh\u00e9sions et autres produits et services<\/li>\n<li>S&rsquo;int\u00e8gre aux outils de marketing et d&rsquo;automatisation des e-mails populaires, vous permettant de promouvoir facilement vos cours et de rester en contact avec vos \u00e9tudiants et abonn\u00e9s<\/li>\n<li>Livr\u00e9 avec une documentation compl\u00e8te et des tutoriels, ainsi qu&rsquo;un soutien d\u00e9di\u00e9 de l&rsquo;\u00e9quipe Edumall, en vous assurant que vous avez tout ce dont vous avez besoin pour tirer le meilleur parti du th\u00e8me.<\/li>\n<\/ul>\n","protected":false},"excerpt":{"rendered":"<p>Edumall, un th\u00e8me WordPress de haut niveau sp\u00e9cialement con\u00e7u pour les centres d&rsquo;\u00e9ducation et les cours en ligne, est \u00e9quip\u00e9 d&rsquo;une gamme de fonctionnalit\u00e9s impressionnantes. Ceux-ci incluent un syst\u00e8me de gestion d&rsquo;apprentissage robuste (LMS), des capacit\u00e9s avanc\u00e9es de gestion des cours, des options de conception personnalisables et une pl\u00e9thore de mod\u00e8les pr\u00e9d\u00e9finis. Ce th\u00e8me vous permet d&rsquo;\u00e9tablir une plate-forme d&rsquo;apprentissage en ligne captivante qui facilite efficacement l&rsquo;h\u00e9bergement de cours et la gestion des \u00e9tudiants. Notamment, Edumall s&rsquo;av\u00e8re \u00eatre une solution id\u00e9ale pour l&rsquo;apprentissage en ligne, les \u00e9coles en ligne et les \u00e9tablissements d&rsquo;enseignement cherchant \u00e0 fournir une \u00e9ducation exceptionnelle \u00e0 leurs apprenants d&rsquo;une mani\u00e8re conviviale et transparente. Ne perdez pas de temps \u00e0 acqu\u00e9rir Edumall aujourd&rsquo;hui et \u00e0 se lancer dans le voyage de construire une entreprise en ligne prosp\u00e8re.<\/p>\n","protected":false},"featured_media":143678,"comment_status":"open","ping_status":"open","template":"","meta":[],"product_brand":[2433],"product_cat":[1516,1212,1213],"product_tag":[1366],"class_list":{"0":"post-112006","1":"product","2":"type-product","3":"status-publish","4":"has-post-thumbnail","6":"product_brand-themeforest","7":"product_cat-entreprise","8":"product_cat-themes","9":"product_cat-wordpress-themes","10":"product_tag-themeforest","11":"member-discount","12":"discount-restricted","14":"first","15":"instock","16":"sale","17":"downloadable","18":"virtual","19":"sold-individually","20":"purchasable","21":"product-type-simple"},"_links":{"self":[{"href":"https:\/\/gpl-love.com\/fr\/wp-json\/wp\/v2\/product\/112006","targetHints":{"allow":["GET"]}}],"collection":[{"href":"https:\/\/gpl-love.com\/fr\/wp-json\/wp\/v2\/product"}],"about":[{"href":"https:\/\/gpl-love.com\/fr\/wp-json\/wp\/v2\/types\/product"}],"replies":[{"embeddable":true,"href":"https:\/\/gpl-love.com\/fr\/wp-json\/wp\/v2\/comments?post=112006"}],"wp:featuredmedia":[{"embeddable":true,"href":"https:\/\/gpl-love.com\/fr\/wp-json\/wp\/v2\/media\/143678"}],"wp:attachment":[{"href":"https:\/\/gpl-love.com\/fr\/wp-json\/wp\/v2\/media?parent=112006"}],"wp:term":[{"taxonomy":"product_brand","embeddable":true,"href":"https:\/\/gpl-love.com\/fr\/wp-json\/wp\/v2\/product_brand?post=112006"},{"taxonomy":"product_cat","embeddable":true,"href":"https:\/\/gpl-love.com\/fr\/wp-json\/wp\/v2\/product_cat?post=112006"},{"taxonomy":"product_tag","embeddable":true,"href":"https:\/\/gpl-love.com\/fr\/wp-json\/wp\/v2\/product_tag?post=112006"}],"curies":[{"name":"wp","href":"https:\/\/api.w.org\/{rel}","templated":true}]}}