{"id":112004,"date":"2022-01-31T00:00:00","date_gmt":"2022-01-30T23:00:00","guid":{"rendered":"http:\/\/gpl-love.com\/fr\/produit\/weforms-business-contact-forms-for-wordpress-plugin\/"},"modified":"2026-04-10T18:45:27","modified_gmt":"2026-04-10T16:45:27","slug":"weforms-business-contact-forms-for-wordpress-plugin","status":"publish","type":"product","link":"https:\/\/gpl-love.com\/fr\/produit\/weforms-business-contact-forms-for-wordpress-plugin\/","title":{"rendered":"weForms Business Contact Forms pour WordPress Plugin 1.3.7"},"content":{"rendered":"<h3>weForms Business Contact Forms pour WordPress Plugin Traits<\/h3>\n<p>Les formulaires de contact commerciaux WeForms pour le plugin WordPress sont un outil tr\u00e8s efficace qui offre aux entreprises la possibilit\u00e9 de g\u00e9n\u00e9rer sans effort des formulaires de contact personnalis\u00e9s pour leurs sites Web. Ce plugin remarquable poss\u00e8de un constructeur de formulaires de glisser-d\u00e9poser qui permet aux utilisateurs de modeler des formulaires de contact qui sont parfaitement adapt\u00e9s \u00e0 leurs besoins en activit\u00e9 individuelle. Notamment, les propri\u00e9taires de sites Web peuvent \u00e9laborer rapidement ces formulaires en quelques minutes, m\u00eame s&rsquo;ils n&rsquo;ont aucune exp\u00e9rience de codage pr\u00e9alable, gr\u00e2ce \u00e0 l&rsquo;interface incroyablement conviviale du plugin. De plus, les formulaires de contact commercial WeForms pour le plugin WordPress accordent aux utilisateurs acc\u00e9dant \u00e0 une pl\u00e9thore d&rsquo;options de personnalisation, y compris les champs de formulaire, les choix de style et les messages de confirmation. En outre, ce plugin extraordinaire s&rsquo;int\u00e8gre de mani\u00e8re transparente aux services de marketing par e-mail largement utilis\u00e9s, ce qui en fait une solution id\u00e9ale pour les entreprises \u00e0 la recherche d&rsquo;un moyen de capturer des prospects et d&rsquo;\u00e9tendre leurs listes de diffusion. Compte tenu de son \u00e9ventail de fonctionnalit\u00e9s avanc\u00e9es et d&rsquo;interface intuitive, il est incontournable que les formulaires de contact commerciaux WeForms pour le plugin WordPress repr\u00e9sentent un choix vraiment exceptionnel pour les entreprises qui s&rsquo;efforcent de rationaliser leur processus de cr\u00e9ation de formulaire de contact.<\/p>\n<ul>\n<li>Plugin de formulaire de contact facile \u00e0 utiliser con\u00e7u sp\u00e9cifiquement pour les entreprises utilisant WordPress<\/li>\n<li>Formulaires de contact personnalisables pour r\u00e9pondre \u00e0 la marque et aux besoins de votre entreprise<\/li>\n<li>Formulaire de glisser-d\u00e9poser avec une vari\u00e9t\u00e9 d&rsquo;options sur le terrain, y compris les menus texte, e-mail, t\u00e9l\u00e9phone et d\u00e9roulement<\/li>\n<li>Int\u00e9gration avec des services de marketing par e-mail populaires tels que MailChimp et Aweber<\/li>\n<li>Options de conformit\u00e9 du RGPD pour garantir la confidentialit\u00e9 et la protection des donn\u00e9es de vos clients<\/li>\n<li>Logique conditionnelle pour afficher des champs ou des sections sp\u00e9cifiques en fonction de la saisie de l&rsquo;utilisateur<\/li>\n<li>Mod\u00e8les de formulaires multiples au choix et personnaliser pour correspondre \u00e0 la conception de votre site Web<\/li>\n<li>Envoy\u00e9 automatiquement des e-mails de confirmation aux utilisateurs qui soumettent un formulaire de contact<\/li>\n<li>Offre des plans gratuits et premium avec des fonctionnalit\u00e9s avanc\u00e9es et des options de support<\/li>\n<li>Les fonctionnalit\u00e9s suppl\u00e9mentaires incluent le t\u00e9l\u00e9chargement de fichiers, les formulaires RecaptCha et plusieurs pages.<\/li>\n<\/ul>\n","protected":false},"excerpt":{"rendered":"<p>Les formulaires de contact commerciaux WeForms pour le plugin WordPress sont un outil tr\u00e8s efficace qui simplifie consid\u00e9rablement le processus autrement complexe de cr\u00e9ation de formulaires de contact commercial sur votre site Web WordPress. Ce plugin exceptionnel offre une interface remarquablement conviviale qui vous permet de concevoir sans effort des formulaires visuellement attrayants, de capturer efficacement les prospects et de g\u00e9rer efficacement les donn\u00e9es clients inestimables. De plus, il fournit g\u00e9n\u00e9reusement une s\u00e9lection approfondie de mod\u00e8les de formulaire soigneusement con\u00e7us, englobant un \u00e9ventail d&rsquo;options telles que les formulaires d&rsquo;inscription \u00e0 la newsletter, les formulaires de demande de devis et les formulaires de r\u00e9troaction, parmi d&rsquo;innombrables autres. Ce qui distingue le plugin de formulaires de contact commercial WeForms, c&rsquo;est sa possibilit\u00e9 remarquable d&rsquo;offrir des fonctionnalit\u00e9s avanc\u00e9es, y compris la logique conditionnelle, des int\u00e9grations de paiement transparentes et des formes multi-\u00e9tapes remarquablement intuitives, qui se combinent toutes pour faire la cr\u00e9ation et la gestion des formulaires une brise absolue. Embrassez cet outil exceptionnel pour non seulement gagner du temps pr\u00e9cieux, mais aussi maximiser votre productivit\u00e9 globale, car elle r\u00e9pond magistralement \u00e0 tous vos besoins de formulaire de contact professionnel.<\/p>\n","protected":false},"featured_media":145751,"comment_status":"open","ping_status":"open","template":"","meta":[],"product_brand":[2688],"product_cat":[1191,1181,1186],"product_tag":[1627],"class_list":{"0":"post-112004","1":"product","2":"type-product","3":"status-publish","4":"has-post-thumbnail","6":"product_brand-weforms","7":"product_cat-formes","8":"product_cat-plugins","9":"product_cat-wordpress-plugins","10":"product_tag-weforms","11":"member-discount","12":"discount-restricted","14":"first","15":"instock","16":"sale","17":"downloadable","18":"virtual","19":"sold-individually","20":"purchasable","21":"product-type-simple"},"_links":{"self":[{"href":"https:\/\/gpl-love.com\/fr\/wp-json\/wp\/v2\/product\/112004","targetHints":{"allow":["GET"]}}],"collection":[{"href":"https:\/\/gpl-love.com\/fr\/wp-json\/wp\/v2\/product"}],"about":[{"href":"https:\/\/gpl-love.com\/fr\/wp-json\/wp\/v2\/types\/product"}],"replies":[{"embeddable":true,"href":"https:\/\/gpl-love.com\/fr\/wp-json\/wp\/v2\/comments?post=112004"}],"wp:featuredmedia":[{"embeddable":true,"href":"https:\/\/gpl-love.com\/fr\/wp-json\/wp\/v2\/media\/145751"}],"wp:attachment":[{"href":"https:\/\/gpl-love.com\/fr\/wp-json\/wp\/v2\/media?parent=112004"}],"wp:term":[{"taxonomy":"product_brand","embeddable":true,"href":"https:\/\/gpl-love.com\/fr\/wp-json\/wp\/v2\/product_brand?post=112004"},{"taxonomy":"product_cat","embeddable":true,"href":"https:\/\/gpl-love.com\/fr\/wp-json\/wp\/v2\/product_cat?post=112004"},{"taxonomy":"product_tag","embeddable":true,"href":"https:\/\/gpl-love.com\/fr\/wp-json\/wp\/v2\/product_tag?post=112004"}],"curies":[{"name":"wp","href":"https:\/\/api.w.org\/{rel}","templated":true}]}}