{"id":112002,"date":"2022-02-11T00:00:00","date_gmt":"2022-02-10T23:00:00","guid":{"rendered":"http:\/\/gpl-love.com\/fr\/produit\/emage-image-hover-effects-for-elementor\/"},"modified":"2026-03-20T23:03:50","modified_gmt":"2026-03-20T22:03:50","slug":"emage-image-hover-effects-for-elementor","status":"publish","type":"product","link":"https:\/\/gpl-love.com\/fr\/produit\/emage-image-hover-effects-for-elementor\/","title":{"rendered":"Emage Image Hover Effects pour Elementor 4.3.5"},"content":{"rendered":"<h3>Emage Image Hover Effects pour Elementor Traits<\/h3>\n<p>Les effets d&rsquo;image Emage Image pour le plugin Elementor sont un outil incroyablement robuste et dynamique qui vous accorde la possibilit\u00e9 de fa\u00e7onner les effets de survol de l&rsquo;image \u00e0 couper le souffle sur votre site Web. Son interface conviviale et son vaste \u00e9ventail d&rsquo;options personnalisables facilitent sans effort l&rsquo;ajout d&rsquo;une touche professionnelle aux images de votre site Web. Peu importe que vous souhaitiez une animation subtile et nuanc\u00e9e ou un effet audacieux et accrocheur, soyez assur\u00e9 que les effets d&rsquo;image d&rsquo;image Emage pour Elementor vous ont couvert. Son adaptabilit\u00e9 et sa r\u00e9activit\u00e9 garantissent que vos effets de survol seront exceptionnels sur n&rsquo;importe quel appareil, tandis que son int\u00e9gration transparente avec Elementor garantit une incorporation sans effort dans la conception actuelle de votre site Web. En conclusion, Emage Image Hover Effets pour Elementor est une ressource indispensable pour tout propri\u00e9taire de site Web qui aspire \u00e0 \u00e9lever l&rsquo;impact visuel de leurs images et \u00e0 les faire ressortir vraiment de la foule.<\/p>\n<ul>\n<li>Un plugin d&rsquo;image d&rsquo;image puissant et personnalisable pour Elementor.<\/li>\n<li>Plus de plus de 100 effets d&rsquo;image \u00e9tonnants pour choisir, y compris les animations, les l\u00e9gendes, etc.<\/li>\n<li>Cr\u00e9ez des images captivantes qui attirent l&rsquo;attention de votre public et gardez-les engag\u00e9s.<\/li>\n<li>Aucun codage requis, faites glisser et d\u00e9posez simplement pour ajouter les effets \u00e0 vos pages Elementor.<\/li>\n<li>Tr\u00e8s r\u00e9actif et compatible avec tous les appareils, garantissant que vos images sont \u00e9tonnantes sur n&rsquo;importe quelle taille d&rsquo;\u00e9cran.<\/li>\n<li>Mises \u00e0 jour r\u00e9guli\u00e8res et support client d\u00e9di\u00e9 pour vous assurer de tirer le meilleur parti du plugin.<\/li>\n<li>Compatible avec tous les principaux navigateurs, assurant une compatibilit\u00e9 maximale avec votre site Web.<\/li>\n<li>Interface facile \u00e0 utiliser qui permet aux d\u00e9butants de cr\u00e9er des effets de qualit\u00e9 professionnelle.<\/li>\n<li>Fournit un moyen intuitif d&rsquo;ajouter de l&rsquo;interactivit\u00e9 \u00e0 votre site et de faire ressortir les images.<\/li>\n<\/ul>\n","protected":false},"excerpt":{"rendered":"<p>Les effets d&rsquo;image Emage Image pour le plugin Elementor sont tr\u00e8s b\u00e9n\u00e9fiques car il amplifie l&rsquo;attrait visuel de votre site Web gr\u00e2ce \u00e0 son incorporation d&rsquo;effets de survol de l&rsquo;image \u00e0 couper le souffle. Ce plugin convivial propose une vaste gamme de plus de 40 effets de survol exquis qui captivent sans effort vos visiteurs, les exhortant \u00e0 prolonger leur s\u00e9jour sur votre page. En utilisant Emage, vous poss\u00e9dez la capacit\u00e9 de personnaliser et d&rsquo;appliquer ces effets sans effort \u00e0 n&rsquo;importe quel \u00e9l\u00e9ment d&rsquo;image dans votre site Web m\u00e9ticuleusement con\u00e7u par Elementor. Que vous vous identifiiez en tant que blogueur, photographe ou propri\u00e9taire d&rsquo;entreprise, ce plugin est une n\u00e9cessit\u00e9 absolue si vous aspirez \u00e0 infuser votre site avec une touche d&rsquo;\u00e9clat artistique.<\/p>\n","protected":false},"featured_media":143735,"comment_status":"open","ping_status":"open","template":"","meta":[],"product_brand":[2435],"product_cat":[1189,1181,1186],"product_tag":[1231],"class_list":{"0":"post-112002","1":"product","2":"type-product","3":"status-publish","4":"has-post-thumbnail","6":"product_brand-codecanyon","7":"product_cat-personnalisation","8":"product_cat-plugins","9":"product_cat-wordpress-plugins","10":"product_tag-codecanyon","11":"member-discount","12":"discount-restricted","14":"first","15":"instock","16":"sale","17":"downloadable","18":"virtual","19":"sold-individually","20":"purchasable","21":"product-type-simple"},"_links":{"self":[{"href":"https:\/\/gpl-love.com\/fr\/wp-json\/wp\/v2\/product\/112002","targetHints":{"allow":["GET"]}}],"collection":[{"href":"https:\/\/gpl-love.com\/fr\/wp-json\/wp\/v2\/product"}],"about":[{"href":"https:\/\/gpl-love.com\/fr\/wp-json\/wp\/v2\/types\/product"}],"replies":[{"embeddable":true,"href":"https:\/\/gpl-love.com\/fr\/wp-json\/wp\/v2\/comments?post=112002"}],"wp:featuredmedia":[{"embeddable":true,"href":"https:\/\/gpl-love.com\/fr\/wp-json\/wp\/v2\/media\/143735"}],"wp:attachment":[{"href":"https:\/\/gpl-love.com\/fr\/wp-json\/wp\/v2\/media?parent=112002"}],"wp:term":[{"taxonomy":"product_brand","embeddable":true,"href":"https:\/\/gpl-love.com\/fr\/wp-json\/wp\/v2\/product_brand?post=112002"},{"taxonomy":"product_cat","embeddable":true,"href":"https:\/\/gpl-love.com\/fr\/wp-json\/wp\/v2\/product_cat?post=112002"},{"taxonomy":"product_tag","embeddable":true,"href":"https:\/\/gpl-love.com\/fr\/wp-json\/wp\/v2\/product_tag?post=112002"}],"curies":[{"name":"wp","href":"https:\/\/api.w.org\/{rel}","templated":true}]}}