{"id":112000,"date":"2026-02-18T00:00:00","date_gmt":"2026-02-17T23:00:00","guid":{"rendered":"http:\/\/gpl-love.com\/fr\/produit\/ultimate-addons-for-wpbakery-page-builder\/"},"modified":"2026-04-10T18:44:05","modified_gmt":"2026-04-10T16:44:05","slug":"ultimate-addons-for-wpbakery-page-builder","status":"publish","type":"product","link":"https:\/\/gpl-love.com\/fr\/produit\/ultimate-addons-for-wpbakery-page-builder\/","title":{"rendered":"Ultimate Addons pour WPBakery Page Builder 3.21.3"},"content":{"rendered":"<h3>Ultimate Addons pour WPBakery Page Builder Traits<\/h3>\n<p>L&rsquo;addon ultime pour WPBakery Page Builder sert d&rsquo;outil incroyablement robuste, augmentant la fonctionnalit\u00e9 du plugin de cr\u00e9ation de pages largement acclam\u00e9. En int\u00e9grant cet addon ph\u00e9nom\u00e9nal, les individus ont acc\u00e8s \u00e0 une vaste gamme de plus de 100 \u00e9l\u00e9ments et mod\u00e8les de page in\u00e9gal\u00e9s, chacun poss\u00e8de ses propres options de personnalisation uniques. Par cons\u00e9quent, le domaine des possibilit\u00e9s de fabrication de pages Web visuellement captivantes et engageantes dynamiquement devient pratiquement sans limites. De plus, en plus de ces offres impressionnantes, l&rsquo;addon ultime int\u00e8gre en outre un constructeur contextuel modal exceptionnel, des options de typographie tr\u00e8s avanc\u00e9es, ainsi qu&rsquo;un panneau de contr\u00f4le de param\u00e8tres r\u00e9actif incroyablement polyvalent. Par cons\u00e9quent, cet addon particulier se r\u00e9v\u00e8le \u00eatre un atout indispensable pour les concepteurs de sites Web qui aspirent \u00e0 passer \u00e0 de nouveaux sommets dans leurs projets de g\u00e9n\u00e9ration de page WPBakery.<\/p>\n<ul>\n<li>Ajoute des dizaines de nouveaux \u00e9l\u00e9ments et modules \u00e0 votre g\u00e9n\u00e9rateur de page WPBakery<\/li>\n<li>Gave du temps et des efforts dans la conception et la construction de pages Web complexes<\/li>\n<li>Propose plus de 700 mod\u00e8les sur mesure au choix<\/li>\n<li>Permet une personnalisation facile des mod\u00e8les existants pour r\u00e9pondre parfaitement \u00e0 vos besoins<\/li>\n<li>Comprend des \u00e9l\u00e9ments uniques et innovants tels que les cartes flip, les diapositives de contenu et les banni\u00e8res interactives<\/li>\n<li>Compatible avec tous les principaux th\u00e8mes et plugins WordPress<\/li>\n<li>La conception enti\u00e8rement r\u00e9active garantit une exp\u00e9rience sans faille sur les appareils mobiles ainsi que sur les ordinateurs de bureau<\/li>\n<li>Fournit un support technique rapide et fiable pour vous aider \u00e0 tirer le meilleur parti du produit<\/li>\n<li>Abordable et facile \u00e0 installer; Aucune connaissance de codage n\u00e9cessaire.<\/li>\n<\/ul>\n","protected":false},"excerpt":{"rendered":"<p>L&rsquo;addon ultime d&rsquo;entr\u00e9e pour WPBakery Page Builder, un outil incroyablement robuste, sert d&rsquo;extension \u00e0 la fonctionnalit\u00e9 d\u00e9j\u00e0 formidable de WPBakery Page Builder. En int\u00e9grant cet addon, la t\u00e2che ardue de construire des sites Web impressionnants devient remarquablement plus simple. Offrant une vaste gamme de plus de 100 \u00e9l\u00e9ments distincts et personnalisables, cet addon permet aux utilisateurs de manifester leurs visions cr\u00e9atives, qu&rsquo;ils n\u00e9cessitent des pages d&rsquo;atterrissage relativement simples ou des plateformes de commerce \u00e9lectronique complexes. Fabriqu\u00e9e avec une plus grande consid\u00e9ration pour l&rsquo;exp\u00e9rience utilisateur, l&rsquo;addon ultime d&rsquo;entr\u00e9e incarne la convivialit\u00e9 des utilisateurs et est compl\u00e9t\u00e9 par une abondance de tutoriels et un support complet, garantissant un processus d&rsquo;initiation transparent. Ce plugin indispensable m\u00e9rite une place dans la bo\u00eete \u00e0 outils des novices et des d\u00e9veloppeurs chevronn\u00e9s, car il offre sans \u00e9quivoque une opportunit\u00e9 transformatrice pour les personnes cherchant \u00e0 \u00e9lever leur pr\u00e9sence en ligne \u00e0 des sommets sans pr\u00e9c\u00e9dent.<\/p>\n","protected":false},"featured_media":145629,"comment_status":"open","ping_status":"open","template":"","meta":[],"product_brand":[2435],"product_cat":[1189,1181,1186],"product_tag":[1231],"class_list":{"0":"post-112000","1":"product","2":"type-product","3":"status-publish","4":"has-post-thumbnail","6":"product_brand-codecanyon","7":"product_cat-personnalisation","8":"product_cat-plugins","9":"product_cat-wordpress-plugins","10":"product_tag-codecanyon","11":"member-discount","12":"discount-restricted","14":"first","15":"instock","16":"sale","17":"downloadable","18":"virtual","19":"sold-individually","20":"purchasable","21":"product-type-simple"},"_links":{"self":[{"href":"https:\/\/gpl-love.com\/fr\/wp-json\/wp\/v2\/product\/112000","targetHints":{"allow":["GET"]}}],"collection":[{"href":"https:\/\/gpl-love.com\/fr\/wp-json\/wp\/v2\/product"}],"about":[{"href":"https:\/\/gpl-love.com\/fr\/wp-json\/wp\/v2\/types\/product"}],"replies":[{"embeddable":true,"href":"https:\/\/gpl-love.com\/fr\/wp-json\/wp\/v2\/comments?post=112000"}],"wp:featuredmedia":[{"embeddable":true,"href":"https:\/\/gpl-love.com\/fr\/wp-json\/wp\/v2\/media\/145629"}],"wp:attachment":[{"href":"https:\/\/gpl-love.com\/fr\/wp-json\/wp\/v2\/media?parent=112000"}],"wp:term":[{"taxonomy":"product_brand","embeddable":true,"href":"https:\/\/gpl-love.com\/fr\/wp-json\/wp\/v2\/product_brand?post=112000"},{"taxonomy":"product_cat","embeddable":true,"href":"https:\/\/gpl-love.com\/fr\/wp-json\/wp\/v2\/product_cat?post=112000"},{"taxonomy":"product_tag","embeddable":true,"href":"https:\/\/gpl-love.com\/fr\/wp-json\/wp\/v2\/product_tag?post=112000"}],"curies":[{"name":"wp","href":"https:\/\/api.w.org\/{rel}","templated":true}]}}