{"id":111998,"date":"2026-04-22T00:00:00","date_gmt":"2026-04-21T22:00:00","guid":{"rendered":"http:\/\/gpl-love.com\/fr\/produit\/wp-optimize-premium-wordpress-plugin\/"},"modified":"2026-04-23T00:31:11","modified_gmt":"2026-04-22T22:31:11","slug":"wp-optimize-premium-wordpress-plugin","status":"publish","type":"product","link":"https:\/\/gpl-love.com\/fr\/produit\/wp-optimize-premium-wordpress-plugin\/","title":{"rendered":"WP Optimize Premium WordPress Plugin 4.5.2"},"content":{"rendered":"<h3>WP Optimize Premium WordPress Plugin Traits<\/h3>\n<p>WP Optimiser le plugin WordPress Premium est une solution incroyablement robuste et efficace qui est sp\u00e9cialement con\u00e7ue pour am\u00e9liorer et am\u00e9liorer les performances et la vitesse globales de votre site Web WordPress. Ce plugin remarquable fonctionne avec diligence pour optimiser et optimiser la base de donn\u00e9es de votre site Web, r\u00e9duisant consid\u00e9rablement la taille de vos images, cachant efficacement vos pages et \u00e9liminant efficacement tous les fichiers inutiles qui pourraient entraver les performances optimales de votre site Web. De plus, WP Optimize int\u00e8gre la fonctionnalit\u00e9 inestimable de vous permettre de planifier facilement les nettoyages r\u00e9guliers, garantissant que les performances de votre site Web restent toujours exceptionnelles \u00e0 long terme. L&rsquo;interface utilisateur de WP Optimize est non seulement remarquablement intuitive mais aussi incroyablement conviviale, r\u00e9pondant aux besoins des utilisateurs novices et exp\u00e9riment\u00e9s. Il est sans aucun doute que WP Optimiser est un plugin indispensable pour quiconque souhaite \u00e9lever les fonctionnalit\u00e9s et les performances de leur site Web \u00e0 des hauteurs sans pr\u00e9c\u00e9dent.<\/p>\n<ul>\n<li>Fournit une optimisation de site Web WordPress facile et efficace<\/li>\n<li>Diminue le temps de chargement du site Web et augmente la vitesse de la page<\/li>\n<li>R\u00e9duit la taille de la base de donn\u00e9es du site Web avec une optimisation automatique<\/li>\n<li>Supprime les donn\u00e9es inutiles du site Web telles que les r\u00e9visions de publication et les commentaires de spam<\/li>\n<li>Optimise les images sans perdre de qualit\u00e9<\/li>\n<li>Am\u00e9liore le classement des moteurs de recherche de site Web avec une meilleure vitesse et des performances du site Web<\/li>\n<li>Fournit des analyses d\u00e9taill\u00e9es et des rapports d&rsquo;am\u00e9liorations d&rsquo;optimisation du site Web<\/li>\n<li>Compatible avec tous les principaux th\u00e8mes et plugins WordPress<\/li>\n<li>Offre des mises \u00e0 jour automatiques et le soutien de d\u00e9veloppeurs exp\u00e9riment\u00e9s<\/li>\n<li>Peut \u00eatre personnalis\u00e9 pour r\u00e9pondre aux besoins et pr\u00e9f\u00e9rences d&rsquo;optimisation du site Web sp\u00e9cifiques<\/li>\n<\/ul>\n","protected":false},"excerpt":{"rendered":"<p>WP Optimiser, un plugin WordPress exceptionnel disponible pour des frais, apporte une aide pr\u00e9cieuse dans l&rsquo;optimisation et le d\u00e9sencombrement de la base de donn\u00e9es de votre site Web, augmentant ainsi sa vitesse et son efficacit\u00e9. Distingu\u00e9 par ses fonctionnalit\u00e9s de pointe, ce plugin facilite non seulement les nettoyages automatiques chaque semaine, mais propose \u00e9galement des capacit\u00e9s de compression d&rsquo;image et l&rsquo;aptitude \u00e0 \u00e9radiquer des donn\u00e9es redondantes comme les r\u00e9visions post-r\u00e9visions et les commentaires de spam, entre autres \u00e9l\u00e9ments superflus. En incorporant WP Optimize dans le cadre de votre site Web, vous pouvez am\u00e9liorer consid\u00e9rablement ses performances et sa fluidit\u00e9, conduisant \u00e0 une exp\u00e9rience utilisateur am\u00e9lior\u00e9e pour votre public estim\u00e9.<\/p>\n","protected":false},"featured_media":146184,"comment_status":"open","ping_status":"open","template":"","meta":[],"product_brand":[2726],"product_cat":[1203,1181,1186],"product_tag":[1625],"class_list":{"0":"post-111998","1":"product","2":"type-product","3":"status-publish","4":"has-post-thumbnail","6":"product_brand-wp-optimize","7":"product_cat-performance","8":"product_cat-plugins","9":"product_cat-wordpress-plugins","10":"product_tag-wp-optimize","11":"member-discount","12":"discount-restricted","14":"first","15":"instock","16":"sale","17":"downloadable","18":"virtual","19":"sold-individually","20":"purchasable","21":"product-type-simple"},"_links":{"self":[{"href":"https:\/\/gpl-love.com\/fr\/wp-json\/wp\/v2\/product\/111998","targetHints":{"allow":["GET"]}}],"collection":[{"href":"https:\/\/gpl-love.com\/fr\/wp-json\/wp\/v2\/product"}],"about":[{"href":"https:\/\/gpl-love.com\/fr\/wp-json\/wp\/v2\/types\/product"}],"replies":[{"embeddable":true,"href":"https:\/\/gpl-love.com\/fr\/wp-json\/wp\/v2\/comments?post=111998"}],"wp:featuredmedia":[{"embeddable":true,"href":"https:\/\/gpl-love.com\/fr\/wp-json\/wp\/v2\/media\/146184"}],"wp:attachment":[{"href":"https:\/\/gpl-love.com\/fr\/wp-json\/wp\/v2\/media?parent=111998"}],"wp:term":[{"taxonomy":"product_brand","embeddable":true,"href":"https:\/\/gpl-love.com\/fr\/wp-json\/wp\/v2\/product_brand?post=111998"},{"taxonomy":"product_cat","embeddable":true,"href":"https:\/\/gpl-love.com\/fr\/wp-json\/wp\/v2\/product_cat?post=111998"},{"taxonomy":"product_tag","embeddable":true,"href":"https:\/\/gpl-love.com\/fr\/wp-json\/wp\/v2\/product_tag?post=111998"}],"curies":[{"name":"wp","href":"https:\/\/api.w.org\/{rel}","templated":true}]}}