{"id":111996,"date":"2021-02-20T00:00:00","date_gmt":"2021-02-19T23:00:00","guid":{"rendered":"http:\/\/gpl-love.com\/fr\/produit\/smart-content-protector-pro-wp-copy-protection\/"},"modified":"2026-04-10T18:39:52","modified_gmt":"2026-04-10T16:39:52","slug":"smart-content-protector-pro-wp-copy-protection","status":"publish","type":"product","link":"https:\/\/gpl-love.com\/fr\/produit\/smart-content-protector-pro-wp-copy-protection\/","title":{"rendered":"Smart Content Protector Pro WP Copy Protection 8.3"},"content":{"rendered":"<h3>Smart Content Protector Pro WP Copy Protection Traits<\/h3>\n<p>Smart Content Protector Pro WP Copy Protection est un outil robuste et tr\u00e8s efficace qui a \u00e9t\u00e9 m\u00e9ticuleusement con\u00e7u pour fournir le niveau de protection le plus haut votre autorisation explicite. En vous profitant des capacit\u00e9s exceptionnelles de ce plugin remarquable, non seulement vous pourrez entraver sans effort la capacit\u00e9 des utilisateurs \u00e0 copier et diffuser du texte, des images, des vid\u00e9os et d&rsquo;autres fichiers m\u00e9diatiques de votre site Web, mais vous aurez \u00e9galement acc\u00e8s \u00e0 l&rsquo;acc\u00e8s \u00e0 Un large \u00e9ventail de fonctionnalit\u00e9s avanc\u00e9es qui incluent la d\u00e9sactivation des fonctionnalit\u00e9s du clic droit, la pr\u00e9vention des actions de glisser-d\u00e9poser et l&rsquo;\u00e9radication des raccourcis clavier. De plus, ce plugin extraordinaire vous offre la possibilit\u00e9 de prot\u00e9ger vos flux RSS et de fortifier l&rsquo;indexation de votre moteur de recherche. De plus, l&rsquo;inclusion d&rsquo;un filigran personnalisable garantit que vous pouvez impr\u00e9gner votre contenu avec une touche personnelle distinctive et inimitable. Par cons\u00e9quent, en confiant votre contenu aux mains capables de la protection de la copie de protection de contenu intelligent, vous pouvez reposer en sachant que vos efforts et propri\u00e9t\u00e9 intellectuelle diligents seront s\u00e9curis\u00e9s et prot\u00e9g\u00e9s de tout pr\u00e9judice ou exploitation potentiel.<\/p>\n<ul>\n<li>Prot\u00e9ge le contenu de votre site Web WordPress de la copie sans votre permission<\/li>\n<li>Utilise des algorithmes de chiffrement avanc\u00e9s pour \u00e9viter un acc\u00e8s et une copie non autoris\u00e9s de votre contenu<\/li>\n<li>V\u00e9rifie automatiquement et d\u00e9tecte automatiquement toutes les tentatives de copie de votre contenu et les bloque en temps r\u00e9el<\/li>\n<li>Fonctionne de mani\u00e8re transparente avec une large gamme de th\u00e8mes et plugins WordPress<\/li>\n<li>Interface et configuration faciles \u00e0 utiliser, sans connaissances de codage requises<\/li>\n<li>Vous donne un contr\u00f4le complet sur la fa\u00e7on dont votre contenu est prot\u00e9g\u00e9, vous permettant de personnaliser les param\u00e8tres en fonction de vos besoins<\/li>\n<li>Fournit des rapports d\u00e9taill\u00e9s sur tous les vols de contenu tentative, vous donnant des informations pr\u00e9cieuses sur qui essaie de voler votre contenu<\/li>\n<li>Con\u00e7u pour \u00eatre enti\u00e8rement r\u00e9actif et adapt\u00e9 aux mobiles, garantissant que votre contenu est prot\u00e9g\u00e9 sur tous les appareils<\/li>\n<li>Fournit un excellent support client, avec une \u00e9quipe d&rsquo;experts \u00e0 port\u00e9e de main pour vous aider avec tous les probl\u00e8mes ou questions que vous pourriez avoir.<\/li>\n<\/ul>\n","protected":false},"excerpt":{"rendered":"<p>Le plugin Smart Content Protector Pro WP Copy Protection est un outil incroyablement robuste et formidable con\u00e7u pour prot\u00e9ger le contenu pr\u00e9cieux de votre site WordPress \u00e0 partir de toutes les tentatives de duplication ou de vol. \u00c9quip\u00e9es de fonctionnalit\u00e9s de pointe telles que la sauvegarde d&rsquo;images, la d\u00e9sactivation des capacit\u00e9s du clic droit et la pr\u00e9vention de la s\u00e9lection de texte, ce plugin garantit la plus grande s\u00e9curit\u00e9 pour votre contenu pr\u00e9cieux, le rendant imperm\u00e9able m\u00eame aux voleurs les plus implacables. Le processus d&rsquo;installation et de configuration est remarquablement simple et sans tracas, vous offrant l&rsquo;assurance et la tranquillit\u00e9 de l&rsquo;esprit que vos efforts diligents sont d\u00fbment sauvegard\u00e9s. Pascez le temps et acqu\u00e9rir le plugin Smart Content Protector Pro WP Copy Protection d\u00e8s aujourd&rsquo;hui pour fortifier votre contenu contre toute duplication non autoris\u00e9e.<\/p>\n","protected":false},"featured_media":145268,"comment_status":"open","ping_status":"open","template":"","meta":[],"product_brand":[2435],"product_cat":[1187,1181,1186],"product_tag":[1231],"class_list":{"0":"post-111996","1":"product","2":"type-product","3":"status-publish","4":"has-post-thumbnail","6":"product_brand-codecanyon","7":"product_cat-administration-wordpress-plugins","8":"product_cat-plugins","9":"product_cat-wordpress-plugins","10":"product_tag-codecanyon","11":"member-discount","12":"discount-restricted","14":"first","15":"instock","16":"sale","17":"downloadable","18":"virtual","19":"sold-individually","20":"purchasable","21":"product-type-simple"},"_links":{"self":[{"href":"https:\/\/gpl-love.com\/fr\/wp-json\/wp\/v2\/product\/111996","targetHints":{"allow":["GET"]}}],"collection":[{"href":"https:\/\/gpl-love.com\/fr\/wp-json\/wp\/v2\/product"}],"about":[{"href":"https:\/\/gpl-love.com\/fr\/wp-json\/wp\/v2\/types\/product"}],"replies":[{"embeddable":true,"href":"https:\/\/gpl-love.com\/fr\/wp-json\/wp\/v2\/comments?post=111996"}],"wp:featuredmedia":[{"embeddable":true,"href":"https:\/\/gpl-love.com\/fr\/wp-json\/wp\/v2\/media\/145268"}],"wp:attachment":[{"href":"https:\/\/gpl-love.com\/fr\/wp-json\/wp\/v2\/media?parent=111996"}],"wp:term":[{"taxonomy":"product_brand","embeddable":true,"href":"https:\/\/gpl-love.com\/fr\/wp-json\/wp\/v2\/product_brand?post=111996"},{"taxonomy":"product_cat","embeddable":true,"href":"https:\/\/gpl-love.com\/fr\/wp-json\/wp\/v2\/product_cat?post=111996"},{"taxonomy":"product_tag","embeddable":true,"href":"https:\/\/gpl-love.com\/fr\/wp-json\/wp\/v2\/product_tag?post=111996"}],"curies":[{"name":"wp","href":"https:\/\/api.w.org\/{rel}","templated":true}]}}