{"id":111994,"date":"2025-10-21T00:00:00","date_gmt":"2025-10-20T22:00:00","guid":{"rendered":"http:\/\/gpl-love.com\/fr\/produit\/marketo-marketplace-woocommerce-wordpress-theme\/"},"modified":"2026-03-20T23:23:43","modified_gmt":"2026-03-20T22:23:43","slug":"marketo-marketplace-woocommerce-wordpress-theme","status":"publish","type":"product","link":"https:\/\/gpl-love.com\/fr\/produit\/marketo-marketplace-woocommerce-wordpress-theme\/","title":{"rendered":"Marketo Marketplace Woocommerce WordPress Theme 5.3.2"},"content":{"rendered":"<h3>Marketo Marketplace Woocommerce WordPress Theme Traits<\/h3>\n<p>Le th\u00e8me WOOCOMMERCE WORDPRESS Marketo Marketo, avec ses fonctionnalit\u00e9s avanc\u00e9es et sa plate-forme compl\u00e8te, appara\u00eet comme une solution primordiale m\u00e9ticuleusement con\u00e7ue pour faciliter l&rsquo;\u00e9tablissement de pr\u00e9sence en ligne pour les entreprises de toutes grandeur. Ce th\u00e8me exceptionnel s&rsquo;adresse parfaitement aux entreprises qui cherchent \u00e0 fournir leurs produits et services \u00e0 travers le domaine num\u00e9rique, gracieuset\u00e9 de sa conception contemporaine et centr\u00e9e sur l&rsquo;utilisateur, qui peut \u00eatre parfaitement personnalis\u00e9e pour r\u00e9pondre aux exigences distinctives de toute entreprise. Permettre aux entreprises de g\u00e9rer efficacement leurs magasins virtuels et de traiter sans effort les commandes, le th\u00e8me WOOCommerce WordPress Marketo WooCommerce s&rsquo;int\u00e8gre sans effort avec le robuste plugin WooCommerce, garantissant une exp\u00e9rience utilisateur transparente. En outre, ce th\u00e8me englobe un vaste \u00e9ventail d&rsquo;alternatives de conception r\u00e9actives qui s&rsquo;adressent aux aspirations des entreprises qui s&rsquo;efforcent de s&rsquo;engager et de se connecter avec leurs consommateurs en mouvement. Essentiellement, ce th\u00e8me justifie ind\u00e9niablement une position de la plus grande priorit\u00e9 pour toute entreprise d\u00e9sireuse d&rsquo;\u00e9tablir une formidable pr\u00e9sence en ligne et de favoriser l&rsquo;expansion de leur marque.<\/p>\n<ul>\n<li>Th\u00e8me personnalis\u00e9 sp\u00e9cialement pour les entreprises utilisant Marketo et WooCommerce sur WordPress<\/li>\n<li>Con\u00e7u avec un look \u00e9l\u00e9gant et moderne pour plaire aux clients potentiels<\/li>\n<li>Conception enti\u00e8rement r\u00e9active qui est facilement personnalisable pour s&rsquo;adapter \u00e0 la marque et aux pr\u00e9f\u00e9rences<\/li>\n<li>Construit avec SEO \u00e0 l&rsquo;esprit pour aider les entreprises \u00e0 se classer plus haut sur les moteurs de recherche<\/li>\n<li>Compatible avec tous les principaux navigateurs, assurant une exp\u00e9rience transparente pour tous les utilisateurs<\/li>\n<li>Int\u00e9gr\u00e9 aux boutons de partage des m\u00e9dias sociaux pour encourager le partage social et une visibilit\u00e9 accrue<\/li>\n<li>Comprend plusieurs mod\u00e8les de pages, y compris un curseur de page d&rsquo;accueil, des pages de produits et des pages de contact, une \u00e9conomie de temps et des efforts en mati\u00e8re de d\u00e9veloppement<\/li>\n<li>Comprend la prise en charge des plugins tiers pour \u00e9tendre les fonctionnalit\u00e9s et am\u00e9liorer l&rsquo;exp\u00e9rience utilisateur<\/li>\n<li>Documentation d\u00e9taill\u00e9e et prise en charge fournie pour assurer un processus d&rsquo;installation et de configuration en douceur<\/li>\n<li>Mises \u00e0 jour r\u00e9guli\u00e8res et corrections de bogues pour am\u00e9liorer les performances et assurer la compatibilit\u00e9 avec les futures mises \u00e0 jour WordPress.<\/li>\n<\/ul>\n","protected":false},"excerpt":{"rendered":"<p>Le th\u00e8me WordPress WooCommerce de Marketo Marketo d\u00e9gage une esth\u00e9tique sophistiqu\u00e9e et contemporaine, offrant aux d\u00e9taillants en ligne l&rsquo;occasion de montrer leur marchandise de mani\u00e8re esth\u00e9tiquement captivante. Ce th\u00e8me remarquable est parfaitement compatible avec WooCommerce, garantissant une int\u00e9gration transparente qui facilite l&rsquo;utilisation et la personnalisation sans effort. Les utilisateurs sont autoris\u00e9s \u00e0 adapter sans effort les couleurs, les polices et les dispositions pour s&rsquo;aligner sur leur identit\u00e9 de marque distinctive. B\u00e9n\u00e9ficiant de fonctionnalit\u00e9s de pointe telles que le filtrage des produits, les capacit\u00e9s de recherche en direct et une conception r\u00e9active, ce th\u00e8me extraordinaire appara\u00eet comme le choix sans \u00e9quivoque pour les personnes cherchant \u00e0 \u00e9tablir un emporium de commerce \u00e9lectronique in\u00e9gal\u00e9.<\/p>\n","protected":false},"featured_media":144456,"comment_status":"open","ping_status":"open","template":"","meta":[],"product_brand":[2433],"product_cat":[1238,1851,1212],"product_tag":[1366],"class_list":{"0":"post-111994","1":"product","2":"type-product","3":"status-publish","4":"has-post-thumbnail","6":"product_brand-themeforest","7":"product_cat-commerce-electronique-themes","8":"product_cat-entreprise-commerce-electronique-themes","9":"product_cat-themes","10":"product_tag-themeforest","11":"member-discount","12":"discount-restricted","14":"first","15":"instock","16":"sale","17":"downloadable","18":"virtual","19":"sold-individually","20":"purchasable","21":"product-type-simple"},"_links":{"self":[{"href":"https:\/\/gpl-love.com\/fr\/wp-json\/wp\/v2\/product\/111994","targetHints":{"allow":["GET"]}}],"collection":[{"href":"https:\/\/gpl-love.com\/fr\/wp-json\/wp\/v2\/product"}],"about":[{"href":"https:\/\/gpl-love.com\/fr\/wp-json\/wp\/v2\/types\/product"}],"replies":[{"embeddable":true,"href":"https:\/\/gpl-love.com\/fr\/wp-json\/wp\/v2\/comments?post=111994"}],"wp:featuredmedia":[{"embeddable":true,"href":"https:\/\/gpl-love.com\/fr\/wp-json\/wp\/v2\/media\/144456"}],"wp:attachment":[{"href":"https:\/\/gpl-love.com\/fr\/wp-json\/wp\/v2\/media?parent=111994"}],"wp:term":[{"taxonomy":"product_brand","embeddable":true,"href":"https:\/\/gpl-love.com\/fr\/wp-json\/wp\/v2\/product_brand?post=111994"},{"taxonomy":"product_cat","embeddable":true,"href":"https:\/\/gpl-love.com\/fr\/wp-json\/wp\/v2\/product_cat?post=111994"},{"taxonomy":"product_tag","embeddable":true,"href":"https:\/\/gpl-love.com\/fr\/wp-json\/wp\/v2\/product_tag?post=111994"}],"curies":[{"name":"wp","href":"https:\/\/api.w.org\/{rel}","templated":true}]}}