{"id":111990,"date":"2026-04-18T00:00:00","date_gmt":"2026-04-17T22:00:00","guid":{"rendered":"http:\/\/gpl-love.com\/fr\/produit\/wp-media-folder-addons\/"},"modified":"2026-04-19T00:31:24","modified_gmt":"2026-04-18T22:31:24","slug":"wp-media-folder-addons","status":"publish","type":"product","link":"https:\/\/gpl-love.com\/fr\/produit\/wp-media-folder-addons\/","title":{"rendered":"WP Media Folder Addon 4.1.5"},"content":{"rendered":"<h3>WP Media Folder Addon Traits<\/h3>\n<p>Le WP Media Folder Addons, un outil incroyablement robuste con\u00e7u explicitement pour les utilisateurs de WordPress qui cherche \u00e0 am\u00e9liorer leur organisation et leur gestion de fichiers multim\u00e9dias, est un plugin exceptionnel. Offrant une vaste gamme de capacit\u00e9s, les utilisateurs peuvent g\u00e9n\u00e9rer sans effort des dossiers et des sous-dossiers, transf\u00e9rer et en double les fichiers de mani\u00e8re transparente entre ces dossiers, modifier facilement les noms de fichiers, et bien plus encore. Non seulement ce plugin ph\u00e9nom\u00e9nal comprend ces caract\u00e9ristiques fondamentales, mais il int\u00e8gre \u00e9galement des fonctionnalit\u00e9s tr\u00e8s avanc\u00e9es telles que la capacit\u00e9 d&rsquo;appliquer des filigranes, de redimensionner dynamiquement les images et de compresser efficacement des images, pr\u00e9sentant ainsi une solution vraiment compl\u00e8te pour toutes les n\u00e9cessit\u00e9s de gestion des m\u00e9dias. De plus, ce plugin s&rsquo;harmonise parfaitement avec la grande majorit\u00e9 des th\u00e8mes WordPress, ce qui le rend une option instalable sans effort et conviviale, m\u00eame pour les personnes nouvelles dans le domaine de WordPress. Optimisez votre efficacit\u00e9, \u00e9conomisez votre temps pr\u00e9cieux et rationalisez vos efforts de gestion des m\u00e9dias avec les addons de dossiers de m\u00e9dias WP exceptionnels.<\/p>\n<ul>\n<li>Am\u00e9liore la fonctionnalit\u00e9 du dossier multim\u00e9dia WP avec une vari\u00e9t\u00e9 de nouvelles fonctionnalit\u00e9s et options<\/li>\n<li>Permet aux utilisateurs d&rsquo;organiser facilement des fichiers multim\u00e9dias dans leur site WordPress<\/li>\n<li>Permet la cr\u00e9ation de dossiers multiples et l&rsquo;organisation des sous-dossiers<\/li>\n<li>Fournit des options de filtrage avanc\u00e9es pour localiser rapidement des fichiers multim\u00e9dias sp\u00e9cifiques<\/li>\n<li>S&rsquo;int\u00e8gre aux services tiers populaires tels que Dropbox et Google Drive<\/li>\n<li>Prend en charge le redimensionnement et l&rsquo;optimisation des images pour les performances du site Web plus rapides<\/li>\n<li>Offre une vari\u00e9t\u00e9 de param\u00e8tres de personnalisation pour une exp\u00e9rience utilisateur sur mesure<\/li>\n<li>Comprend une \u00e9quipe compl\u00e8te de documentation et d&rsquo;assistance pour obtenir de l&rsquo;aide pour tout probl\u00e8me ou questions<\/li>\n<li>R\u00e9guli\u00e8rement mis \u00e0 jour avec des am\u00e9liorations et de nouvelles fonctionnalit\u00e9s pour rester \u00e0 jour avec l&rsquo;\u00e9volution de la technologie WordPress<\/li>\n<li>Compatible avec tous les principaux th\u00e8mes et plugins WordPress pour une int\u00e9gration transparente dans n&rsquo;importe quel site Web.<\/li>\n<\/ul>\n","protected":false},"excerpt":{"rendered":"<p>WP Media Folder Addons est un plugin incroyablement robuste qui amplifie consid\u00e9rablement la fonctionnalit\u00e9 du dossier multim\u00e9dia WP, le premier outil de gestion des m\u00e9dias pour WordPress. Ce plugin remarquable propose un \u00e9ventail de fonctionnalit\u00e9s suppl\u00e9mentaires, y compris la possibilit\u00e9 de cr\u00e9er des listes de lecture audio et vid\u00e9o captivantes, d&rsquo;appliquer commod\u00e9ment des filigranes en vrac, de redimensionner automatiquement les images automatiquement, et bien plus encore. En int\u00e9grant de mani\u00e8re transparente les addons de dossiers multim\u00e9dias WP dans votre site WordPress, le processus de supervision et d&rsquo;organisation de vos fichiers multim\u00e9dias devient une brise absolue, avec une efficacit\u00e9 et une commodit\u00e9 sans pr\u00e9c\u00e9dent.<\/p>\n","protected":false},"featured_media":146175,"comment_status":"open","ping_status":"open","template":"","meta":[],"product_brand":[2718],"product_cat":[1187,1181,1186],"product_tag":[1468],"class_list":{"0":"post-111990","1":"product","2":"type-product","3":"status-publish","4":"has-post-thumbnail","6":"product_brand-joomunited","7":"product_cat-administration-wordpress-plugins","8":"product_cat-plugins","9":"product_cat-wordpress-plugins","10":"product_tag-joomunited","11":"member-discount","12":"discount-restricted","14":"first","15":"instock","16":"sale","17":"downloadable","18":"virtual","19":"sold-individually","20":"purchasable","21":"product-type-simple"},"_links":{"self":[{"href":"https:\/\/gpl-love.com\/fr\/wp-json\/wp\/v2\/product\/111990","targetHints":{"allow":["GET"]}}],"collection":[{"href":"https:\/\/gpl-love.com\/fr\/wp-json\/wp\/v2\/product"}],"about":[{"href":"https:\/\/gpl-love.com\/fr\/wp-json\/wp\/v2\/types\/product"}],"replies":[{"embeddable":true,"href":"https:\/\/gpl-love.com\/fr\/wp-json\/wp\/v2\/comments?post=111990"}],"wp:featuredmedia":[{"embeddable":true,"href":"https:\/\/gpl-love.com\/fr\/wp-json\/wp\/v2\/media\/146175"}],"wp:attachment":[{"href":"https:\/\/gpl-love.com\/fr\/wp-json\/wp\/v2\/media?parent=111990"}],"wp:term":[{"taxonomy":"product_brand","embeddable":true,"href":"https:\/\/gpl-love.com\/fr\/wp-json\/wp\/v2\/product_brand?post=111990"},{"taxonomy":"product_cat","embeddable":true,"href":"https:\/\/gpl-love.com\/fr\/wp-json\/wp\/v2\/product_cat?post=111990"},{"taxonomy":"product_tag","embeddable":true,"href":"https:\/\/gpl-love.com\/fr\/wp-json\/wp\/v2\/product_tag?post=111990"}],"curies":[{"name":"wp","href":"https:\/\/api.w.org\/{rel}","templated":true}]}}