{"id":111988,"date":"2026-04-18T00:00:00","date_gmt":"2026-04-17T22:00:00","guid":{"rendered":"http:\/\/gpl-love.com\/fr\/produit\/wp-media-folder-folders-in-wordpress-media-library\/"},"modified":"2026-04-19T00:31:24","modified_gmt":"2026-04-18T22:31:24","slug":"wp-media-folder-folders-in-wordpress-media-library","status":"publish","type":"product","link":"https:\/\/gpl-love.com\/fr\/produit\/wp-media-folder-folders-in-wordpress-media-library\/","title":{"rendered":"WP Media Folder in WordPress Media Library 6.2.2"},"content":{"rendered":"<h3>WP Media Folder in WordPress Media Library Traits<\/h3>\n<p>WP Media Dossier, un plugin WordPress tr\u00e8s efficace, am\u00e9liore consid\u00e9rablement la fonctionnalit\u00e9 de la biblioth\u00e8que multim\u00e9dia en organisant habilement des fichiers multim\u00e9dias en dossiers m\u00e9ticuleusement structur\u00e9s et commod\u00e9ment accessibles. La polyvalence de ce plugin extraordinaire permet aux utilisateurs de cr\u00e9er sans effort un nombre illimit\u00e9 de dossiers et de sous-dossiers, facilitant la gestion transparente des fichiers. Notamment, WP Media Dossier offre m\u00eame la capacit\u00e9 remarquable de d\u00e9placer et de copier sans effort des fichiers entre les dossiers, tout en synchronisant de mani\u00e8re transparente avec des services de stockage \u00e0 distance \u00e9minents tels que Dropbox et Google Drive. De plus, le dossier WP Media poss\u00e8de un \u00e9ventail impressionnant de fonctionnalit\u00e9s avanc\u00e9es, y compris la compression d&rsquo;images, le filigrane et le redimensionnement d&rsquo;images, ce qui le rend une solution globale pour la gestion m\u00e9ticuleuse de vos pr\u00e9cieux fichiers multim\u00e9dias. L&rsquo;interface de glisser-d\u00e9poser tr\u00e8s intuitive, coupl\u00e9e \u00e0 ses param\u00e8tres extr\u00eamement conviviaux, culmine dans une exp\u00e9rience utilisateur in\u00e9gal\u00e9e, rationalisant la t\u00e2che ardue de g\u00e9rer le contenu multim\u00e9dia sur votre illustre site Web WordPress.<\/p>\n<ul>\n<li>Biblioth\u00e8que de m\u00e9dias organis\u00e9e avec des dossiers pour g\u00e9rer et trouver facilement des fichiers<\/li>\n<li>Interface de tra\u00een\u00e9e et de d\u00e9pression conviviale pour l&rsquo;organisation des m\u00e9dias<\/li>\n<li>Capacit\u00e9 \u00e0 cr\u00e9er des dossiers illimit\u00e9s pour l&rsquo;organisation des m\u00e9dias<\/li>\n<li>Recherchez rapidement des images bas\u00e9es sur un dossier ou un mot-cl\u00e9<\/li>\n<li>Prise en charge de plusieurs types de fichiers, y compris les images, les vid\u00e9os et l&rsquo;audio<\/li>\n<li>Compatible avec les constructeurs de pages populaires pour l&rsquo;int\u00e9gration transparente<\/li>\n<li>Option pour ajouter des m\u00e9tadonn\u00e9es personnalis\u00e9es pour les fichiers individuels<\/li>\n<li>Am\u00e9lioration des performances du site Web avec des temps de chargement plus rapides pour les m\u00e9dias<\/li>\n<li>Contr\u00f4le d&rsquo;acc\u00e8s s\u00e9curis\u00e9 avec des autorisations de dossier pour diff\u00e9rents r\u00f4les utilisateur<\/li>\n<li>Synchronisation automatique avec des services de stockage cloud tels que Google Drive et Dropbox.<\/li>\n<\/ul>\n","protected":false},"excerpt":{"rendered":"<p>Mettez \u00e0 niveau votre biblioth\u00e8que de m\u00e9dias WordPress avec le plugin de dossier WP Media, un outil remarquablement robuste qui vous permet d&rsquo;am\u00e9liorer l&rsquo;organisation et l&rsquo;administration de vos fichiers multim\u00e9dias via la cr\u00e9ation de dossiers personnalis\u00e9s, la synchronisation transparente avec les services cloud et la possibilit\u00e9 d&rsquo;int\u00e9grer des m\u00e9tadonn\u00e9es dans votre images et vid\u00e9os. Offrez des adieux \u00e0 la t\u00e2che fastidieuse de passer au crible d&rsquo;innombrables fichiers et de r\u00e9volutionner vos prouesses de gestion des m\u00e9dias avec les capacit\u00e9s in\u00e9gal\u00e9es offertes par le dossier WP Media.<\/p>\n","protected":false},"featured_media":146177,"comment_status":"open","ping_status":"open","template":"","meta":[],"product_brand":[2718],"product_cat":[1187,1181,1186],"product_tag":[1468],"class_list":{"0":"post-111988","1":"product","2":"type-product","3":"status-publish","4":"has-post-thumbnail","6":"product_brand-joomunited","7":"product_cat-administration-wordpress-plugins","8":"product_cat-plugins","9":"product_cat-wordpress-plugins","10":"product_tag-joomunited","11":"member-discount","12":"discount-restricted","14":"first","15":"instock","16":"sale","17":"downloadable","18":"virtual","19":"sold-individually","20":"purchasable","21":"product-type-simple"},"_links":{"self":[{"href":"https:\/\/gpl-love.com\/fr\/wp-json\/wp\/v2\/product\/111988","targetHints":{"allow":["GET"]}}],"collection":[{"href":"https:\/\/gpl-love.com\/fr\/wp-json\/wp\/v2\/product"}],"about":[{"href":"https:\/\/gpl-love.com\/fr\/wp-json\/wp\/v2\/types\/product"}],"replies":[{"embeddable":true,"href":"https:\/\/gpl-love.com\/fr\/wp-json\/wp\/v2\/comments?post=111988"}],"wp:featuredmedia":[{"embeddable":true,"href":"https:\/\/gpl-love.com\/fr\/wp-json\/wp\/v2\/media\/146177"}],"wp:attachment":[{"href":"https:\/\/gpl-love.com\/fr\/wp-json\/wp\/v2\/media?parent=111988"}],"wp:term":[{"taxonomy":"product_brand","embeddable":true,"href":"https:\/\/gpl-love.com\/fr\/wp-json\/wp\/v2\/product_brand?post=111988"},{"taxonomy":"product_cat","embeddable":true,"href":"https:\/\/gpl-love.com\/fr\/wp-json\/wp\/v2\/product_cat?post=111988"},{"taxonomy":"product_tag","embeddable":true,"href":"https:\/\/gpl-love.com\/fr\/wp-json\/wp\/v2\/product_tag?post=111988"}],"curies":[{"name":"wp","href":"https:\/\/api.w.org\/{rel}","templated":true}]}}