{"id":111983,"date":"2025-11-14T00:00:00","date_gmt":"2025-11-13T23:00:00","guid":{"rendered":"http:\/\/gpl-love.com\/fr\/produit\/jnews-wordpress-newspaper-magazine-blog-amp-theme\/"},"modified":"2026-03-20T23:21:06","modified_gmt":"2026-03-20T22:21:06","slug":"jnews-wordpress-newspaper-magazine-blog-amp-theme","status":"publish","type":"product","link":"https:\/\/gpl-love.com\/fr\/produit\/jnews-wordpress-newspaper-magazine-blog-amp-theme\/","title":{"rendered":"JNews WordPress Newspaper Magazine Blog AMP Theme 12.0.2"},"content":{"rendered":"<h3>JNews WordPress Newspaper Magazine Blog AMP Theme Traits<\/h3>\n<p>JNews, un th\u00e8me WordPress incroyablement polyvalent, a \u00e9t\u00e9 complicit\u00e9 pour r\u00e9pondre sp\u00e9cifiquement aux besoins des journaux, des magazines et des blogs. B\u00e9n\u00e9ficiant d&rsquo;une pl\u00e9thore de fonctionnalit\u00e9s et de fonctionnalit\u00e9s avanc\u00e9es, ce th\u00e8me vous permet de fournir sans effort un contenu riche et captivant \u00e0 vos lecteurs estim\u00e9s. L&rsquo;une de ses qualit\u00e9s remarquables est son support in\u00e9branlable pour la technologie Google AMP tr\u00e8s recherch\u00e9e, qui garantit que votre site Web se charge rapidement et de mani\u00e8re transparente sur une pl\u00e9thore d&rsquo;appareils mobiles. Cette capacit\u00e9 est de la plus haute importance lorsqu&rsquo;il s&rsquo;agit de conserver les utilisateurs, car les sites Web \u00e0 chargement lent sont souvent rencontr\u00e9s par la frustration et rapidement abandonn\u00e9s. De plus, JNews est \u00e9quip\u00e9 d&rsquo;une myriade de mod\u00e8les et de dispositions personnalisables pr\u00e9-con\u00e7us, vous offrant l&rsquo;occasion inestimable de cr\u00e9er un site Web vraiment unique et d\u00e9gage un professionnalisme sans avoir besoin de prouesses de codage. Comme si cela n&rsquo;\u00e9tait pas assez impressionnant, ce th\u00e8me impeccable a \u00e9galement \u00e9t\u00e9 m\u00e9ticuleusement optimis\u00e9 \u00e0 des fins de r\u00e9f\u00e9rencement, ce qui signifie que les moteurs de recherche indexeront sans effort votre contenu captivant, conduisant \u00e0 une augmentation substantielle du trafic vers votre demeure en ligne ch\u00e9ri. Que vous vous identifiiez comme un \u00e9diteur distingu\u00e9, un journaliste chevronn\u00e9 ou un blogueur passionn\u00e9, JNews est un choix exemplaire lorsqu&rsquo;il s&rsquo;agit de cr\u00e9er un site Web extr\u00eamement dynamique et sans faille qui se distingue sans effort de la comp\u00e9tition.<\/p>\n<ul>\n<li>Un th\u00e8me WordPress visuellement \u00e9tonnant con\u00e7u sp\u00e9cifiquement pour les sites Web de nouvelles, les magazines et les blogs.<\/li>\n<li>Comprend une disposition enti\u00e8rement personnalisable qui vous permet de cr\u00e9er un site Web unique et dynamique.<\/li>\n<li>Comprend un constructeur de page int\u00e9gr\u00e9 qui vous permet de cr\u00e9er des pages complexes sans aucune exp\u00e9rience de codage.<\/li>\n<li>Livr\u00e9 avec plus de 120 dispositions de page d&rsquo;accueil, vous permettant de cr\u00e9er une disposition professionnelle qui correspond \u00e0 votre marque.<\/li>\n<li>Optimis\u00e9 pour les performances, garantissant que votre site Web se charge rapidement et efficacement.<\/li>\n<li>Prend en charge le format acc\u00e9l\u00e9r\u00e9 des pages mobiles (AMP), garantissant que votre site Web est accessible sur les appareils mobiles.<\/li>\n<li>Comprend une vari\u00e9t\u00e9 de mod\u00e8les int\u00e9gr\u00e9s pour diff\u00e9rentes pages, y compris des pages d&rsquo;auteur, des pages de cat\u00e9gorie et des pages de recherche.<\/li>\n<li>Fournit une gamme d&rsquo;options de personnalisation pour les polices, les couleurs et l&rsquo;image de marque, vous permettant de cr\u00e9er un design coh\u00e9rent qui correspond \u00e0 votre marque.<\/li>\n<li>Comprend un guide de documentation complet et des mises \u00e0 jour r\u00e9guli\u00e8res, en veillant \u00e0 ce que votre site Web reste \u00e0 jour et optimis\u00e9.<\/li>\n<\/ul>\n","protected":false},"excerpt":{"rendered":"<p>Si vous recherchez une solution fiable et polie pour lancer un journal, un magazine ou un blog professionnel, le th\u00e8me WordPress JNEWS se pr\u00e9sente comme une s\u00e9lection optimale. Pr\u00e9sentant une conception adaptable qui s&rsquo;adapte de mani\u00e8re transparente \u00e0 divers appareils, y compris les t\u00e9l\u00e9phones mobiles, les tablettes et les ordinateurs de bureau, ce th\u00e8me se distingue davantage par ses temps de chargement acc\u00e9l\u00e9r\u00e9s, \u00e0 la suite de ses fonctionnalit\u00e9s AMP int\u00e9gr\u00e9es. De plus, le th\u00e8me WordPress JNEWS offre aux utilisateurs des options de personnalisation sans effort, vous accordant la possibilit\u00e9 d&rsquo;adapter l&rsquo;esth\u00e9tique et l&rsquo;atmosph\u00e8re de votre site Web pour s&rsquo;aligner parfaitement avec vos pr\u00e9f\u00e9rences et votre style distincts. Que vous vous trouviez dans les premiers stades d&rsquo;une carri\u00e8re de journalisme, un \u00e9crivain ind\u00e9pendant avec une passionn\u00e9e fervente pour les blogs, ou un \u00e9diteur v\u00e9t\u00e9ran avec une vaste exp\u00e9rience, soyez assur\u00e9 que le th\u00e8me WordPress JNEWS englobe tous les \u00e9l\u00e9ments essentiels n\u00e9cessaires pour propulser votre pr\u00e9sence en ligne \u00e0 sans pr\u00e9c\u00e9dent hauteurs.<\/p>\n","protected":false},"featured_media":144285,"comment_status":"open","ping_status":"open","template":"","meta":[],"product_brand":[2433],"product_cat":[1220,1212,1213],"product_tag":[1366],"class_list":{"0":"post-111983","1":"product","2":"type-product","3":"status-publish","4":"has-post-thumbnail","6":"product_brand-themeforest","7":"product_cat-blog-magazine","8":"product_cat-themes","9":"product_cat-wordpress-themes","10":"product_tag-themeforest","11":"member-discount","12":"discount-restricted","14":"first","15":"instock","16":"sale","17":"downloadable","18":"virtual","19":"sold-individually","20":"purchasable","21":"product-type-simple"},"_links":{"self":[{"href":"https:\/\/gpl-love.com\/fr\/wp-json\/wp\/v2\/product\/111983","targetHints":{"allow":["GET"]}}],"collection":[{"href":"https:\/\/gpl-love.com\/fr\/wp-json\/wp\/v2\/product"}],"about":[{"href":"https:\/\/gpl-love.com\/fr\/wp-json\/wp\/v2\/types\/product"}],"replies":[{"embeddable":true,"href":"https:\/\/gpl-love.com\/fr\/wp-json\/wp\/v2\/comments?post=111983"}],"wp:featuredmedia":[{"embeddable":true,"href":"https:\/\/gpl-love.com\/fr\/wp-json\/wp\/v2\/media\/144285"}],"wp:attachment":[{"href":"https:\/\/gpl-love.com\/fr\/wp-json\/wp\/v2\/media?parent=111983"}],"wp:term":[{"taxonomy":"product_brand","embeddable":true,"href":"https:\/\/gpl-love.com\/fr\/wp-json\/wp\/v2\/product_brand?post=111983"},{"taxonomy":"product_cat","embeddable":true,"href":"https:\/\/gpl-love.com\/fr\/wp-json\/wp\/v2\/product_cat?post=111983"},{"taxonomy":"product_tag","embeddable":true,"href":"https:\/\/gpl-love.com\/fr\/wp-json\/wp\/v2\/product_tag?post=111983"}],"curies":[{"name":"wp","href":"https:\/\/api.w.org\/{rel}","templated":true}]}}