{"id":111981,"date":"2024-06-25T00:00:00","date_gmt":"2024-06-24T22:00:00","guid":{"rendered":"http:\/\/gpl-love.com\/fr\/produit\/totaldesk-helpdesk-live-chat-knowledge-base-and-ticket-system\/"},"modified":"2026-04-10T18:43:45","modified_gmt":"2026-04-10T16:43:45","slug":"totaldesk-helpdesk-live-chat-knowledge-base-and-ticket-system","status":"publish","type":"product","link":"https:\/\/gpl-love.com\/fr\/produit\/totaldesk-helpdesk-live-chat-knowledge-base-and-ticket-system\/","title":{"rendered":"TotalDesk Helpdesk Live Chat Knowledge Base et Ticket System 1.8.1"},"content":{"rendered":"<h3>TotalDesk Helpdesk Live Chat Knowledge Base et Ticket System Traits<\/h3>\n<p>TotalDesk est une solution de support client multifonctionnel qui englobe un large \u00e9ventail de fonctionnalit\u00e9s, telles que Helpdesk, le chat en direct, la base de connaissances et le syst\u00e8me de billets. L&rsquo;objectif principal de cette plate-forme est d&rsquo;optimiser les op\u00e9rations du support client et d&rsquo;am\u00e9liorer la satisfaction du client en fournissant des r\u00e9ponses rapides et une assistance personnalis\u00e9e. Gr\u00e2ce \u00e0 TotalDesk, les entreprises sont autoris\u00e9es \u00e0 g\u00e9rer sans effort les demandes et les demandes de soutien des clients, tout en offrant simultan\u00e9ment des capacit\u00e9s en libre-service via la base de connaissances. La fonctionnalit\u00e9 de chat en direct permet une communication en temps r\u00e9el entre les entreprises et leurs clients, tandis que le syst\u00e8me de billets garantit un suivi et une organisation m\u00e9ticuleux de toutes les interactions. En substance, TotalDesk est une solution compl\u00e8te de soutien client qui s&rsquo;adresse aux entreprises de tailles diverses, facilitant la fourniture d&rsquo;un service client exceptionnel.<\/p>\n<ul>\n<li>Solution de support client tout-en-un<\/li>\n<li>Chat en direct en temps r\u00e9el pour une assistance client imm\u00e9diate<\/li>\n<li>Base de connaissances facilement consultable pour une aide en libre-service<\/li>\n<li>Syst\u00e8me de billets efficace pour les demandes de clients organis\u00e9es<\/li>\n<li>Personnalisable avec des options de marque et de conception<\/li>\n<li>Interface conviviale pour les clients et les agents de support<\/li>\n<li>Mobile r\u00e9actif pour l&rsquo;accessibilit\u00e9 sur plusieurs appareils<\/li>\n<li>Int\u00e9gration avec les plateformes de CRM et de messagerie populaires<\/li>\n<li>Reportage complet et analyse pour am\u00e9liorer les performances de soutien<\/li>\n<li>Prise en charge multi-langues pour les clients internationaux.<\/li>\n<\/ul>\n","protected":false},"excerpt":{"rendered":"<p>Le TotalDesk Helpdesk est une solution multiforme et globale, r\u00e9pondant aux besoins complexes des entreprises \u00e0 la recherche d&rsquo;un syst\u00e8me de billetterie robuste, d&rsquo;un support de chat en direct et d&rsquo;une abondance de ressources de base de connaissances. Une plate-forme inventive et avant-gardiste, elle sert de conduit pour acc\u00e9l\u00e9rer et rationaliser les op\u00e9rations de support client, offrant aux entreprises la possibilit\u00e9 de naviguer sans effort dans le labyrinthe des demandes et des pr\u00e9occupations des clients. Son interface conviviale permet aux \u00e9quipes de g\u00e9rer habilement et rapidement les billets clients, aborde rapidement les requ\u00eates de chat en direct et maintiennent m\u00e9ticuleusement une base de connaissances en constante \u00e9volution pour une r\u00e9f\u00e9rence facile. Sans aucun doute, le TotalDesk Helpdesk appara\u00eet comme une r\u00e9solution in\u00e9gal\u00e9e et id\u00e9ale pour les entreprises qui s&rsquo;efforcent d&rsquo;ex\u00e9cuter des pratiques de service \u00e0 la client\u00e8le efficaces et efficaces.<\/p>\n","protected":false},"featured_media":145602,"comment_status":"open","ping_status":"open","template":"","meta":[],"product_brand":[2435],"product_cat":[1187,1181,1186],"product_tag":[1231],"class_list":{"0":"post-111981","1":"product","2":"type-product","3":"status-publish","4":"has-post-thumbnail","6":"product_brand-codecanyon","7":"product_cat-administration-wordpress-plugins","8":"product_cat-plugins","9":"product_cat-wordpress-plugins","10":"product_tag-codecanyon","11":"member-discount","12":"discount-restricted","14":"first","15":"instock","16":"sale","17":"downloadable","18":"virtual","19":"sold-individually","20":"purchasable","21":"product-type-simple"},"_links":{"self":[{"href":"https:\/\/gpl-love.com\/fr\/wp-json\/wp\/v2\/product\/111981","targetHints":{"allow":["GET"]}}],"collection":[{"href":"https:\/\/gpl-love.com\/fr\/wp-json\/wp\/v2\/product"}],"about":[{"href":"https:\/\/gpl-love.com\/fr\/wp-json\/wp\/v2\/types\/product"}],"replies":[{"embeddable":true,"href":"https:\/\/gpl-love.com\/fr\/wp-json\/wp\/v2\/comments?post=111981"}],"wp:featuredmedia":[{"embeddable":true,"href":"https:\/\/gpl-love.com\/fr\/wp-json\/wp\/v2\/media\/145602"}],"wp:attachment":[{"href":"https:\/\/gpl-love.com\/fr\/wp-json\/wp\/v2\/media?parent=111981"}],"wp:term":[{"taxonomy":"product_brand","embeddable":true,"href":"https:\/\/gpl-love.com\/fr\/wp-json\/wp\/v2\/product_brand?post=111981"},{"taxonomy":"product_cat","embeddable":true,"href":"https:\/\/gpl-love.com\/fr\/wp-json\/wp\/v2\/product_cat?post=111981"},{"taxonomy":"product_tag","embeddable":true,"href":"https:\/\/gpl-love.com\/fr\/wp-json\/wp\/v2\/product_tag?post=111981"}],"curies":[{"name":"wp","href":"https:\/\/api.w.org\/{rel}","templated":true}]}}