{"id":111979,"date":"2026-03-16T00:00:00","date_gmt":"2026-03-15T23:00:00","guid":{"rendered":"http:\/\/gpl-love.com\/fr\/produit\/powerpack-for-beaver-builder\/"},"modified":"2026-04-10T18:36:49","modified_gmt":"2026-04-10T16:36:49","slug":"powerpack-for-beaver-builder","status":"publish","type":"product","link":"https:\/\/gpl-love.com\/fr\/produit\/powerpack-for-beaver-builder\/","title":{"rendered":"PowerPack pour Beaver Builder 2.42.0"},"content":{"rendered":"<h3>PowerPack pour Beaver Builder Traits<\/h3>\n<p>Le PowerPack for Beaver Builder est un plugin indispensable pour les personnes qui utilisent Beaver Builder comme plate-forme incontournable pour construire des sites Web WordPress. Ce plugin remarquablement puissant incorpore une gamme \u00e9tendue de plus de 70 modules, mod\u00e8les et modules de modules personnalis\u00e9s, qui s&rsquo;int\u00e8grent de mani\u00e8re transparente \u00e0 Beaver Builder, offrant ainsi aux utilisateurs un niveau accru d&rsquo;adaptabilit\u00e9 et d&rsquo;autorit\u00e9 sur leur site Web. Arm\u00e9 d&rsquo;un assortiment de fonctionnalit\u00e9s impressionnantes telles que le module Advanced Posts, le module de table de tarification et un assortiment d&rsquo;\u00e9l\u00e9ments de conception uniques comme le flip coffre et le compte \u00e0 rebours, on peut sans effort la mode visuellement captivante et des sites Web hautement fonctionnels sans gaspiller le temps pr\u00e9cieux. De plus, le PowerPack for Beaver Builder est intelligemment con\u00e7u pour \u00eatre pleinement r\u00e9actif, garantissant un attrait visuel optimal \u00e0 travers une myriade de types d&rsquo;appareils. Que l&rsquo;on poss\u00e8de une vaste exp\u00e9rience dans le d\u00e9veloppement Web ou soit un n\u00e9ophyte dans ce domaine, le PowerPack pour le constructeur Beaver reste sans aucun doute une ressource indispensable pour la fabrication rapide et sans effort de fabrication de sites Web de calibre professionnel.<\/p>\n<ul>\n<li>Am\u00e9liorez les performances de la page Web en utilisant le PowerPack pour Beaver Builder.<\/li>\n<li>Am\u00e9liorez la fonctionnalit\u00e9 de Beaver Builder avec des modules et des mod\u00e8les suppl\u00e9mentaires.<\/li>\n<li>Acc\u00e9dez aux fonctionnalit\u00e9s avanc\u00e9es telles que les boutons de partage social, les tables de tarification et un compte \u00e0 rebours.<\/li>\n<li>Optimisez votre page Web pour les moteurs de recherche avec support de balisage de sch\u00e9ma int\u00e9gr\u00e9.<\/li>\n<li>Personnalisez davantage votre page Web avec la possibilit\u00e9 de d\u00e9finir des arri\u00e8re-plans personnalis\u00e9s, des gradients et des effets de survol.<\/li>\n<li>Gagnez du temps avec des mod\u00e8les pr\u00e9d\u00e9finis pour les pages et les sections, permettant une cr\u00e9ation de page rapide et facile.<\/li>\n<li>Rationalisez votre flux de travail avec la conception r\u00e9active, en vous assurant que votre page Web est superbe sur n&rsquo;importe quel appareil.<\/li>\n<li>Ajoutez facilement le code CSS et JavaScript personnalis\u00e9s \u00e0 votre page Web pour des options de personnalisation encore plus avanc\u00e9es.<\/li>\n<li>Recevez des mises \u00e0 jour et des am\u00e9liorations r\u00e9guli\u00e8res du PowerPack pour Beaver Builder pour une optimisation et un support continues.<\/li>\n<\/ul>\n","protected":false},"excerpt":{"rendered":"<p>Le PowerPack for Beaver Builder, un plugin haut de gamme tr\u00e8s estim\u00e9, amplifie consid\u00e9rablement la fonctionnalit\u00e9 du renom Builder Page Builder sp\u00e9cialement adapt\u00e9 \u00e0 WordPress. B\u00e9n\u00e9ficiant d&rsquo;un r\u00e9pertoire impressionnant de plus de 60 modules avanc\u00e9s de mani\u00e8re complexe et de mod\u00e8les m\u00e9ticuleusement con\u00e7us, cet compl\u00e9ment extraordinaire permet m\u00eame aux d\u00e9veloppeurs Web les plus exigeants de fabriquer sans effort des sites Web frappants visuellement. Within the expansive arsenal of the PowerPack, users are granted unparalleled access to a plethora of cutting-edge features, including but not limited to sophisticated typography, captivating image effects, seamless content toggles, seamless integration with various social media platforms, and a cornucopia of Autres outils inestimables. Ind\u00e9pendamment de son niveau de comp\u00e9tence, qu&rsquo;il s&rsquo;agisse de se lancer dans le voyage passionnant de la construction de sites Web ou de poss\u00e9der une ma\u00eetrise assaisonn\u00e9e de l&rsquo;engin, le Powerpack for Beaver Builder sert sans \u00e9quivoque d&rsquo;instrument indispensable, ce qui permet aux individus de fabriquer des plates-formes Web commandantes et compl\u00e8tement sur mesure.<\/p>\n","protected":false},"featured_media":145005,"comment_status":"open","ping_status":"open","template":"","meta":[],"product_brand":[2629],"product_cat":[1189,1181,1186],"product_tag":[2229],"class_list":{"0":"post-111979","1":"product","2":"type-product","3":"status-publish","4":"has-post-thumbnail","6":"product_brand-beaver-addons","7":"product_cat-personnalisation","8":"product_cat-plugins","9":"product_cat-wordpress-plugins","10":"product_tag-beaver-addons","11":"member-discount","12":"discount-restricted","14":"first","15":"instock","16":"sale","17":"downloadable","18":"virtual","19":"sold-individually","20":"purchasable","21":"product-type-simple"},"_links":{"self":[{"href":"https:\/\/gpl-love.com\/fr\/wp-json\/wp\/v2\/product\/111979","targetHints":{"allow":["GET"]}}],"collection":[{"href":"https:\/\/gpl-love.com\/fr\/wp-json\/wp\/v2\/product"}],"about":[{"href":"https:\/\/gpl-love.com\/fr\/wp-json\/wp\/v2\/types\/product"}],"replies":[{"embeddable":true,"href":"https:\/\/gpl-love.com\/fr\/wp-json\/wp\/v2\/comments?post=111979"}],"wp:featuredmedia":[{"embeddable":true,"href":"https:\/\/gpl-love.com\/fr\/wp-json\/wp\/v2\/media\/145005"}],"wp:attachment":[{"href":"https:\/\/gpl-love.com\/fr\/wp-json\/wp\/v2\/media?parent=111979"}],"wp:term":[{"taxonomy":"product_brand","embeddable":true,"href":"https:\/\/gpl-love.com\/fr\/wp-json\/wp\/v2\/product_brand?post=111979"},{"taxonomy":"product_cat","embeddable":true,"href":"https:\/\/gpl-love.com\/fr\/wp-json\/wp\/v2\/product_cat?post=111979"},{"taxonomy":"product_tag","embeddable":true,"href":"https:\/\/gpl-love.com\/fr\/wp-json\/wp\/v2\/product_tag?post=111979"}],"curies":[{"name":"wp","href":"https:\/\/api.w.org\/{rel}","templated":true}]}}